{"id":11084,"date":"2025-10-09T00:00:00","date_gmt":"2025-10-08T22:00:00","guid":{"rendered":"https:\/\/yotavis.ch\/product\/it6132b\/"},"modified":"2026-04-24T13:48:49","modified_gmt":"2026-04-24T11:48:49","slug":"it6132b","status":"publish","type":"product","link":"https:\/\/yotavis.ch\/fr\/produit\/it6132b\/","title":{"rendered":"IT6132B"},"content":{"rendered":"<p>L'ITECH IT6132B est un bloc d'alimentation DC avec une tension de sortie maximale de 30 volts et une capacit\u00e9 de courant de 5 amp\u00e8res, d\u00e9livrant jusqu'\u00e0 150 watts de puissance. Il dispose d'un seul canal de sortie, ce qui le rend adapt\u00e9 aux applications n\u00e9cessitant une source d'alimentation stable et pr\u00e9cise. L'appareil est dot\u00e9 d'une fonction de commande \u00e0 distance, ce qui permet aux utilisateurs de l'utiliser \u00e0 distance pour plus de commodit\u00e9 et de flexibilit\u00e9. Les options de connectivit\u00e9 comprennent les interfaces standard RS232 et USB, permettant une int\u00e9gration facile avec divers syst\u00e8mes de contr\u00f4le et ordinateurs. Ce bloc d'alimentation est con\u00e7u pour fournir des performances fiables avec la tension et l'intensit\u00e9 nominales sp\u00e9cifi\u00e9es. Sa conception compacte et ses options d'interface lui permettent de s'adapter \u00e0 diff\u00e9rents environnements de test et de d\u00e9veloppement. L'IT6132B est con\u00e7u pour r\u00e9pondre aux besoins des utilisateurs qui n\u00e9cessitent une alimentation CC contr\u00f4l\u00e9e avec des capacit\u00e9s de fonctionnement \u00e0 distance.<\/p>","protected":false},"excerpt":{"rendered":"<p>DC PSU  30V\/5A\/150W, standard RS232\/USB interface<\/p>","protected":false},"featured_media":11544,"comment_status":"closed","ping_status":"closed","template":"","meta":{"_acf_changed":false,"slim_seo":{"title":"IT6132B - YOTAVIS AG","description":"Alimentation DC 30V\/5A\/150W, interface standard RS232\/USB"}},"product_brand":[822],"product_cat":[516,515],"product_tag":[],"class_list":{"0":"post-11084","1":"product","2":"type-product","3":"status-publish","4":"has-post-thumbnail","6":"product_brand-itech","7":"product_cat-dc-source-en","8":"product_cat-power-en","9":"pa_current-a-392","10":"pa_output-number-146","11":"pa_power-w-391","12":"pa_remote-control-yes","13":"pa_voltage-v-145","15":"first","16":"instock","17":"taxable","18":"shipping-taxable","19":"product-type-simple"},"acf":[],"_links":{"self":[{"href":"https:\/\/yotavis.ch\/fr\/wp-json\/wp\/v2\/product\/11084","targetHints":{"allow":["GET"]}}],"collection":[{"href":"https:\/\/yotavis.ch\/fr\/wp-json\/wp\/v2\/product"}],"about":[{"href":"https:\/\/yotavis.ch\/fr\/wp-json\/wp\/v2\/types\/product"}],"replies":[{"embeddable":true,"href":"https:\/\/yotavis.ch\/fr\/wp-json\/wp\/v2\/comments?post=11084"}],"wp:featuredmedia":[{"embeddable":true,"href":"https:\/\/yotavis.ch\/fr\/wp-json\/wp\/v2\/media\/11544"}],"wp:attachment":[{"href":"https:\/\/yotavis.ch\/fr\/wp-json\/wp\/v2\/media?parent=11084"}],"wp:term":[{"taxonomy":"product_brand","embeddable":true,"href":"https:\/\/yotavis.ch\/fr\/wp-json\/wp\/v2\/product_brand?post=11084"},{"taxonomy":"product_cat","embeddable":true,"href":"https:\/\/yotavis.ch\/fr\/wp-json\/wp\/v2\/product_cat?post=11084"},{"taxonomy":"product_tag","embeddable":true,"href":"https:\/\/yotavis.ch\/fr\/wp-json\/wp\/v2\/product_tag?post=11084"}],"curies":[{"name":"wp","href":"https:\/\/api.w.org\/{rel}","templated":true}]}}