{"id":11086,"date":"2025-10-09T00:00:00","date_gmt":"2025-10-08T22:00:00","guid":{"rendered":"https:\/\/yotavis.ch\/product\/it6121bg\/"},"modified":"2026-04-24T13:48:49","modified_gmt":"2026-04-24T11:48:49","slug":"it6121bg","status":"publish","type":"product","link":"https:\/\/yotavis.ch\/fr\/produit\/it6121bg\/","title":{"rendered":"IT6121B(G)"},"content":{"rendered":"<p>L'ITECH IT6121B(G) est un bloc d'alimentation DC con\u00e7u pour d\u00e9livrer une sortie stable de 20 volts et 5 amp\u00e8res, fournissant une puissance totale de 100 watts. Il dispose d'un seul canal de sortie, ce qui le rend adapt\u00e9 aux applications n\u00e9cessitant une source d'alimentation simple. Ce mod\u00e8le est dot\u00e9 d'une interface GPIB, ce qui permet de le commander \u00e0 distance et de l'int\u00e9grer dans des syst\u00e8mes de test automatis\u00e9s. La capacit\u00e9 de contr\u00f4le \u00e0 distance am\u00e9liore la flexibilit\u00e9 op\u00e9rationnelle, permettant aux utilisateurs de g\u00e9rer les param\u00e8tres de l'alimentation \u00e0 distance. Gr\u00e2ce \u00e0 ses valeurs nominales de tension et de courant, l'IT6121B(G) peut prendre en charge une grande vari\u00e9t\u00e9 d'appareils \u00e9lectroniques et de sc\u00e9narios de test. L'unit\u00e9 est con\u00e7ue pour maintenir des performances constantes dans les limites de sa puissance nominale, ce qui garantit un fonctionnement fiable. Sa conception est ax\u00e9e sur la fourniture d'une alimentation CC pr\u00e9cise avec la commodit\u00e9 de l'accessibilit\u00e9 \u00e0 distance.<\/p>","protected":false},"excerpt":{"rendered":"<p>Alimentation DC 20V\/5A\/100W avec interface GPIB<\/p>","protected":false},"featured_media":11544,"comment_status":"closed","ping_status":"closed","template":"","meta":{"_acf_changed":false,"slim_seo":{"title":"IT6121B(G) - YOTAVIS AG","description":"Alimentation DC 20V\/5A\/100W avec interface GPIB"}},"product_brand":[822],"product_cat":[516,515],"product_tag":[],"class_list":{"0":"post-11086","1":"product","2":"type-product","3":"status-publish","4":"has-post-thumbnail","6":"product_brand-itech","7":"product_cat-dc-source-en","8":"product_cat-power-en","9":"pa_current-a-392","10":"pa_output-number-146","11":"pa_power-w-481","12":"pa_remote-control-yes","13":"pa_voltage-v-315","15":"first","16":"instock","17":"taxable","18":"shipping-taxable","19":"product-type-simple"},"acf":[],"_links":{"self":[{"href":"https:\/\/yotavis.ch\/fr\/wp-json\/wp\/v2\/product\/11086","targetHints":{"allow":["GET"]}}],"collection":[{"href":"https:\/\/yotavis.ch\/fr\/wp-json\/wp\/v2\/product"}],"about":[{"href":"https:\/\/yotavis.ch\/fr\/wp-json\/wp\/v2\/types\/product"}],"replies":[{"embeddable":true,"href":"https:\/\/yotavis.ch\/fr\/wp-json\/wp\/v2\/comments?post=11086"}],"wp:featuredmedia":[{"embeddable":true,"href":"https:\/\/yotavis.ch\/fr\/wp-json\/wp\/v2\/media\/11544"}],"wp:attachment":[{"href":"https:\/\/yotavis.ch\/fr\/wp-json\/wp\/v2\/media?parent=11086"}],"wp:term":[{"taxonomy":"product_brand","embeddable":true,"href":"https:\/\/yotavis.ch\/fr\/wp-json\/wp\/v2\/product_brand?post=11086"},{"taxonomy":"product_cat","embeddable":true,"href":"https:\/\/yotavis.ch\/fr\/wp-json\/wp\/v2\/product_cat?post=11086"},{"taxonomy":"product_tag","embeddable":true,"href":"https:\/\/yotavis.ch\/fr\/wp-json\/wp\/v2\/product_tag?post=11086"}],"curies":[{"name":"wp","href":"https:\/\/api.w.org\/{rel}","templated":true}]}}