{"id":11087,"date":"2025-10-09T00:00:00","date_gmt":"2025-10-08T22:00:00","guid":{"rendered":"https:\/\/yotavis.ch\/product\/it6122bg\/"},"modified":"2026-04-24T13:48:49","modified_gmt":"2026-04-24T11:48:49","slug":"it6122bg","status":"publish","type":"product","link":"https:\/\/yotavis.ch\/fr\/produit\/it6122bg\/","title":{"rendered":"IT6122B(G)"},"content":{"rendered":"<p>L'IT6122B(G) est un bloc d'alimentation DC avec une tension de sortie maximale de 32 volts et une capacit\u00e9 de courant de 3 amp\u00e8res, d\u00e9livrant une puissance totale de 96 watts. Il dispose d'un seul canal de sortie, ce qui permet d'alimenter directement les appareils connect\u00e9s. Ce mod\u00e8le prend en charge la fonctionnalit\u00e9 de contr\u00f4le \u00e0 distance, permettant aux utilisateurs de faire fonctionner l'alimentation \u00e0 distance pour plus de commodit\u00e9 et de flexibilit\u00e9. L'unit\u00e9 est \u00e9quip\u00e9e d'une interface GPIB, qui facilite la communication et le contr\u00f4le par le biais de protocoles d'instrumentation standardis\u00e9s. Con\u00e7u par ITECH, l'IT6122B(G) combine des sp\u00e9cifications \u00e9lectriques essentielles avec des capacit\u00e9s d'interface pour r\u00e9pondre \u00e0 diverses exigences de test et d'exploitation. Sa configuration permet des r\u00e9glages pr\u00e9cis de la tension et du courant dans les limites sp\u00e9cifi\u00e9es, ce qui le rend adapt\u00e9 aux applications qui n\u00e9cessitent une alimentation CC contr\u00f4l\u00e9e. L'inclusion d'une t\u00e9l\u00e9commande et d'une interface GPIB am\u00e9liore son utilisation dans les environnements de test automatis\u00e9s.<\/p>","protected":false},"excerpt":{"rendered":"<p>Alimentation DC 32V\/3A\/96W avec interface GPIB<\/p>","protected":false},"featured_media":11544,"comment_status":"closed","ping_status":"closed","template":"","meta":{"_acf_changed":false,"slim_seo":{"title":"IT6122B(G) - YOTAVIS AG","description":"Alimentation DC 32V\/3A\/96W avec interface GPIB"}},"product_brand":[822],"product_cat":[516,515],"product_tag":[],"class_list":{"0":"post-11087","1":"product","2":"type-product","3":"status-publish","4":"has-post-thumbnail","6":"product_brand-itech","7":"product_cat-dc-source-en","8":"product_cat-power-en","9":"pa_current-a-485","10":"pa_output-number-146","11":"pa_power-w-968","12":"pa_remote-control-yes","13":"pa_voltage-v-140","15":"first","16":"instock","17":"taxable","18":"shipping-taxable","19":"product-type-simple"},"acf":[],"_links":{"self":[{"href":"https:\/\/yotavis.ch\/fr\/wp-json\/wp\/v2\/product\/11087","targetHints":{"allow":["GET"]}}],"collection":[{"href":"https:\/\/yotavis.ch\/fr\/wp-json\/wp\/v2\/product"}],"about":[{"href":"https:\/\/yotavis.ch\/fr\/wp-json\/wp\/v2\/types\/product"}],"replies":[{"embeddable":true,"href":"https:\/\/yotavis.ch\/fr\/wp-json\/wp\/v2\/comments?post=11087"}],"wp:featuredmedia":[{"embeddable":true,"href":"https:\/\/yotavis.ch\/fr\/wp-json\/wp\/v2\/media\/11544"}],"wp:attachment":[{"href":"https:\/\/yotavis.ch\/fr\/wp-json\/wp\/v2\/media?parent=11087"}],"wp:term":[{"taxonomy":"product_brand","embeddable":true,"href":"https:\/\/yotavis.ch\/fr\/wp-json\/wp\/v2\/product_brand?post=11087"},{"taxonomy":"product_cat","embeddable":true,"href":"https:\/\/yotavis.ch\/fr\/wp-json\/wp\/v2\/product_cat?post=11087"},{"taxonomy":"product_tag","embeddable":true,"href":"https:\/\/yotavis.ch\/fr\/wp-json\/wp\/v2\/product_tag?post=11087"}],"curies":[{"name":"wp","href":"https:\/\/api.w.org\/{rel}","templated":true}]}}