{"id":11090,"date":"2025-10-09T00:00:00","date_gmt":"2025-10-08T22:00:00","guid":{"rendered":"https:\/\/yotavis.ch\/product\/it6133bg\/"},"modified":"2026-04-24T13:48:50","modified_gmt":"2026-04-24T11:48:50","slug":"it6133bg","status":"publish","type":"product","link":"https:\/\/yotavis.ch\/fr\/produit\/it6133bg\/","title":{"rendered":"IT6133B(G)"},"content":{"rendered":"<p>L'IT6133B(G) est une unit\u00e9 d'alimentation en courant continu avec une tension de sortie maximale de 60 volts et une capacit\u00e9 de courant de 2,5 amp\u00e8res, d\u00e9livrant une puissance totale de 150 watts. Il est dot\u00e9 d'un seul canal de sortie, ce qui permet une alimentation directe dans diverses applications. Ce mod\u00e8le est \u00e9quip\u00e9 d'une interface GPIB, permettant des capacit\u00e9s de contr\u00f4le \u00e0 distance pour une plus grande flexibilit\u00e9 op\u00e9rationnelle. L'inclusion d'une fonctionnalit\u00e9 de contr\u00f4le \u00e0 distance permet aux utilisateurs de g\u00e9rer les param\u00e8tres de l'alimentation \u00e0 distance, ce qui facilite l'int\u00e9gration dans les syst\u00e8mes de test automatis\u00e9s. L'alimentation est con\u00e7ue pour fournir un courant continu stable et fiable, adapt\u00e9 aux environnements de laboratoire et industriels. Sa conception compacte et ses options d'interface lui permettent de s'adapter \u00e0 diff\u00e9rentes configurations n\u00e9cessitant un contr\u00f4le pr\u00e9cis de la tension et du courant. L'IT6133B(G) combine les caract\u00e9ristiques essentielles d'une gestion efficace de l'alimentation avec la commodit\u00e9 d'un fonctionnement \u00e0 distance.<\/p>","protected":false},"excerpt":{"rendered":"<p>Alimentation DC 60V\/2.5A \/150W avec interface GPIB<\/p>","protected":false},"featured_media":11544,"comment_status":"closed","ping_status":"closed","template":"","meta":{"_acf_changed":false,"slim_seo":{"title":"IT6133B(G) - YOTAVIS AG","description":"Alimentation DC 60V\/2.5A \/150W avec interface GPIB"}},"product_brand":[822],"product_cat":[516,515],"product_tag":[],"class_list":{"0":"post-11090","1":"product","2":"type-product","3":"status-publish","4":"has-post-thumbnail","6":"product_brand-itech","7":"product_cat-dc-source-en","8":"product_cat-power-en","9":"pa_current-a-2-5","10":"pa_output-number-146","11":"pa_power-w-391","12":"pa_remote-control-yes","13":"pa_voltage-v-314","15":"first","16":"instock","17":"taxable","18":"shipping-taxable","19":"product-type-simple"},"acf":[],"_links":{"self":[{"href":"https:\/\/yotavis.ch\/fr\/wp-json\/wp\/v2\/product\/11090","targetHints":{"allow":["GET"]}}],"collection":[{"href":"https:\/\/yotavis.ch\/fr\/wp-json\/wp\/v2\/product"}],"about":[{"href":"https:\/\/yotavis.ch\/fr\/wp-json\/wp\/v2\/types\/product"}],"replies":[{"embeddable":true,"href":"https:\/\/yotavis.ch\/fr\/wp-json\/wp\/v2\/comments?post=11090"}],"wp:featuredmedia":[{"embeddable":true,"href":"https:\/\/yotavis.ch\/fr\/wp-json\/wp\/v2\/media\/11544"}],"wp:attachment":[{"href":"https:\/\/yotavis.ch\/fr\/wp-json\/wp\/v2\/media?parent=11090"}],"wp:term":[{"taxonomy":"product_brand","embeddable":true,"href":"https:\/\/yotavis.ch\/fr\/wp-json\/wp\/v2\/product_brand?post=11090"},{"taxonomy":"product_cat","embeddable":true,"href":"https:\/\/yotavis.ch\/fr\/wp-json\/wp\/v2\/product_cat?post=11090"},{"taxonomy":"product_tag","embeddable":true,"href":"https:\/\/yotavis.ch\/fr\/wp-json\/wp\/v2\/product_tag?post=11090"}],"curies":[{"name":"wp","href":"https:\/\/api.w.org\/{rel}","templated":true}]}}