{"id":11092,"date":"2025-10-09T00:00:00","date_gmt":"2025-10-08T22:00:00","guid":{"rendered":"https:\/\/yotavis.ch\/product\/it6932a\/"},"modified":"2026-04-24T13:48:51","modified_gmt":"2026-04-24T11:48:51","slug":"it6932a","status":"publish","type":"product","link":"https:\/\/yotavis.ch\/fr\/produit\/it6932a\/","title":{"rendered":"IT6932A"},"content":{"rendered":"<p>L'IT6932A est un bloc d'alimentation DC avec une tension de sortie maximale de 60 volts et une capacit\u00e9 de courant de 10 amp\u00e8res, d\u00e9livrant une puissance totale de 200 watts. Il se caract\u00e9rise par une conception en demi-rack 2U, ce qui permet de l'int\u00e9grer dans des racks d'\u00e9quipement standard. Ce mod\u00e8le comprend un seul canal de sortie, ce qui permet d'alimenter directement les appareils connect\u00e9s. L'unit\u00e9 prend en charge la fonctionnalit\u00e9 de contr\u00f4le \u00e0 distance, ce qui permet de l'utiliser et de la surveiller \u00e0 distance. Pour la connectivit\u00e9, il est \u00e9quip\u00e9 d'interfaces standard RS232 et USB, facilitant la communication avec divers syst\u00e8mes de contr\u00f4le et ordinateurs. La conception et les sp\u00e9cifications de l'IT6932A en font une option d'alimentation polyvalente pour les applications n\u00e9cessitant une gestion pr\u00e9cise de l'alimentation en courant continu.<\/p>","protected":false},"excerpt":{"rendered":"<p>Alimentation DC 60V \/ 10A \/200W, demi-rack 2U, interface standard RS232\/USB<\/p>","protected":false},"featured_media":11577,"comment_status":"closed","ping_status":"closed","template":"","meta":{"_acf_changed":false,"slim_seo":{"title":"IT6932A - YOTAVIS AG","description":"Alimentation DC 60V \/ 10A \/200W, demi-rack 2U, interface standard RS232\/USB"}},"product_brand":[822],"product_cat":[516,515],"product_tag":[],"class_list":{"0":"post-11092","1":"product","2":"type-product","3":"status-publish","4":"has-post-thumbnail","6":"product_brand-itech","7":"product_cat-dc-source-en","8":"product_cat-power-en","9":"pa_current-a-397","10":"pa_output-number-146","11":"pa_power-w-414","12":"pa_remote-control-yes","13":"pa_voltage-v-314","15":"first","16":"instock","17":"taxable","18":"shipping-taxable","19":"product-type-simple"},"acf":[],"_links":{"self":[{"href":"https:\/\/yotavis.ch\/fr\/wp-json\/wp\/v2\/product\/11092","targetHints":{"allow":["GET"]}}],"collection":[{"href":"https:\/\/yotavis.ch\/fr\/wp-json\/wp\/v2\/product"}],"about":[{"href":"https:\/\/yotavis.ch\/fr\/wp-json\/wp\/v2\/types\/product"}],"replies":[{"embeddable":true,"href":"https:\/\/yotavis.ch\/fr\/wp-json\/wp\/v2\/comments?post=11092"}],"wp:featuredmedia":[{"embeddable":true,"href":"https:\/\/yotavis.ch\/fr\/wp-json\/wp\/v2\/media\/11577"}],"wp:attachment":[{"href":"https:\/\/yotavis.ch\/fr\/wp-json\/wp\/v2\/media?parent=11092"}],"wp:term":[{"taxonomy":"product_brand","embeddable":true,"href":"https:\/\/yotavis.ch\/fr\/wp-json\/wp\/v2\/product_brand?post=11092"},{"taxonomy":"product_cat","embeddable":true,"href":"https:\/\/yotavis.ch\/fr\/wp-json\/wp\/v2\/product_cat?post=11092"},{"taxonomy":"product_tag","embeddable":true,"href":"https:\/\/yotavis.ch\/fr\/wp-json\/wp\/v2\/product_tag?post=11092"}],"curies":[{"name":"wp","href":"https:\/\/api.w.org\/{rel}","templated":true}]}}