{"id":11094,"date":"2025-10-09T00:00:00","date_gmt":"2025-10-08T22:00:00","guid":{"rendered":"https:\/\/yotavis.ch\/product\/it6942a\/"},"modified":"2026-04-24T13:48:52","modified_gmt":"2026-04-24T11:48:52","slug":"it6942a","status":"publish","type":"product","link":"https:\/\/yotavis.ch\/fr\/produit\/it6942a\/","title":{"rendered":"IT6942A"},"content":{"rendered":"<p>L'IT6942A est un bloc d'alimentation DC avec une tension de sortie maximale de 60 volts et une capacit\u00e9 de courant de 15 amp\u00e8res, d\u00e9livrant une puissance totale de 360 watts. Il pr\u00e9sente une conception demi-rack 2U, ce qui permet de l'int\u00e9grer dans des racks d'\u00e9quipement standard. Ce mod\u00e8le comprend un seul canal de sortie, ce qui permet une distribution cibl\u00e9e de la puissance. L'appareil est dot\u00e9 d'une fonction de contr\u00f4le \u00e0 distance, ce qui permet de l'utiliser et de le surveiller \u00e0 distance. Les options de connectivit\u00e9 comprennent les interfaces standard RS232 et USB, facilitant la communication et le contr\u00f4le avec divers syst\u00e8mes. L'alimentation est con\u00e7ue par ITECH, une marque connue pour ses \u00e9quipements de test \u00e9lectroniques. Sa configuration et ses sp\u00e9cifications en font un choix pratique pour les applications n\u00e9cessitant une alimentation en courant continu stable avec des capacit\u00e9s de gestion \u00e0 distance.<\/p>","protected":false},"excerpt":{"rendered":"<p>Alimentation DC 60V \/ 15A \/360W, demi-rack 2U, interface standard RS232\/USB<\/p>","protected":false},"featured_media":11577,"comment_status":"closed","ping_status":"closed","template":"","meta":{"_acf_changed":false,"slim_seo":{"title":"IT6942A - YOTAVIS AG","description":"Alimentation DC 60V \/ 15A \/360W, demi-rack 2U, interface standard RS232\/USB"}},"product_brand":[822],"product_cat":[516,515],"product_tag":[],"class_list":{"0":"post-11094","1":"product","2":"type-product","3":"status-publish","4":"has-post-thumbnail","6":"product_brand-itech","7":"product_cat-dc-source-en","8":"product_cat-power-en","9":"pa_current-a-410","10":"pa_output-number-146","11":"pa_power-w-403","12":"pa_remote-control-yes","13":"pa_voltage-v-314","15":"first","16":"instock","17":"taxable","18":"shipping-taxable","19":"product-type-simple"},"acf":[],"_links":{"self":[{"href":"https:\/\/yotavis.ch\/fr\/wp-json\/wp\/v2\/product\/11094","targetHints":{"allow":["GET"]}}],"collection":[{"href":"https:\/\/yotavis.ch\/fr\/wp-json\/wp\/v2\/product"}],"about":[{"href":"https:\/\/yotavis.ch\/fr\/wp-json\/wp\/v2\/types\/product"}],"replies":[{"embeddable":true,"href":"https:\/\/yotavis.ch\/fr\/wp-json\/wp\/v2\/comments?post=11094"}],"wp:featuredmedia":[{"embeddable":true,"href":"https:\/\/yotavis.ch\/fr\/wp-json\/wp\/v2\/media\/11577"}],"wp:attachment":[{"href":"https:\/\/yotavis.ch\/fr\/wp-json\/wp\/v2\/media?parent=11094"}],"wp:term":[{"taxonomy":"product_brand","embeddable":true,"href":"https:\/\/yotavis.ch\/fr\/wp-json\/wp\/v2\/product_brand?post=11094"},{"taxonomy":"product_cat","embeddable":true,"href":"https:\/\/yotavis.ch\/fr\/wp-json\/wp\/v2\/product_cat?post=11094"},{"taxonomy":"product_tag","embeddable":true,"href":"https:\/\/yotavis.ch\/fr\/wp-json\/wp\/v2\/product_tag?post=11094"}],"curies":[{"name":"wp","href":"https:\/\/api.w.org\/{rel}","templated":true}]}}