{"id":11097,"date":"2025-10-09T00:00:00","date_gmt":"2025-10-08T22:00:00","guid":{"rendered":"https:\/\/yotavis.ch\/product\/it6922ag\/"},"modified":"2026-04-24T13:48:53","modified_gmt":"2026-04-24T11:48:53","slug":"it6922ag","status":"publish","type":"product","link":"https:\/\/yotavis.ch\/fr\/produit\/it6922ag\/","title":{"rendered":"IT6922A(G)"},"content":{"rendered":"<p>L'ITECH IT6922A(G) est une unit\u00e9 d'alimentation DC con\u00e7ue pour d\u00e9livrer une sortie maximale de 60 volts et 5 amp\u00e8res, fournissant une capacit\u00e9 de puissance totale de 100 watts. Il est dot\u00e9 d'un seul canal de sortie, ce qui permet un fonctionnement et une connexion simples. Ce mod\u00e8le prend en charge la fonctionnalit\u00e9 de contr\u00f4le \u00e0 distance, ce qui permet aux utilisateurs de g\u00e9rer l'appareil \u00e0 distance pour plus de commodit\u00e9 et d'int\u00e9gration dans les syst\u00e8mes automatis\u00e9s. L'alimentation est \u00e9quip\u00e9e d'une interface GPIB, facilitant la communication et le contr\u00f4le par le biais de protocoles d'instrumentation standard. Sa conception est ax\u00e9e sur la fourniture d'une alimentation en courant continu stable et fiable, adapt\u00e9e \u00e0 diverses applications n\u00e9cessitant des r\u00e9glages pr\u00e9cis de la tension et du courant. La combinaison de ses sp\u00e9cifications de tension, de courant et de puissance la rend adapt\u00e9e aux tests, au d\u00e9veloppement et \u00e0 d'autres environnements techniques o\u00f9 la fourniture d'une alimentation contr\u00f4l\u00e9e est essentielle. L'inclusion d'options de commande \u00e0 distance et d'interface GPIB souligne son adaptabilit\u00e9 \u00e0 une utilisation dans des configurations complexes et des sc\u00e9narios de test automatis\u00e9s.<\/p>","protected":false},"excerpt":{"rendered":"<p>Alimentation DC 60V \/ 5A \/100W avec interface GPIB<\/p>","protected":false},"featured_media":11577,"comment_status":"closed","ping_status":"closed","template":"","meta":{"_acf_changed":false,"slim_seo":{"title":"IT6922A(G) - YOTAVIS AG","description":"Alimentation DC 60V \/ 5A \/100W avec interface GPIB"}},"product_brand":[822],"product_cat":[516,515],"product_tag":[],"class_list":{"0":"post-11097","1":"product","2":"type-product","3":"status-publish","4":"has-post-thumbnail","6":"product_brand-itech","7":"product_cat-dc-source-en","8":"product_cat-power-en","9":"pa_current-a-392","10":"pa_output-number-146","11":"pa_power-w-481","12":"pa_remote-control-yes","13":"pa_voltage-v-314","15":"first","16":"instock","17":"taxable","18":"shipping-taxable","19":"product-type-simple"},"acf":[],"_links":{"self":[{"href":"https:\/\/yotavis.ch\/fr\/wp-json\/wp\/v2\/product\/11097","targetHints":{"allow":["GET"]}}],"collection":[{"href":"https:\/\/yotavis.ch\/fr\/wp-json\/wp\/v2\/product"}],"about":[{"href":"https:\/\/yotavis.ch\/fr\/wp-json\/wp\/v2\/types\/product"}],"replies":[{"embeddable":true,"href":"https:\/\/yotavis.ch\/fr\/wp-json\/wp\/v2\/comments?post=11097"}],"wp:featuredmedia":[{"embeddable":true,"href":"https:\/\/yotavis.ch\/fr\/wp-json\/wp\/v2\/media\/11577"}],"wp:attachment":[{"href":"https:\/\/yotavis.ch\/fr\/wp-json\/wp\/v2\/media?parent=11097"}],"wp:term":[{"taxonomy":"product_brand","embeddable":true,"href":"https:\/\/yotavis.ch\/fr\/wp-json\/wp\/v2\/product_brand?post=11097"},{"taxonomy":"product_cat","embeddable":true,"href":"https:\/\/yotavis.ch\/fr\/wp-json\/wp\/v2\/product_cat?post=11097"},{"taxonomy":"product_tag","embeddable":true,"href":"https:\/\/yotavis.ch\/fr\/wp-json\/wp\/v2\/product_tag?post=11097"}],"curies":[{"name":"wp","href":"https:\/\/api.w.org\/{rel}","templated":true}]}}