{"id":11099,"date":"2025-10-09T00:00:00","date_gmt":"2025-10-08T22:00:00","guid":{"rendered":"https:\/\/yotavis.ch\/product\/it6933ag\/"},"modified":"2026-04-24T13:48:54","modified_gmt":"2026-04-24T11:48:54","slug":"it6933ag","status":"publish","type":"product","link":"https:\/\/yotavis.ch\/fr\/produit\/it6933ag\/","title":{"rendered":"IT6933A(G)"},"content":{"rendered":"<p>L'ITECH IT6933A(G) est une unit\u00e9 d'alimentation en courant continu con\u00e7ue pour d\u00e9livrer une tension de sortie maximale de 150 volts et un courant allant jusqu'\u00e0 5 amp\u00e8res, fournissant une puissance totale de 200 watts. Il est dot\u00e9 d'un seul canal de sortie, ce qui permet un fonctionnement et une connexion simples. Ce mod\u00e8le prend en charge la fonctionnalit\u00e9 de contr\u00f4le \u00e0 distance, ce qui permet aux utilisateurs de g\u00e9rer l'appareil \u00e0 distance pour plus de commodit\u00e9 et d'int\u00e9gration dans les syst\u00e8mes automatis\u00e9s. En outre, l'IT6933A(G) est \u00e9quip\u00e9 d'une interface GPIB, qui facilite la communication et le contr\u00f4le par le biais de protocoles d'instrumentation standard. La combinaison de ses sp\u00e9cifications en mati\u00e8re de tension, de courant et de puissance le rend adapt\u00e9 \u00e0 diverses applications n\u00e9cessitant une alimentation en courant continu stable et pr\u00e9cise. La conception de l'appareil est ax\u00e9e sur la fiabilit\u00e9 des performances et la possibilit\u00e9 de l'int\u00e9grer dans des installations de test et de mesure complexes. Ses options d'interface et ses caract\u00e9ristiques de sortie garantissent la compatibilit\u00e9 avec une gamme d'\u00e9quipements \u00e9lectroniques et d'environnements de test.<\/p>","protected":false},"excerpt":{"rendered":"<p>DC PSU 150V \/ 5A \/200W  with GPIB interface<\/p>","protected":false},"featured_media":12179,"comment_status":"closed","ping_status":"closed","template":"","meta":{"_acf_changed":false,"slim_seo":{"title":"IT6933A(G) - YOTAVIS AG","description":"Alimentation DC 150V \/ 5A \/200W avec interface GPIB"}},"product_brand":[822],"product_cat":[516,515],"product_tag":[],"class_list":{"0":"post-11099","1":"product","2":"type-product","3":"status-publish","4":"has-post-thumbnail","6":"product_brand-itech","7":"product_cat-dc-source-en","8":"product_cat-power-en","9":"pa_current-a-392","10":"pa_output-number-146","11":"pa_power-w-414","12":"pa_remote-control-yes","13":"pa_voltage-v-150","15":"first","16":"instock","17":"taxable","18":"shipping-taxable","19":"product-type-simple"},"acf":[],"_links":{"self":[{"href":"https:\/\/yotavis.ch\/fr\/wp-json\/wp\/v2\/product\/11099","targetHints":{"allow":["GET"]}}],"collection":[{"href":"https:\/\/yotavis.ch\/fr\/wp-json\/wp\/v2\/product"}],"about":[{"href":"https:\/\/yotavis.ch\/fr\/wp-json\/wp\/v2\/types\/product"}],"replies":[{"embeddable":true,"href":"https:\/\/yotavis.ch\/fr\/wp-json\/wp\/v2\/comments?post=11099"}],"wp:featuredmedia":[{"embeddable":true,"href":"https:\/\/yotavis.ch\/fr\/wp-json\/wp\/v2\/media\/12179"}],"wp:attachment":[{"href":"https:\/\/yotavis.ch\/fr\/wp-json\/wp\/v2\/media?parent=11099"}],"wp:term":[{"taxonomy":"product_brand","embeddable":true,"href":"https:\/\/yotavis.ch\/fr\/wp-json\/wp\/v2\/product_brand?post=11099"},{"taxonomy":"product_cat","embeddable":true,"href":"https:\/\/yotavis.ch\/fr\/wp-json\/wp\/v2\/product_cat?post=11099"},{"taxonomy":"product_tag","embeddable":true,"href":"https:\/\/yotavis.ch\/fr\/wp-json\/wp\/v2\/product_tag?post=11099"}],"curies":[{"name":"wp","href":"https:\/\/api.w.org\/{rel}","templated":true}]}}