{"id":11101,"date":"2025-10-09T00:00:00","date_gmt":"2025-10-08T22:00:00","guid":{"rendered":"https:\/\/yotavis.ch\/product\/it6952ag\/"},"modified":"2026-04-24T13:48:54","modified_gmt":"2026-04-24T11:48:54","slug":"it6952ag","status":"publish","type":"product","link":"https:\/\/yotavis.ch\/fr\/produit\/it6952ag\/","title":{"rendered":"IT6952A(G)"},"content":{"rendered":"<p>L'IT6952A(G) est une unit\u00e9 d'alimentation en courant continu capable de fournir jusqu'\u00e0 60 volts et 25 amp\u00e8res, avec une puissance de sortie maximale de 600 watts. Il est dot\u00e9 d'un seul canal de sortie, ce qui permet de fournir une puissance cibl\u00e9e et contr\u00f4l\u00e9e. Ce mod\u00e8le prend en charge la fonctionnalit\u00e9 de contr\u00f4le \u00e0 distance, permettant aux utilisateurs de faire fonctionner l'appareil \u00e0 distance pour plus de commodit\u00e9 et de flexibilit\u00e9. L'alimentation est \u00e9quip\u00e9e d'une interface GPIB, facilitant la communication et l'int\u00e9gration avec d'autres instruments ou syst\u00e8mes de test automatis\u00e9s. Con\u00e7ue pour r\u00e9pondre \u00e0 divers besoins op\u00e9rationnels et de test, l'IT6952A(G) fournit une alimentation CC fiable avec des r\u00e9glages pr\u00e9cis de la tension et du courant. Ses sp\u00e9cifications le rendent adapt\u00e9 aux applications n\u00e9cessitant des sources d'alimentation stables et r\u00e9glables dans les limites de tension et de courant indiqu\u00e9es.<\/p>","protected":false},"excerpt":{"rendered":"<p>Alimentation DC 60V \/ 25A \/600W avec interface GPIB<\/p>","protected":false},"featured_media":11577,"comment_status":"closed","ping_status":"closed","template":"","meta":{"_acf_changed":false,"slim_seo":{"title":"IT6952A(G) - YOTAVIS AG","description":"Alimentation DC 60V \/ 25A \/600W avec interface GPIB"}},"product_brand":[822],"product_cat":[516,515],"product_tag":[],"class_list":{"0":"post-11101","1":"product","2":"type-product","3":"status-publish","4":"has-post-thumbnail","6":"product_brand-itech","7":"product_cat-dc-source-en","8":"product_cat-power-en","9":"pa_current-a-401","10":"pa_output-number-146","11":"pa_power-w-582","12":"pa_remote-control-yes","13":"pa_voltage-v-314","15":"first","16":"instock","17":"taxable","18":"shipping-taxable","19":"product-type-simple"},"acf":[],"_links":{"self":[{"href":"https:\/\/yotavis.ch\/fr\/wp-json\/wp\/v2\/product\/11101","targetHints":{"allow":["GET"]}}],"collection":[{"href":"https:\/\/yotavis.ch\/fr\/wp-json\/wp\/v2\/product"}],"about":[{"href":"https:\/\/yotavis.ch\/fr\/wp-json\/wp\/v2\/types\/product"}],"replies":[{"embeddable":true,"href":"https:\/\/yotavis.ch\/fr\/wp-json\/wp\/v2\/comments?post=11101"}],"wp:featuredmedia":[{"embeddable":true,"href":"https:\/\/yotavis.ch\/fr\/wp-json\/wp\/v2\/media\/11577"}],"wp:attachment":[{"href":"https:\/\/yotavis.ch\/fr\/wp-json\/wp\/v2\/media?parent=11101"}],"wp:term":[{"taxonomy":"product_brand","embeddable":true,"href":"https:\/\/yotavis.ch\/fr\/wp-json\/wp\/v2\/product_brand?post=11101"},{"taxonomy":"product_cat","embeddable":true,"href":"https:\/\/yotavis.ch\/fr\/wp-json\/wp\/v2\/product_cat?post=11101"},{"taxonomy":"product_tag","embeddable":true,"href":"https:\/\/yotavis.ch\/fr\/wp-json\/wp\/v2\/product_tag?post=11101"}],"curies":[{"name":"wp","href":"https:\/\/api.w.org\/{rel}","templated":true}]}}