{"id":11103,"date":"2025-10-09T00:00:00","date_gmt":"2025-10-08T22:00:00","guid":{"rendered":"https:\/\/yotavis.ch\/product\/it7321\/"},"modified":"2026-04-24T13:48:57","modified_gmt":"2026-04-24T11:48:57","slug":"it7321","status":"publish","type":"product","link":"https:\/\/yotavis.ch\/fr\/produit\/it7321\/","title":{"rendered":"IT7321"},"content":{"rendered":"<p>L'ITECH IT7321 est un bloc d'alimentation CA con\u00e7u pour fournir jusqu'\u00e0 300 watts de puissance avec une tension maximale de 300 volts et une capacit\u00e9 de courant de 3 amp\u00e8res. Il supporte un seul canal de sortie et fonctionne sur une source d'alimentation monophas\u00e9e. L'appareil est capable de fournir deux r\u00e9glages de tension et de courant : 150V\/3A et 300V\/1,5A, ce qui permet une alimentation flexible en fonction des exigences de l'application. Il est dot\u00e9 d'une fonction de commande \u00e0 distance, ce qui permet aux utilisateurs de commander l'unit\u00e9 \u00e0 distance pour des raisons de commodit\u00e9 et de s\u00e9curit\u00e9. La fr\u00e9quence maximale support\u00e9e par cette alimentation est de 500 Hz, ce qui la rend adapt\u00e9e \u00e0 divers sc\u00e9narios de test de l'alimentation en courant alternatif. Avec une puissance nominale de 300 VA, l'IT7321 est con\u00e7u pour g\u00e9rer efficacement des charges de puissance mod\u00e9r\u00e9e. Cette combinaison de sp\u00e9cifications de tension, de courant et de fr\u00e9quence fait de l'IT7321 un outil polyvalent pour les applications n\u00e9cessitant une entr\u00e9e d'alimentation CA contr\u00f4l\u00e9e.<\/p>","protected":false},"excerpt":{"rendered":"<p>Alimentation AC 150V\/300V, 3A\/1.5A 300VA,1\u03c6<\/p>","protected":false},"featured_media":12185,"comment_status":"closed","ping_status":"closed","template":"","meta":{"_acf_changed":false,"slim_seo":{"title":"IT7321 - YOTAVIS AG","description":"Alimentation AC 150V\/300V, 3A\/1.5A 300VA,1\u03c6"}},"product_brand":[822],"product_cat":[609,515],"product_tag":[],"class_list":{"0":"post-11103","1":"product","2":"type-product","3":"status-publish","4":"has-post-thumbnail","6":"product_brand-itech","7":"product_cat-ac-source-en","8":"product_cat-power-en","9":"pa_current-a-485","10":"pa_max-frequency-hz-1020","11":"pa_output-number-146","12":"pa_power-w-416","13":"pa_remote-control-yes","14":"pa_voltage-v-624","16":"first","17":"instock","18":"taxable","19":"shipping-taxable","20":"product-type-simple"},"acf":[],"_links":{"self":[{"href":"https:\/\/yotavis.ch\/fr\/wp-json\/wp\/v2\/product\/11103","targetHints":{"allow":["GET"]}}],"collection":[{"href":"https:\/\/yotavis.ch\/fr\/wp-json\/wp\/v2\/product"}],"about":[{"href":"https:\/\/yotavis.ch\/fr\/wp-json\/wp\/v2\/types\/product"}],"replies":[{"embeddable":true,"href":"https:\/\/yotavis.ch\/fr\/wp-json\/wp\/v2\/comments?post=11103"}],"wp:featuredmedia":[{"embeddable":true,"href":"https:\/\/yotavis.ch\/fr\/wp-json\/wp\/v2\/media\/12185"}],"wp:attachment":[{"href":"https:\/\/yotavis.ch\/fr\/wp-json\/wp\/v2\/media?parent=11103"}],"wp:term":[{"taxonomy":"product_brand","embeddable":true,"href":"https:\/\/yotavis.ch\/fr\/wp-json\/wp\/v2\/product_brand?post=11103"},{"taxonomy":"product_cat","embeddable":true,"href":"https:\/\/yotavis.ch\/fr\/wp-json\/wp\/v2\/product_cat?post=11103"},{"taxonomy":"product_tag","embeddable":true,"href":"https:\/\/yotavis.ch\/fr\/wp-json\/wp\/v2\/product_tag?post=11103"}],"curies":[{"name":"wp","href":"https:\/\/api.w.org\/{rel}","templated":true}]}}