{"id":12420,"date":"2025-10-09T00:00:00","date_gmt":"2025-10-08T22:00:00","guid":{"rendered":"https:\/\/yotavis.ch\/product\/sdg3162x\/"},"modified":"2026-04-24T13:36:56","modified_gmt":"2026-04-24T11:36:56","slug":"sdg3162x","status":"publish","type":"product","link":"https:\/\/yotavis.ch\/fr\/produit\/sdg3162x\/","title":{"rendered":"SDG3162X"},"content":{"rendered":"<p>Le SDG3162X est dot\u00e9 d'un \u00e9cran tactile de 7 pouces et fonctionne \u00e0 une fr\u00e9quence de 160 MHz. Il prend en charge une r\u00e9solution verticale de 16 bits et comprend 2 canaux de sortie de signal. L'appareil offre un taux d'\u00e9chantillonnage \u00e9lev\u00e9 de 1,2 GSa\/s, ce qui permet de g\u00e9n\u00e9rer des formes d'onde d\u00e9taill\u00e9es avec une profondeur de m\u00e9moire de 20 Mpts par canal, qui peut \u00eatre \u00e9tendue \u00e0 40 Mpts en option. Il offre une amplitude maximale de \u00b110 V, ce qui permet une large gamme de niveaux de signaux. Le SDG3162X comprend des modes de modulation tels que ASK, PSK, FSK et QAM, ce qui le rend polyvalent pour diverses applications de g\u00e9n\u00e9ration de signaux. De plus, il est livr\u00e9 avec le logiciel SigIQPro qui facilite la cr\u00e9ation et l'\u00e9dition de signaux vectoriels. L'appareil prend en charge les fonctions de balayage et de rafale, avec un temps de transition minimum de 3 ns et une largeur d'impulsion minimum de 8 ns.<\/p>","protected":false},"excerpt":{"rendered":"<p>160 MHz; 7&#8221; touch screen,16-bit, 2 channels; 1.2 GSa\/s; wave length: 20 Mpts\/CH (40Mpts optional), maximum amplitude \u00b110 V, Includes modulation modes such as ASK, PSK, FSK and QAM. SigIQPro software provides vector signal creation and editing<\/p>","protected":false},"featured_media":13016,"comment_status":"closed","ping_status":"closed","template":"","meta":{"_acf_changed":false,"slim_seo":{"title":"SDG3162X - YOTAVIS AG","description":"160 MHz; 7'' touch screen,16-bit, 2 channels; 1.2 GSa\/s; wave length: 20 Mpts\/CH (40Mpts optional), maximum amplitude \u00b110 V, Includes modulation modes such as A"}},"product_brand":[506],"product_cat":[1189,541,513],"product_tag":[],"class_list":{"0":"post-12420","1":"product","2":"type-product","3":"status-publish","4":"has-post-thumbnail","6":"product_brand-siglent","7":"product_cat-afg","8":"product_cat-awg","9":"product_cat-generator","10":"pa_amplitude-v-106","11":"pa_burst-yes","12":"pa_channels-350","13":"pa_frequency-mhz-1028","14":"pa_memory-mpts-1029","15":"pa_pulse-width-min-ns-1027","16":"pa_sampling-rate-ms-s-297","17":"pa_sweep-yes","18":"pa_transition-time-min-ns-743","19":"pa_vertical-resolution-bits-125","21":"first","22":"instock","23":"taxable","24":"shipping-taxable","25":"product-type-simple"},"acf":[],"_links":{"self":[{"href":"https:\/\/yotavis.ch\/fr\/wp-json\/wp\/v2\/product\/12420","targetHints":{"allow":["GET"]}}],"collection":[{"href":"https:\/\/yotavis.ch\/fr\/wp-json\/wp\/v2\/product"}],"about":[{"href":"https:\/\/yotavis.ch\/fr\/wp-json\/wp\/v2\/types\/product"}],"replies":[{"embeddable":true,"href":"https:\/\/yotavis.ch\/fr\/wp-json\/wp\/v2\/comments?post=12420"}],"wp:featuredmedia":[{"embeddable":true,"href":"https:\/\/yotavis.ch\/fr\/wp-json\/wp\/v2\/media\/13016"}],"wp:attachment":[{"href":"https:\/\/yotavis.ch\/fr\/wp-json\/wp\/v2\/media?parent=12420"}],"wp:term":[{"taxonomy":"product_brand","embeddable":true,"href":"https:\/\/yotavis.ch\/fr\/wp-json\/wp\/v2\/product_brand?post=12420"},{"taxonomy":"product_cat","embeddable":true,"href":"https:\/\/yotavis.ch\/fr\/wp-json\/wp\/v2\/product_cat?post=12420"},{"taxonomy":"product_tag","embeddable":true,"href":"https:\/\/yotavis.ch\/fr\/wp-json\/wp\/v2\/product_tag?post=12420"}],"curies":[{"name":"wp","href":"https:\/\/api.w.org\/{rel}","templated":true}]}}