{"id":12424,"date":"2025-10-09T00:00:00","date_gmt":"2025-10-08T22:00:00","guid":{"rendered":"https:\/\/yotavis.ch\/product\/pxb20k-50\/"},"modified":"2026-04-24T13:36:58","modified_gmt":"2026-04-24T11:36:58","slug":"pxb20k-50","status":"publish","type":"product","link":"https:\/\/yotavis.ch\/fr\/produit\/pxb20k-50\/","title":{"rendered":"PXB20K-50"},"content":{"rendered":"<p>Le Kikusui PXB20K-50 est un bloc d'alimentation bidirectionnel \u00e0 courant continu d'une puissance de 20 000 watts. Elle fonctionne dans une plage de tension de 0 \u00e0 50 volts et peut d\u00e9livrer un courant maximal de 800 amp\u00e8res. Ce mod\u00e8le est dot\u00e9 d'un seul canal de sortie, ce qui permet une distribution cibl\u00e9e de la puissance. La capacit\u00e9 de commande \u00e0 distance est incluse, ce qui permet aux utilisateurs de faire fonctionner l'appareil \u00e0 distance pour plus de commodit\u00e9 et de flexibilit\u00e9. L'alimentation est con\u00e7ue pour g\u00e9rer des applications de haute puissance n\u00e9cessitant un contr\u00f4le pr\u00e9cis de la tension et du courant. Sa fonctionnalit\u00e9 bidirectionnelle lui permet d'\u00eatre \u00e0 la fois source et puits de courant, ce qui la rend adapt\u00e9e \u00e0 une grande vari\u00e9t\u00e9 de sc\u00e9narios de test et d'exploitation. La combinaison d'une puissance, d'une tension et d'un courant nominaux \u00e9lev\u00e9s fait de cette unit\u00e9 un choix robuste pour les environnements \u00e9lectriques exigeants.<\/p>","protected":false},"excerpt":{"rendered":"<p>Alimentation DC bi-directionnelle, 20kW, 0 \u00e0 50V<\/p>","protected":false},"featured_media":13222,"comment_status":"closed","ping_status":"closed","template":"","meta":{"_acf_changed":false,"slim_seo":{"title":"PXB20K-50 - YOTAVIS AG","description":"Alimentation DC bi-directionnelle, 20kW, 0 \u00e0 50V"}},"product_brand":[551],"product_cat":[546,515],"product_tag":[],"class_list":{"0":"post-12424","1":"product","2":"type-product","3":"status-publish","4":"has-post-thumbnail","6":"product_brand-kikusui","7":"product_cat-dc-2-quadrants-en","8":"product_cat-power-en","9":"pa_current-a-1031","10":"pa_output-number-146","11":"pa_power-w-640","12":"pa_remote-control-yes","13":"pa_voltage-v-154","15":"first","16":"instock","17":"taxable","18":"shipping-taxable","19":"product-type-simple"},"acf":[],"_links":{"self":[{"href":"https:\/\/yotavis.ch\/fr\/wp-json\/wp\/v2\/product\/12424","targetHints":{"allow":["GET"]}}],"collection":[{"href":"https:\/\/yotavis.ch\/fr\/wp-json\/wp\/v2\/product"}],"about":[{"href":"https:\/\/yotavis.ch\/fr\/wp-json\/wp\/v2\/types\/product"}],"replies":[{"embeddable":true,"href":"https:\/\/yotavis.ch\/fr\/wp-json\/wp\/v2\/comments?post=12424"}],"wp:featuredmedia":[{"embeddable":true,"href":"https:\/\/yotavis.ch\/fr\/wp-json\/wp\/v2\/media\/13222"}],"wp:attachment":[{"href":"https:\/\/yotavis.ch\/fr\/wp-json\/wp\/v2\/media?parent=12424"}],"wp:term":[{"taxonomy":"product_brand","embeddable":true,"href":"https:\/\/yotavis.ch\/fr\/wp-json\/wp\/v2\/product_brand?post=12424"},{"taxonomy":"product_cat","embeddable":true,"href":"https:\/\/yotavis.ch\/fr\/wp-json\/wp\/v2\/product_cat?post=12424"},{"taxonomy":"product_tag","embeddable":true,"href":"https:\/\/yotavis.ch\/fr\/wp-json\/wp\/v2\/product_tag?post=12424"}],"curies":[{"name":"wp","href":"https:\/\/api.w.org\/{rel}","templated":true}]}}