{"id":12433,"date":"2025-10-09T00:00:00","date_gmt":"2025-10-08T22:00:00","guid":{"rendered":"https:\/\/yotavis.ch\/product\/pxt20k-1000\/"},"modified":"2026-04-24T13:37:02","modified_gmt":"2026-04-24T11:37:02","slug":"pxt20k-1000","status":"publish","type":"product","link":"https:\/\/yotavis.ch\/fr\/produit\/pxt20k-1000\/","title":{"rendered":"PXT20K-1000"},"content":{"rendered":"<p>Le Kikusui PXT20K-1000 est un bloc d'alimentation \u00e0 haute capacit\u00e9 d\u00e9livrant 20 000 watts de puissance avec une plage de tension allant jusqu'\u00e0 1000 volts et un courant maximum de 60 amp\u00e8res. Elle est dot\u00e9e d'un seul canal de sortie con\u00e7u pour g\u00e9rer les applications exigeantes n\u00e9cessitant une puissance de sortie substantielle. L'appareil est dot\u00e9 d'une fonction de commande \u00e0 distance, ce qui facilite son utilisation et son int\u00e9gration dans des syst\u00e8mes automatis\u00e9s. Cette alimentation est con\u00e7ue pour fournir une large plage de tension de 0 \u00e0 1000 volts, ce qui la rend adapt\u00e9e \u00e0 divers sc\u00e9narios de test et d'exploitation. Sa conception robuste garantit des performances fiables dans des environnements o\u00f9 la pr\u00e9cision de la fourniture d'\u00e9nergie est essentielle. La combinaison d'une puissance \u00e9lev\u00e9e, d'une large plage de tension et d'une capacit\u00e9 de commande \u00e0 distance fait du PXT20K-1000 un outil polyvalent \u00e0 usage professionnel.<\/p>","protected":false},"excerpt":{"rendered":"<p>Capacit\u00e9 \u00e9lev\u00e9e, large gamme 20kW, 0 \u00e0 1000V<\/p>","protected":false},"featured_media":13236,"comment_status":"closed","ping_status":"closed","template":"","meta":{"_acf_changed":false,"slim_seo":{"title":"PXT20K-1000 - YOTAVIS AG","description":"Capacit\u00e9 \u00e9lev\u00e9e, large gamme 20kW, 0 \u00e0 1000V"}},"product_brand":[551],"product_cat":[516,515],"product_tag":[],"class_list":{"0":"post-12433","1":"product","2":"type-product","3":"status-publish","4":"has-post-thumbnail","6":"product_brand-kikusui","7":"product_cat-dc-source-en","8":"product_cat-power-en","9":"pa_current-a-406","10":"pa_output-number-146","11":"pa_power-w-640","12":"pa_remote-control-yes","13":"pa_voltage-v-639","15":"first","16":"instock","17":"taxable","18":"shipping-taxable","19":"product-type-simple"},"acf":[],"_links":{"self":[{"href":"https:\/\/yotavis.ch\/fr\/wp-json\/wp\/v2\/product\/12433","targetHints":{"allow":["GET"]}}],"collection":[{"href":"https:\/\/yotavis.ch\/fr\/wp-json\/wp\/v2\/product"}],"about":[{"href":"https:\/\/yotavis.ch\/fr\/wp-json\/wp\/v2\/types\/product"}],"replies":[{"embeddable":true,"href":"https:\/\/yotavis.ch\/fr\/wp-json\/wp\/v2\/comments?post=12433"}],"wp:featuredmedia":[{"embeddable":true,"href":"https:\/\/yotavis.ch\/fr\/wp-json\/wp\/v2\/media\/13236"}],"wp:attachment":[{"href":"https:\/\/yotavis.ch\/fr\/wp-json\/wp\/v2\/media?parent=12433"}],"wp:term":[{"taxonomy":"product_brand","embeddable":true,"href":"https:\/\/yotavis.ch\/fr\/wp-json\/wp\/v2\/product_brand?post=12433"},{"taxonomy":"product_cat","embeddable":true,"href":"https:\/\/yotavis.ch\/fr\/wp-json\/wp\/v2\/product_cat?post=12433"},{"taxonomy":"product_tag","embeddable":true,"href":"https:\/\/yotavis.ch\/fr\/wp-json\/wp\/v2\/product_tag?post=12433"}],"curies":[{"name":"wp","href":"https:\/\/api.w.org\/{rel}","templated":true}]}}