{"id":12435,"date":"2025-10-09T00:00:00","date_gmt":"2025-10-08T22:00:00","guid":{"rendered":"https:\/\/yotavis.ch\/product\/bnc-pvc-2506\/"},"modified":"2026-04-24T13:37:21","modified_gmt":"2026-04-24T11:37:21","slug":"bnc-pvc-2506","status":"publish","type":"product","link":"https:\/\/yotavis.ch\/fr\/produit\/bnc-pvc-2506\/","title":{"rendered":"BNC PVC-2506"},"content":{"rendered":"<p>Le BNC PVC-2506 est con\u00e7u pour les applications de mesure I\/V puls\u00e9e. Il fonctionne \u00e0 une fr\u00e9quence de 0,05 MHz et supporte une amplitude de 50 V. Le dispositif pr\u00e9sente un temps de transition minimum de 200 ns et une largeur d'impulsion minimum de 1000 ns. Ces sp\u00e9cifications indiquent qu'il est capable de r\u00e9pondre \u00e0 des exigences de synchronisation pr\u00e9cises dans le cadre de mesures puls\u00e9es. Le produit est fabriqu\u00e9 par BNC, ce qui garantit la coh\u00e9rence de sa conception et de ses performances. Ses param\u00e8tres d\u00e9taill\u00e9s se concentrent sur les caract\u00e9ristiques \u00e9lectriques n\u00e9cessaires \u00e0 une analyse I\/V puls\u00e9e pr\u00e9cise. Ce mod\u00e8le convient aux utilisateurs qui ont besoin d'un contr\u00f4le sp\u00e9cifique de la synchronisation et de l'amplitude des impulsions dans leurs configurations de mesure.<\/p>","protected":false},"excerpt":{"rendered":"<p>BNC PVC-2506 Mesure I\/V puls\u00e9e<\/p>","protected":false},"featured_media":10358,"comment_status":"closed","ping_status":"closed","template":"","meta":{"_acf_changed":false,"slim_seo":{"title":"BNC PVC-2506 - YOTAVIS AG","description":"BNC PVC-2506 Mesure I\/V puls\u00e9e"}},"product_brand":[1202],"product_cat":[513,671],"product_tag":[],"class_list":{"0":"post-12435","1":"product","2":"type-product","3":"status-publish","4":"has-post-thumbnail","6":"product_brand-bnc","7":"product_cat-generator","8":"product_cat-pulse-generator","9":"pa_amplitude-v-672","10":"pa_channels-384","11":"pa_frequency-mhz-0-05","12":"pa_pulse-width-min-ns-755","13":"pa_transition-time-min-ns-754","15":"first","16":"instock","17":"taxable","18":"shipping-taxable","19":"product-type-simple"},"acf":[],"_links":{"self":[{"href":"https:\/\/yotavis.ch\/fr\/wp-json\/wp\/v2\/product\/12435","targetHints":{"allow":["GET"]}}],"collection":[{"href":"https:\/\/yotavis.ch\/fr\/wp-json\/wp\/v2\/product"}],"about":[{"href":"https:\/\/yotavis.ch\/fr\/wp-json\/wp\/v2\/types\/product"}],"replies":[{"embeddable":true,"href":"https:\/\/yotavis.ch\/fr\/wp-json\/wp\/v2\/comments?post=12435"}],"wp:featuredmedia":[{"embeddable":true,"href":"https:\/\/yotavis.ch\/fr\/wp-json\/wp\/v2\/media\/10358"}],"wp:attachment":[{"href":"https:\/\/yotavis.ch\/fr\/wp-json\/wp\/v2\/media?parent=12435"}],"wp:term":[{"taxonomy":"product_brand","embeddable":true,"href":"https:\/\/yotavis.ch\/fr\/wp-json\/wp\/v2\/product_brand?post=12435"},{"taxonomy":"product_cat","embeddable":true,"href":"https:\/\/yotavis.ch\/fr\/wp-json\/wp\/v2\/product_cat?post=12435"},{"taxonomy":"product_tag","embeddable":true,"href":"https:\/\/yotavis.ch\/fr\/wp-json\/wp\/v2\/product_tag?post=12435"}],"curies":[{"name":"wp","href":"https:\/\/api.w.org\/{rel}","templated":true}]}}