{"id":12438,"date":"2025-10-09T00:00:00","date_gmt":"2025-10-08T22:00:00","guid":{"rendered":"https:\/\/yotavis.ch\/product\/mg3710a-034\/"},"modified":"2026-04-24T13:37:22","modified_gmt":"2026-04-24T11:37:22","slug":"mg3710a-034","status":"publish","type":"product","link":"https:\/\/yotavis.ch\/fr\/produit\/mg3710a-034\/","title":{"rendered":"MG3710A-034"},"content":{"rendered":"<p>The Anritsu MG3710A-034 is a vector signal generator that operates over a frequency range from 100 kHz to 4 GHz, with a maximum frequency of 4000 MHz. It delivers an amplitude output of 30 dBm, providing a robust signal level for various testing applications. The device features an IQ bandwidth of 120 MHz, allowing for detailed signal modulation and analysis. Its phase noise performance is rated at -131 dBc\/Hz, indicating the stability and purity of the generated signals. This signal generator is designed to support complex signal generation tasks within its specified frequency and amplitude parameters. The combination of these specifications makes it suitable for use in environments requiring precise and reliable signal generation across a wide frequency spectrum.<\/p>","protected":false},"excerpt":{"rendered":"<p>G\u00e9n\u00e9rateur de signaux vectoriels 100kHz \u00e0 4GHz<\/p>","protected":false},"featured_media":13558,"comment_status":"closed","ping_status":"closed","template":"","meta":{"_acf_changed":false,"slim_seo":{"title":"MG3710A-034 - YOTAVIS AG","description":"G\u00e9n\u00e9rateur de signaux vectoriels 100kHz \u00e0 4GHz"}},"product_brand":[758],"product_cat":[513,522],"product_tag":[],"class_list":{"0":"post-12438","1":"product","2":"type-product","3":"status-publish","4":"has-post-thumbnail","6":"product_brand-anritsu","7":"product_cat-generator","8":"product_cat-rf-vector-generator","9":"pa_amplitude-dbm-276","10":"pa_channels-384","11":"pa_frequency-mhz-174","12":"pa_iq-bandwidth-mhz-757","14":"first","15":"instock","16":"taxable","17":"shipping-taxable","18":"product-type-simple"},"acf":[],"_links":{"self":[{"href":"https:\/\/yotavis.ch\/fr\/wp-json\/wp\/v2\/product\/12438","targetHints":{"allow":["GET"]}}],"collection":[{"href":"https:\/\/yotavis.ch\/fr\/wp-json\/wp\/v2\/product"}],"about":[{"href":"https:\/\/yotavis.ch\/fr\/wp-json\/wp\/v2\/types\/product"}],"replies":[{"embeddable":true,"href":"https:\/\/yotavis.ch\/fr\/wp-json\/wp\/v2\/comments?post=12438"}],"wp:featuredmedia":[{"embeddable":true,"href":"https:\/\/yotavis.ch\/fr\/wp-json\/wp\/v2\/media\/13558"}],"wp:attachment":[{"href":"https:\/\/yotavis.ch\/fr\/wp-json\/wp\/v2\/media?parent=12438"}],"wp:term":[{"taxonomy":"product_brand","embeddable":true,"href":"https:\/\/yotavis.ch\/fr\/wp-json\/wp\/v2\/product_brand?post=12438"},{"taxonomy":"product_cat","embeddable":true,"href":"https:\/\/yotavis.ch\/fr\/wp-json\/wp\/v2\/product_cat?post=12438"},{"taxonomy":"product_tag","embeddable":true,"href":"https:\/\/yotavis.ch\/fr\/wp-json\/wp\/v2\/product_tag?post=12438"}],"curies":[{"name":"wp","href":"https:\/\/api.w.org\/{rel}","templated":true}]}}