{"id":12452,"date":"2025-10-09T00:00:00","date_gmt":"2025-10-08T22:00:00","guid":{"rendered":"https:\/\/yotavis.ch\/product\/tbisn-t4\/"},"modified":"2026-04-24T13:38:18","modified_gmt":"2026-04-24T11:38:18","slug":"tbisn-t4","status":"publish","type":"product","link":"https:\/\/yotavis.ch\/fr\/produit\/tbisn-t4\/","title":{"rendered":"TBISN-T4"},"content":{"rendered":"<p>Le TBISN-T4 de Tekbox comporte deux paires \u00e9quilibr\u00e9es ISN, con\u00e7ues pour r\u00e9pondre \u00e0 des exigences techniques sp\u00e9cifiques. Ce produit est identifi\u00e9 par le num\u00e9ro de mod\u00e8le TBISN-T4 et est fabriqu\u00e9 par Tekbox. Il est con\u00e7u pour fournir une int\u00e9grit\u00e9 de signal \u00e9quilibr\u00e9e \u00e0 travers ses deux paires de r\u00e9seaux d'isolation. La conception est ax\u00e9e sur le maintien de la qualit\u00e9 du signal et la r\u00e9duction des interf\u00e9rences dans diverses applications. L'appareil ne comporte pas de sp\u00e9cifications suppl\u00e9mentaires telles que les param\u00e8tres de puissance, de tension, de courant ou de fr\u00e9quence. Il manque \u00e9galement des d\u00e9tails sur les capacit\u00e9s de contr\u00f4le \u00e0 distance, les canaux, la bande passante, les taux d'\u00e9chantillonnage, la profondeur de m\u00e9moire ou les caract\u00e9ristiques num\u00e9riques. Le TBISN-T4 est un composant sp\u00e9cialis\u00e9 destin\u00e9 \u00e0 \u00eatre utilis\u00e9 dans des syst\u00e8mes n\u00e9cessitant des paires \u00e9quilibr\u00e9es ISN, sans autre pr\u00e9cision sur ses caract\u00e9ristiques \u00e9lectriques ou m\u00e9caniques.<\/p>","protected":false},"excerpt":{"rendered":"<p>Deux paires \u00e9quilibr\u00e9es ISN<\/p>","protected":false},"featured_media":13056,"comment_status":"closed","ping_status":"closed","template":"","meta":{"_acf_changed":false,"slim_seo":{"title":"TBISN-T4 - YOTAVIS AG","description":"Deux paires \u00e9quilibr\u00e9es ISN"}},"product_brand":[645],"product_cat":[526,649],"product_tag":[],"class_list":{"0":"post-12452","1":"product","2":"type-product","3":"status-publish","4":"has-post-thumbnail","6":"product_brand-tekbox","7":"product_cat-accessories","8":"product_cat-emc-test-equipment-accessories","10":"first","11":"instock","12":"taxable","13":"shipping-taxable","14":"purchasable","15":"product-type-simple"},"acf":[],"_links":{"self":[{"href":"https:\/\/yotavis.ch\/fr\/wp-json\/wp\/v2\/product\/12452","targetHints":{"allow":["GET"]}}],"collection":[{"href":"https:\/\/yotavis.ch\/fr\/wp-json\/wp\/v2\/product"}],"about":[{"href":"https:\/\/yotavis.ch\/fr\/wp-json\/wp\/v2\/types\/product"}],"replies":[{"embeddable":true,"href":"https:\/\/yotavis.ch\/fr\/wp-json\/wp\/v2\/comments?post=12452"}],"wp:featuredmedia":[{"embeddable":true,"href":"https:\/\/yotavis.ch\/fr\/wp-json\/wp\/v2\/media\/13056"}],"wp:attachment":[{"href":"https:\/\/yotavis.ch\/fr\/wp-json\/wp\/v2\/media?parent=12452"}],"wp:term":[{"taxonomy":"product_brand","embeddable":true,"href":"https:\/\/yotavis.ch\/fr\/wp-json\/wp\/v2\/product_brand?post=12452"},{"taxonomy":"product_cat","embeddable":true,"href":"https:\/\/yotavis.ch\/fr\/wp-json\/wp\/v2\/product_cat?post=12452"},{"taxonomy":"product_tag","embeddable":true,"href":"https:\/\/yotavis.ch\/fr\/wp-json\/wp\/v2\/product_tag?post=12452"}],"curies":[{"name":"wp","href":"https:\/\/api.w.org\/{rel}","templated":true}]}}