{"id":12458,"date":"2025-10-09T00:00:00","date_gmt":"2025-10-08T22:00:00","guid":{"rendered":"https:\/\/yotavis.ch\/product\/tbemcl1-cal\/"},"modified":"2026-04-24T13:38:25","modified_gmt":"2026-04-24T11:38:25","slug":"tbemcl1-cal","status":"publish","type":"product","link":"https:\/\/yotavis.ch\/fr\/produit\/tbemcl1-cal\/","title":{"rendered":"TBEMCL1-CAL"},"content":{"rendered":"<p>Le TBEMCL1-CAL est un dispositif d'\u00e9talonnage de pinces \u00e9lectromagn\u00e9tiques fabriqu\u00e9 par Tekbox. Ce produit est con\u00e7u pour faciliter l'\u00e9talonnage des pinces \u00e9lectromagn\u00e9tiques. Il sert d'outil sp\u00e9cialis\u00e9 dans son domaine d'application, garantissant des processus d'\u00e9talonnage pr\u00e9cis et fiables. L'appareil fait partie de la gamme d'\u00e9quipements d'\u00e9talonnage de Tekbox, refl\u00e9tant l'accent mis par la marque sur les instruments de pr\u00e9cision. Bien que les sp\u00e9cifications \u00e9lectriques et techniques sp\u00e9cifiques telles que la puissance, la tension, le courant, la fr\u00e9quence et la bande passante ne soient pas d\u00e9taill\u00e9es, la fonction principale du produit est clairement ax\u00e9e sur les t\u00e2ches d'\u00e9talonnage. La conception et la fabrication du TBEMCL1-CAL confirment son r\u00f4le dans le maintien de la pr\u00e9cision des mesures par pince \u00e9lectromagn\u00e9tique. Cet appareil est un composant qui s'int\u00e8gre dans des installations d'\u00e9talonnage et de test plus larges o\u00f9 des pinces \u00e9lectromagn\u00e9tiques sont utilis\u00e9es.<\/p>","protected":false},"excerpt":{"rendered":"<p>Dispositif d'\u00e9talonnage de la pince EM<\/p>","protected":false},"featured_media":13021,"comment_status":"closed","ping_status":"closed","template":"","meta":{"_acf_changed":false,"slim_seo":{"title":"TBEMCL1-CAL - YOTAVIS AG","description":"Dispositif d'\u00e9talonnage de la pince EM"}},"product_brand":[645],"product_cat":[526,649],"product_tag":[],"class_list":{"0":"post-12458","1":"product","2":"type-product","3":"status-publish","4":"has-post-thumbnail","6":"product_brand-tekbox","7":"product_cat-accessories","8":"product_cat-emc-test-equipment-accessories","10":"first","11":"instock","12":"taxable","13":"shipping-taxable","14":"purchasable","15":"product-type-simple"},"acf":[],"_links":{"self":[{"href":"https:\/\/yotavis.ch\/fr\/wp-json\/wp\/v2\/product\/12458","targetHints":{"allow":["GET"]}}],"collection":[{"href":"https:\/\/yotavis.ch\/fr\/wp-json\/wp\/v2\/product"}],"about":[{"href":"https:\/\/yotavis.ch\/fr\/wp-json\/wp\/v2\/types\/product"}],"replies":[{"embeddable":true,"href":"https:\/\/yotavis.ch\/fr\/wp-json\/wp\/v2\/comments?post=12458"}],"wp:featuredmedia":[{"embeddable":true,"href":"https:\/\/yotavis.ch\/fr\/wp-json\/wp\/v2\/media\/13021"}],"wp:attachment":[{"href":"https:\/\/yotavis.ch\/fr\/wp-json\/wp\/v2\/media?parent=12458"}],"wp:term":[{"taxonomy":"product_brand","embeddable":true,"href":"https:\/\/yotavis.ch\/fr\/wp-json\/wp\/v2\/product_brand?post=12458"},{"taxonomy":"product_cat","embeddable":true,"href":"https:\/\/yotavis.ch\/fr\/wp-json\/wp\/v2\/product_cat?post=12458"},{"taxonomy":"product_tag","embeddable":true,"href":"https:\/\/yotavis.ch\/fr\/wp-json\/wp\/v2\/product_tag?post=12458"}],"curies":[{"name":"wp","href":"https:\/\/api.w.org\/{rel}","templated":true}]}}