{"id":12553,"date":"2025-10-09T00:00:00","date_gmt":"2025-10-08T22:00:00","guid":{"rendered":"https:\/\/yotavis.ch\/product\/splicer-t-72m12-kit\/"},"modified":"2026-04-24T13:49:49","modified_gmt":"2026-04-24T11:49:49","slug":"splicer-t-72m12-kit","status":"publish","type":"product","link":"https:\/\/yotavis.ch\/fr\/produit\/splicer-t-72m12-kit\/","title":{"rendered":"\u00c9pisseur\/T-72M12+-KIT"},"content":{"rendered":"<p>Le Splicer\/T-72M12+-KIT est un \u00e9pisseur de fusion de ruban \u00e0 intelligence artificielle con\u00e7u par Sumitomo. Ce dispositif avanc\u00e9 utilise l'intelligence artificielle pour am\u00e9liorer la pr\u00e9cision et l'efficacit\u00e9 de l'\u00e9pissage des fibres en ruban. Le kit est con\u00e7u pour traiter plusieurs fibres simultan\u00e9ment, rationalisant ainsi le processus d'\u00e9pissage des c\u00e2bles \u00e0 ruban. Sa conception permet d'aligner les fibres avec une grande pr\u00e9cision, ce qui est essentiel pour maintenir une qualit\u00e9 optimale de transmission des signaux. Cette \u00e9pissureuse peut \u00eatre utilis\u00e9e pour diverses installations de r\u00e9seaux de fibres optiques et pour des t\u00e2ches de maintenance. L'expertise de Sumitomo dans la technologie de la fibre optique se refl\u00e8te dans la construction et la fonctionnalit\u00e9 de cet \u00e9pisseur, garantissant des performances fiables. L'int\u00e9gration de l'IA permet de r\u00e9duire les erreurs humaines et d'augmenter la vitesse des op\u00e9rations d'\u00e9pissure, ce qui en fait un outil pr\u00e9cieux pour les techniciens travaillant avec des c\u00e2bles \u00e0 fibres en ruban.<\/p>","protected":false},"excerpt":{"rendered":"<p>\u00c9pisseur par fusion \u00e0 ruban aliment\u00e9 par l'IA<\/p>","protected":false},"featured_media":13248,"comment_status":"closed","ping_status":"closed","template":"","meta":{"_acf_changed":false,"slim_seo":{"title":"Splicer\/T-72M12+-KIT - YOTAVIS AG","description":"\u00c9pisseur par fusion \u00e0 ruban aliment\u00e9 par l'IA"}},"product_brand":[1075],"product_cat":[1035,1076],"product_tag":[],"class_list":{"0":"post-12553","1":"product","2":"type-product","3":"status-publish","4":"has-post-thumbnail","6":"product_brand-sumitomo","7":"product_cat-optical","8":"product_cat-splicer","10":"first","11":"instock","12":"taxable","13":"shipping-taxable","14":"product-type-simple"},"acf":[],"_links":{"self":[{"href":"https:\/\/yotavis.ch\/fr\/wp-json\/wp\/v2\/product\/12553","targetHints":{"allow":["GET"]}}],"collection":[{"href":"https:\/\/yotavis.ch\/fr\/wp-json\/wp\/v2\/product"}],"about":[{"href":"https:\/\/yotavis.ch\/fr\/wp-json\/wp\/v2\/types\/product"}],"replies":[{"embeddable":true,"href":"https:\/\/yotavis.ch\/fr\/wp-json\/wp\/v2\/comments?post=12553"}],"wp:featuredmedia":[{"embeddable":true,"href":"https:\/\/yotavis.ch\/fr\/wp-json\/wp\/v2\/media\/13248"}],"wp:attachment":[{"href":"https:\/\/yotavis.ch\/fr\/wp-json\/wp\/v2\/media?parent=12553"}],"wp:term":[{"taxonomy":"product_brand","embeddable":true,"href":"https:\/\/yotavis.ch\/fr\/wp-json\/wp\/v2\/product_brand?post=12553"},{"taxonomy":"product_cat","embeddable":true,"href":"https:\/\/yotavis.ch\/fr\/wp-json\/wp\/v2\/product_cat?post=12553"},{"taxonomy":"product_tag","embeddable":true,"href":"https:\/\/yotavis.ch\/fr\/wp-json\/wp\/v2\/product_tag?post=12553"}],"curies":[{"name":"wp","href":"https:\/\/api.w.org\/{rel}","templated":true}]}}