{"id":12560,"date":"2025-10-09T00:00:00","date_gmt":"2025-10-08T22:00:00","guid":{"rendered":"https:\/\/yotavis.ch\/product\/cleaver-fc-6s\/"},"modified":"2026-04-24T13:49:53","modified_gmt":"2026-04-24T11:49:53","slug":"cleaver-fc-6s","status":"publish","type":"product","link":"https:\/\/yotavis.ch\/fr\/produit\/cleaver-fc-6s\/","title":{"rendered":"Cleaver\/FC-6S+"},"content":{"rendered":"<p>Le Sumitomo Cleaver\/FC-6S+ est un cliveur de fibre de table con\u00e7u sp\u00e9cifiquement pour les applications \u00e0 fibre unique. Cet \u00e9quipement est con\u00e7u pour fournir une performance de clivage pr\u00e9cise et fiable, essentielle pour les processus d'\u00e9pissure et de terminaison des fibres optiques. Sa conception de table permet un fonctionnement stable en laboratoire ou dans des environnements de production. L'appareil fait partie de la gamme d'outils pour fibres optiques de Sumitomo, r\u00e9put\u00e9s pour leur qualit\u00e9 et leur durabilit\u00e9. Le Cleaver\/FC-6S+ facilite la pr\u00e9paration pr\u00e9cise des fibres, ce qui est essentiel pour garantir des r\u00e9sultats d'\u00e9pissure optimaux et minimiser la perte de signal. Sa construction permet d'obtenir des angles et des longueurs de clivage constants, ce qui contribue \u00e0 l'efficacit\u00e9 globale des installations et de la maintenance des r\u00e9seaux de fibres optiques. Ce mod\u00e8le peut \u00eatre utilis\u00e9 dans divers contextes o\u00f9 une seule fibre doit \u00eatre coup\u00e9e, r\u00e9pondant ainsi aux besoins des techniciens et des ing\u00e9nieurs travaillant avec des c\u00e2bles \u00e0 fibres optiques.<\/p>","protected":false},"excerpt":{"rendered":"<p>Coupe-fibre de table pour fibre unique<\/p>","protected":false},"featured_media":13322,"comment_status":"closed","ping_status":"closed","template":"","meta":{"_acf_changed":false,"slim_seo":{"title":"Cleaver\/FC-6S+ - YOTAVIS AG","description":"Coupe-fibre de table pour fibre unique"}},"product_brand":[1075],"product_cat":[1077,1035],"product_tag":[],"class_list":{"0":"post-12560","1":"product","2":"type-product","3":"status-publish","4":"has-post-thumbnail","6":"product_brand-sumitomo","7":"product_cat-cleaver","8":"product_cat-optical","10":"first","11":"instock","12":"taxable","13":"shipping-taxable","14":"product-type-simple"},"acf":[],"_links":{"self":[{"href":"https:\/\/yotavis.ch\/fr\/wp-json\/wp\/v2\/product\/12560","targetHints":{"allow":["GET"]}}],"collection":[{"href":"https:\/\/yotavis.ch\/fr\/wp-json\/wp\/v2\/product"}],"about":[{"href":"https:\/\/yotavis.ch\/fr\/wp-json\/wp\/v2\/types\/product"}],"replies":[{"embeddable":true,"href":"https:\/\/yotavis.ch\/fr\/wp-json\/wp\/v2\/comments?post=12560"}],"wp:featuredmedia":[{"embeddable":true,"href":"https:\/\/yotavis.ch\/fr\/wp-json\/wp\/v2\/media\/13322"}],"wp:attachment":[{"href":"https:\/\/yotavis.ch\/fr\/wp-json\/wp\/v2\/media?parent=12560"}],"wp:term":[{"taxonomy":"product_brand","embeddable":true,"href":"https:\/\/yotavis.ch\/fr\/wp-json\/wp\/v2\/product_brand?post=12560"},{"taxonomy":"product_cat","embeddable":true,"href":"https:\/\/yotavis.ch\/fr\/wp-json\/wp\/v2\/product_cat?post=12560"},{"taxonomy":"product_tag","embeddable":true,"href":"https:\/\/yotavis.ch\/fr\/wp-json\/wp\/v2\/product_tag?post=12560"}],"curies":[{"name":"wp","href":"https:\/\/api.w.org\/{rel}","templated":true}]}}