{"id":12561,"date":"2025-10-09T00:00:00","date_gmt":"2025-10-08T22:00:00","guid":{"rendered":"https:\/\/yotavis.ch\/product\/cleaver-fc-6r\/"},"modified":"2026-04-24T13:49:54","modified_gmt":"2026-04-24T11:49:54","slug":"cleaver-fc-6r","status":"publish","type":"product","link":"https:\/\/yotavis.ch\/fr\/produit\/cleaver-fc-6r\/","title":{"rendered":"Cleaver\/FC-6R+"},"content":{"rendered":"<p>Le Sumitomo Cleaver\/FC-6R+ est un coupe-fibre de table \u00e9quip\u00e9 d'une lame auto-rotative. Cette caract\u00e9ristique permet de couper les fibres optiques avec pr\u00e9cision et r\u00e9gularit\u00e9, ce qui est essentiel pour pr\u00e9parer les fibres \u00e0 l'\u00e9pissage ou \u00e0 la connectorisation. L'appareil est con\u00e7u pour \u00eatre utilis\u00e9 sur une paillasse, offrant ainsi une plateforme stable pour les t\u00e2ches de coupe de fibres. Le m\u00e9canisme de rotation automatique de la lame contribue \u00e0 prolonger la dur\u00e9e de vie de la lame en r\u00e9partissant uniform\u00e9ment l'usure, ce qui garantit des performances fiables dans le temps. La conception compacte du coupe-fibre permet de l'utiliser dans divers environnements d'installation et de maintenance de la fibre optique. La marque Sumitomo est connue pour ses outils et \u00e9quipements pour la fibre optique, et le mod\u00e8le FC-6R+ perp\u00e9tue cette tradition gr\u00e2ce \u00e0 ses fonctionnalit\u00e9s sp\u00e9cialis\u00e9es. Ce couperet est destin\u00e9 \u00e0 faciliter le travail sur les fibres optiques en simplifiant le processus de coupe et en am\u00e9liorant la qualit\u00e9 des extr\u00e9mit\u00e9s des fibres.<\/p>","protected":false},"excerpt":{"rendered":"<p>Coupe-fibre de table, avec lame auto-rotative<\/p>","protected":false},"featured_media":13324,"comment_status":"closed","ping_status":"closed","template":"","meta":{"_acf_changed":false,"slim_seo":{"title":"Cleaver\/FC-6R+ - YOTAVIS AG","description":"Coupe-fibre de table, avec lame auto-rotative"}},"product_brand":[1075],"product_cat":[1077,1035],"product_tag":[],"class_list":{"0":"post-12561","1":"product","2":"type-product","3":"status-publish","4":"has-post-thumbnail","6":"product_brand-sumitomo","7":"product_cat-cleaver","8":"product_cat-optical","10":"first","11":"instock","12":"taxable","13":"shipping-taxable","14":"product-type-simple"},"acf":[],"_links":{"self":[{"href":"https:\/\/yotavis.ch\/fr\/wp-json\/wp\/v2\/product\/12561","targetHints":{"allow":["GET"]}}],"collection":[{"href":"https:\/\/yotavis.ch\/fr\/wp-json\/wp\/v2\/product"}],"about":[{"href":"https:\/\/yotavis.ch\/fr\/wp-json\/wp\/v2\/types\/product"}],"replies":[{"embeddable":true,"href":"https:\/\/yotavis.ch\/fr\/wp-json\/wp\/v2\/comments?post=12561"}],"wp:featuredmedia":[{"embeddable":true,"href":"https:\/\/yotavis.ch\/fr\/wp-json\/wp\/v2\/media\/13324"}],"wp:attachment":[{"href":"https:\/\/yotavis.ch\/fr\/wp-json\/wp\/v2\/media?parent=12561"}],"wp:term":[{"taxonomy":"product_brand","embeddable":true,"href":"https:\/\/yotavis.ch\/fr\/wp-json\/wp\/v2\/product_brand?post=12561"},{"taxonomy":"product_cat","embeddable":true,"href":"https:\/\/yotavis.ch\/fr\/wp-json\/wp\/v2\/product_cat?post=12561"},{"taxonomy":"product_tag","embeddable":true,"href":"https:\/\/yotavis.ch\/fr\/wp-json\/wp\/v2\/product_tag?post=12561"}],"curies":[{"name":"wp","href":"https:\/\/api.w.org\/{rel}","templated":true}]}}