{"id":12562,"date":"2025-10-09T00:00:00","date_gmt":"2025-10-08T22:00:00","guid":{"rendered":"https:\/\/yotavis.ch\/product\/cleaver-fc-7ls\/"},"modified":"2026-04-24T13:49:54","modified_gmt":"2026-04-24T11:49:54","slug":"cleaver-fc-7ls","status":"publish","type":"product","link":"https:\/\/yotavis.ch\/fr\/produit\/cleaver-fc-7ls\/","title":{"rendered":"Cleaver\/FC-7LS"},"content":{"rendered":"<p>Le Sumitomo Cleaver FC-7LS est con\u00e7u pour une utilisation facile d'une seule main, facilitant les t\u00e2ches de clivage de la fibre optique. Cet outil est sp\u00e9cialement con\u00e7u pour apporter pr\u00e9cision et commodit\u00e9 dans la pr\u00e9paration des c\u00e2bles \u00e0 fibres optiques. Sa conception compacte permet aux utilisateurs de manipuler le coupe-fibre d'une seule main, ce qui am\u00e9liore le flux de travail et r\u00e9duit le besoin d'outils suppl\u00e9mentaires ou d'assistance. Le mod\u00e8le FC-7LS met l'accent sur la simplicit\u00e9 et la fonctionnalit\u00e9, ce qui le rend adapt\u00e9 \u00e0 diverses applications de fibre optique. En tant que produit Sumitomo, il est conforme aux normes de qualit\u00e9 et de fiabilit\u00e9 de la marque en mati\u00e8re d'\u00e9quipement pour fibre optique. Le coupe-fil est con\u00e7u pour offrir des performances constantes dans le coupe-fil, qui est une \u00e9tape critique dans l'\u00e9pissage et la terminaison de la fibre optique. Sa facilit\u00e9 d'utilisation permet aux techniciens d'obtenir des extr\u00e9mit\u00e9s de fibre pr\u00e9cises et propres, ce qui est essentiel pour une transmission optimale du signal et une perte minimale.<\/p>","protected":false},"excerpt":{"rendered":"<p>Utilisation facile d'une seule main Fiber Cleaver FC-7LS.<\/p>","protected":false},"featured_media":13332,"comment_status":"closed","ping_status":"closed","template":"","meta":{"_acf_changed":false,"slim_seo":{"title":"Cleaver\/FC-7LS - YOTAVIS AG","description":"Utilisation facile d'une seule main Fiber Cleaver FC-7LS."}},"product_brand":[1075],"product_cat":[1077,1035],"product_tag":[],"class_list":{"0":"post-12562","1":"product","2":"type-product","3":"status-publish","4":"has-post-thumbnail","6":"product_brand-sumitomo","7":"product_cat-cleaver","8":"product_cat-optical","10":"first","11":"instock","12":"taxable","13":"shipping-taxable","14":"product-type-simple"},"acf":[],"_links":{"self":[{"href":"https:\/\/yotavis.ch\/fr\/wp-json\/wp\/v2\/product\/12562","targetHints":{"allow":["GET"]}}],"collection":[{"href":"https:\/\/yotavis.ch\/fr\/wp-json\/wp\/v2\/product"}],"about":[{"href":"https:\/\/yotavis.ch\/fr\/wp-json\/wp\/v2\/types\/product"}],"replies":[{"embeddable":true,"href":"https:\/\/yotavis.ch\/fr\/wp-json\/wp\/v2\/comments?post=12562"}],"wp:featuredmedia":[{"embeddable":true,"href":"https:\/\/yotavis.ch\/fr\/wp-json\/wp\/v2\/media\/13332"}],"wp:attachment":[{"href":"https:\/\/yotavis.ch\/fr\/wp-json\/wp\/v2\/media?parent=12562"}],"wp:term":[{"taxonomy":"product_brand","embeddable":true,"href":"https:\/\/yotavis.ch\/fr\/wp-json\/wp\/v2\/product_brand?post=12562"},{"taxonomy":"product_cat","embeddable":true,"href":"https:\/\/yotavis.ch\/fr\/wp-json\/wp\/v2\/product_cat?post=12562"},{"taxonomy":"product_tag","embeddable":true,"href":"https:\/\/yotavis.ch\/fr\/wp-json\/wp\/v2\/product_tag?post=12562"}],"curies":[{"name":"wp","href":"https:\/\/api.w.org\/{rel}","templated":true}]}}