{"id":12564,"date":"2025-10-09T00:00:00","date_gmt":"2025-10-08T22:00:00","guid":{"rendered":"https:\/\/yotavis.ch\/product\/jr-7\/"},"modified":"2026-04-24T13:49:55","modified_gmt":"2026-04-24T11:49:55","slug":"jr-7","status":"publish","type":"product","link":"https:\/\/yotavis.ch\/fr\/produit\/jr-7\/","title":{"rendered":"JR-7"},"content":{"rendered":"<p>Le d\u00e9capeur chauffant JR-7 est un produit fabriqu\u00e9 par Sumitomo. Il est con\u00e7u pour des applications n\u00e9cessitant des processus de d\u00e9capage assist\u00e9s par la chaleur. L'appareil est identifi\u00e9 par le nom de mod\u00e8le JR-7 et est associ\u00e9 \u00e0 la marque Sumitomo. Aucune sp\u00e9cification technique suppl\u00e9mentaire, telle que la puissance, la tension, le courant ou la fr\u00e9quence, n'est fournie. Le produit ne contient pas d'informations sur les capacit\u00e9s de contr\u00f4le \u00e0 distance, les canaux, la bande passante ou la profondeur de la m\u00e9moire. Il n'y a pas de d\u00e9tails concernant les caract\u00e9ristiques num\u00e9riques, la fonctionnalit\u00e9 de l'\u00e9cran tactile ou les taux d'\u00e9chantillonnage. La description se concentre uniquement sur le nom et la marque du produit, sans plus de d\u00e9tails sur ses param\u00e8tres op\u00e9rationnels ou ses caract\u00e9ristiques physiques.<\/p>","protected":false},"excerpt":{"rendered":"<p>JR-7 d\u00e9capeur chauffant<\/p>","protected":false},"featured_media":13338,"comment_status":"closed","ping_status":"closed","template":"","meta":{"_acf_changed":false,"slim_seo":{"title":"JR-7 - YOTAVIS AG","description":"JR-7 d\u00e9capeur chauffant"}},"product_brand":[1075],"product_cat":[1035,1078],"product_tag":[],"class_list":{"0":"post-12564","1":"product","2":"type-product","3":"status-publish","4":"has-post-thumbnail","6":"product_brand-sumitomo","7":"product_cat-optical","8":"product_cat-others-optical","10":"first","11":"instock","12":"taxable","13":"shipping-taxable","14":"product-type-simple"},"acf":[],"_links":{"self":[{"href":"https:\/\/yotavis.ch\/fr\/wp-json\/wp\/v2\/product\/12564","targetHints":{"allow":["GET"]}}],"collection":[{"href":"https:\/\/yotavis.ch\/fr\/wp-json\/wp\/v2\/product"}],"about":[{"href":"https:\/\/yotavis.ch\/fr\/wp-json\/wp\/v2\/types\/product"}],"replies":[{"embeddable":true,"href":"https:\/\/yotavis.ch\/fr\/wp-json\/wp\/v2\/comments?post=12564"}],"wp:featuredmedia":[{"embeddable":true,"href":"https:\/\/yotavis.ch\/fr\/wp-json\/wp\/v2\/media\/13338"}],"wp:attachment":[{"href":"https:\/\/yotavis.ch\/fr\/wp-json\/wp\/v2\/media?parent=12564"}],"wp:term":[{"taxonomy":"product_brand","embeddable":true,"href":"https:\/\/yotavis.ch\/fr\/wp-json\/wp\/v2\/product_brand?post=12564"},{"taxonomy":"product_cat","embeddable":true,"href":"https:\/\/yotavis.ch\/fr\/wp-json\/wp\/v2\/product_cat?post=12564"},{"taxonomy":"product_tag","embeddable":true,"href":"https:\/\/yotavis.ch\/fr\/wp-json\/wp\/v2\/product_tag?post=12564"}],"curies":[{"name":"wp","href":"https:\/\/api.w.org\/{rel}","templated":true}]}}