{"id":12566,"date":"2025-10-09T00:00:00","date_gmt":"2025-10-08T22:00:00","guid":{"rendered":"https:\/\/yotavis.ch\/product\/electrode-er-10\/"},"modified":"2026-04-24T13:49:55","modified_gmt":"2026-04-24T11:49:55","slug":"electrode-er-10","status":"publish","type":"product","link":"https:\/\/yotavis.ch\/fr\/produit\/electrode-er-10\/","title":{"rendered":"\u00c9lectrode ER-10"},"content":{"rendered":"<p>L'\u00e9lectrode ER-10 est un produit de la marque Sumitomo. Elle est identifi\u00e9e par le code Electrodes\/ER-10\/T-25e,39,400S,66,55,57x,71x_&amp;_72x. Ce produit est con\u00e7u comme un composant d'\u00e9lectrode, susceptible d'\u00eatre utilis\u00e9 dans diverses applications industrielles ou techniques. La description comprend une s\u00e9rie de chiffres et de lettres qui peuvent correspondre \u00e0 des num\u00e9ros de mod\u00e8les ou de pi\u00e8ces sp\u00e9cifiques, indiquant diff\u00e9rentes tailles ou configurations. Le produit n'indique aucune sp\u00e9cification \u00e9lectrique telle que la puissance, la tension ou le courant. Aucune information n'est fournie sur les fonctions de contr\u00f4le, la fr\u00e9quence, les canaux ou la capacit\u00e9 de m\u00e9moire. L'absence de ces d\u00e9tails sugg\u00e8re que l'Electrode ER-10 est un composant sp\u00e9cialis\u00e9 plut\u00f4t qu'un appareil \u00e9lectronique autonome. Elle fait partie de la gamme d'\u00e9lectrodes de Sumitomo, qui sont g\u00e9n\u00e9ralement utilis\u00e9es pour le soudage, la conduction \u00e9lectrique ou des processus similaires.<\/p>","protected":false},"excerpt":{"rendered":"<p>Electrodes\/ER-10\/T-25e,39,400S,66,55,57x,71x_&amp;_72x<\/p>","protected":false},"featured_media":13345,"comment_status":"closed","ping_status":"closed","template":"","meta":{"_acf_changed":false,"slim_seo":{"title":"Electrode ER-10 - YOTAVIS AG","description":"Electrodes\/ER-10\/T-25e,39,400S,66,55,57x,71x_&amp;_72x"}},"product_brand":[1075],"product_cat":[1035,1078],"product_tag":[],"class_list":{"0":"post-12566","1":"product","2":"type-product","3":"status-publish","4":"has-post-thumbnail","6":"product_brand-sumitomo","7":"product_cat-optical","8":"product_cat-others-optical","10":"first","11":"instock","12":"taxable","13":"shipping-taxable","14":"product-type-simple"},"acf":[],"_links":{"self":[{"href":"https:\/\/yotavis.ch\/fr\/wp-json\/wp\/v2\/product\/12566","targetHints":{"allow":["GET"]}}],"collection":[{"href":"https:\/\/yotavis.ch\/fr\/wp-json\/wp\/v2\/product"}],"about":[{"href":"https:\/\/yotavis.ch\/fr\/wp-json\/wp\/v2\/types\/product"}],"replies":[{"embeddable":true,"href":"https:\/\/yotavis.ch\/fr\/wp-json\/wp\/v2\/comments?post=12566"}],"wp:featuredmedia":[{"embeddable":true,"href":"https:\/\/yotavis.ch\/fr\/wp-json\/wp\/v2\/media\/13345"}],"wp:attachment":[{"href":"https:\/\/yotavis.ch\/fr\/wp-json\/wp\/v2\/media?parent=12566"}],"wp:term":[{"taxonomy":"product_brand","embeddable":true,"href":"https:\/\/yotavis.ch\/fr\/wp-json\/wp\/v2\/product_brand?post=12566"},{"taxonomy":"product_cat","embeddable":true,"href":"https:\/\/yotavis.ch\/fr\/wp-json\/wp\/v2\/product_cat?post=12566"},{"taxonomy":"product_tag","embeddable":true,"href":"https:\/\/yotavis.ch\/fr\/wp-json\/wp\/v2\/product_tag?post=12566"}],"curies":[{"name":"wp","href":"https:\/\/api.w.org\/{rel}","templated":true}]}}