{"id":12567,"date":"2025-10-09T00:00:00","date_gmt":"2025-10-08T22:00:00","guid":{"rendered":"https:\/\/yotavis.ch\/product\/electrode-er-17\/"},"modified":"2026-04-24T13:49:56","modified_gmt":"2026-04-24T11:49:56","slug":"electrode-er-17","status":"publish","type":"product","link":"https:\/\/yotavis.ch\/fr\/produit\/electrode-er-17\/","title":{"rendered":"\u00c9lectrode ER-17"},"content":{"rendered":"<p>L'\u00e9lectrode ER-17 est un produit de la marque Sumitomo. Elle est identifi\u00e9e par la d\u00e9signation Electrodes\/ER-17\/T-402S_&amp;_502S. Cette \u00e9lectrode est con\u00e7ue pour des applications sp\u00e9cifiques n\u00e9cessitant l'utilisation d'\u00e9lectrodes de type ER-17. La liste des produits n'inclut pas de sp\u00e9cifications techniques suppl\u00e9mentaires telles que la puissance, la tension, le courant ou la fr\u00e9quence. Elle ne fournit pas non plus d'informations sur le nombre de sorties, les capacit\u00e9s de commande \u00e0 distance ou la profondeur de m\u00e9moire. La description se concentre uniquement sur le nom et la marque du produit, indiquant sa classification dans la gamme d'\u00e9lectrodes Sumitomo.<\/p>","protected":false},"excerpt":{"rendered":"<p>Electrodes\/ER-17\/T-402S_&amp;_502S<\/p>","protected":false},"featured_media":13343,"comment_status":"closed","ping_status":"closed","template":"","meta":{"_acf_changed":false,"slim_seo":{"title":"Electrode ER-17 - YOTAVIS AG","description":"Electrodes\/ER-17\/T-402S_&amp;_502S"}},"product_brand":[1075],"product_cat":[1035,1078],"product_tag":[],"class_list":{"0":"post-12567","1":"product","2":"type-product","3":"status-publish","4":"has-post-thumbnail","6":"product_brand-sumitomo","7":"product_cat-optical","8":"product_cat-others-optical","10":"first","11":"instock","12":"taxable","13":"shipping-taxable","14":"product-type-simple"},"acf":[],"_links":{"self":[{"href":"https:\/\/yotavis.ch\/fr\/wp-json\/wp\/v2\/product\/12567","targetHints":{"allow":["GET"]}}],"collection":[{"href":"https:\/\/yotavis.ch\/fr\/wp-json\/wp\/v2\/product"}],"about":[{"href":"https:\/\/yotavis.ch\/fr\/wp-json\/wp\/v2\/types\/product"}],"replies":[{"embeddable":true,"href":"https:\/\/yotavis.ch\/fr\/wp-json\/wp\/v2\/comments?post=12567"}],"wp:featuredmedia":[{"embeddable":true,"href":"https:\/\/yotavis.ch\/fr\/wp-json\/wp\/v2\/media\/13343"}],"wp:attachment":[{"href":"https:\/\/yotavis.ch\/fr\/wp-json\/wp\/v2\/media?parent=12567"}],"wp:term":[{"taxonomy":"product_brand","embeddable":true,"href":"https:\/\/yotavis.ch\/fr\/wp-json\/wp\/v2\/product_brand?post=12567"},{"taxonomy":"product_cat","embeddable":true,"href":"https:\/\/yotavis.ch\/fr\/wp-json\/wp\/v2\/product_cat?post=12567"},{"taxonomy":"product_tag","embeddable":true,"href":"https:\/\/yotavis.ch\/fr\/wp-json\/wp\/v2\/product_tag?post=12567"}],"curies":[{"name":"wp","href":"https:\/\/api.w.org\/{rel}","templated":true}]}}