{"id":12570,"date":"2025-10-09T00:00:00","date_gmt":"2025-10-08T22:00:00","guid":{"rendered":"https:\/\/yotavis.ch\/product\/y9220a\/"},"modified":"2026-04-24T13:49:57","modified_gmt":"2026-04-24T11:49:57","slug":"y9220a","status":"publish","type":"product","link":"https:\/\/yotavis.ch\/fr\/produit\/y9220a\/","title":{"rendered":"Y9220A"},"content":{"rendered":"<p>Contr\u00f4lez les analyseurs de spectre en utilisant l'IA et le langage naturel - plus de navigation manuelle dans les menus. Compatible avec l'analyseur YOTASYS Y9827A Inceptron Analyzer, Anritsu MS2090A, MS2080A, et MS27200A series.<\/p>\n<p><strong>Ce qu'il fait<\/strong><br \/>\nD\u00e9crivez simplement vos objectifs de mesure en langage clair. Le syst\u00e8me configure les param\u00e8tres, effectue les mesures, interpr\u00e8te les r\u00e9sultats, adapte les strat\u00e9gies et g\u00e9n\u00e8re des rapports automatiquement.<\/p>\n<p><strong>Exemples de commandes<\/strong><\/p>\n<ul>\n<li>Recherche le signal WiFi le plus fort dans la bande des 2,4 GHz et indique le canal et le niveau de puissance.<\/li>\n<li>Mesure de la largeur de bande occup\u00e9e du signal LTE \u00e0 2140 MHz ; v\u00e9rification de la conformit\u00e9 3GPP<\/li>\n<li>Scanner les canaux WiFi et identifier ceux qui pr\u00e9sentent le moins d'interf\u00e9rences<\/li>\n<li>Surveillance des bandes LTE \u00e0 1850 MHz ; alerte si le signal tombe en dessous de -80 dBm<\/li>\n<li>Balayer la bande FM (88-108 MHz) en Suisse et r\u00e9pertorier toutes les stations<\/li>\n<li>Identifier la source et la puissance des interf\u00e9rences sur mon r\u00e9seau 2,4 GHz<\/li>\n<\/ul>","protected":false},"excerpt":{"rendered":"<p>Serveur d'analyseur de spectre AI Agentic<\/p>","protected":false},"featured_media":12829,"comment_status":"closed","ping_status":"closed","template":"","meta":{"_acf_changed":false,"slim_seo":{"title":"Y9220A - YOTAVIS AG","description":"Serveur d'analyseur de spectre AI Agentic"}},"product_brand":[1081],"product_cat":[526,651],"product_tag":[],"class_list":{"0":"post-12570","1":"product","2":"type-product","3":"status-publish","4":"has-post-thumbnail","6":"product_brand-yotasys","7":"product_cat-accessories","8":"product_cat-software","10":"first","11":"instock","12":"taxable","13":"shipping-taxable","14":"purchasable","15":"product-type-simple"},"acf":[],"_links":{"self":[{"href":"https:\/\/yotavis.ch\/fr\/wp-json\/wp\/v2\/product\/12570","targetHints":{"allow":["GET"]}}],"collection":[{"href":"https:\/\/yotavis.ch\/fr\/wp-json\/wp\/v2\/product"}],"about":[{"href":"https:\/\/yotavis.ch\/fr\/wp-json\/wp\/v2\/types\/product"}],"replies":[{"embeddable":true,"href":"https:\/\/yotavis.ch\/fr\/wp-json\/wp\/v2\/comments?post=12570"}],"wp:featuredmedia":[{"embeddable":true,"href":"https:\/\/yotavis.ch\/fr\/wp-json\/wp\/v2\/media\/12829"}],"wp:attachment":[{"href":"https:\/\/yotavis.ch\/fr\/wp-json\/wp\/v2\/media?parent=12570"}],"wp:term":[{"taxonomy":"product_brand","embeddable":true,"href":"https:\/\/yotavis.ch\/fr\/wp-json\/wp\/v2\/product_brand?post=12570"},{"taxonomy":"product_cat","embeddable":true,"href":"https:\/\/yotavis.ch\/fr\/wp-json\/wp\/v2\/product_cat?post=12570"},{"taxonomy":"product_tag","embeddable":true,"href":"https:\/\/yotavis.ch\/fr\/wp-json\/wp\/v2\/product_tag?post=12570"}],"curies":[{"name":"wp","href":"https:\/\/api.w.org\/{rel}","templated":true}]}}