{"id":12575,"date":"2025-10-09T00:00:00","date_gmt":"2025-10-08T22:00:00","guid":{"rendered":"https:\/\/yotavis.ch\/product\/navtd-m23\/"},"modified":"2026-04-24T13:49:58","modified_gmt":"2026-04-24T11:49:58","slug":"navtd-m23","status":"publish","type":"product","link":"https:\/\/yotavis.ch\/fr\/produit\/navtd-m23\/","title":{"rendered":"NavTD M23"},"content":{"rendered":"<p>Le NavTD M23 est identifi\u00e9 comme le dispositif d'essai de guerre de navigation et est produit par OHB Austria. Ce produit est con\u00e7u sp\u00e9cifiquement pour les applications de test de guerre de navigation. Il porte la marque OHB Austria, qui indique son origine et son fabricant. Aucune autre sp\u00e9cification technique, telle que la puissance, la tension, le courant, la fr\u00e9quence, les canaux, la largeur de bande ou les d\u00e9tails de la m\u00e9moire, n'est fournie pour cet appareil. La description se concentre uniquement sur la d\u00e9signation et la marque de l'appareil, sans plus de d\u00e9tails sur ses caract\u00e9ristiques ou ses capacit\u00e9s.<\/p>","protected":false},"excerpt":{"rendered":"<p>Le dispositif d'essai de la guerre de la navigation<\/p>","protected":false},"featured_media":13486,"comment_status":"closed","ping_status":"closed","template":"","meta":{"_acf_changed":false,"slim_seo":{"title":"NavTD M23 - YOTAVIS AG","description":"Le dispositif d'essai de la guerre de la navigation"}},"product_brand":[1082],"product_cat":[510,1083],"product_tag":[],"class_list":{"0":"post-12575","1":"product","2":"type-product","3":"status-publish","4":"has-post-thumbnail","6":"product_brand-ohb-austria","7":"product_cat-others-en","8":"product_cat-simulator-emulator","10":"first","11":"instock","12":"taxable","13":"shipping-taxable","14":"product-type-simple"},"acf":[],"_links":{"self":[{"href":"https:\/\/yotavis.ch\/fr\/wp-json\/wp\/v2\/product\/12575","targetHints":{"allow":["GET"]}}],"collection":[{"href":"https:\/\/yotavis.ch\/fr\/wp-json\/wp\/v2\/product"}],"about":[{"href":"https:\/\/yotavis.ch\/fr\/wp-json\/wp\/v2\/types\/product"}],"replies":[{"embeddable":true,"href":"https:\/\/yotavis.ch\/fr\/wp-json\/wp\/v2\/comments?post=12575"}],"wp:featuredmedia":[{"embeddable":true,"href":"https:\/\/yotavis.ch\/fr\/wp-json\/wp\/v2\/media\/13486"}],"wp:attachment":[{"href":"https:\/\/yotavis.ch\/fr\/wp-json\/wp\/v2\/media?parent=12575"}],"wp:term":[{"taxonomy":"product_brand","embeddable":true,"href":"https:\/\/yotavis.ch\/fr\/wp-json\/wp\/v2\/product_brand?post=12575"},{"taxonomy":"product_cat","embeddable":true,"href":"https:\/\/yotavis.ch\/fr\/wp-json\/wp\/v2\/product_cat?post=12575"},{"taxonomy":"product_tag","embeddable":true,"href":"https:\/\/yotavis.ch\/fr\/wp-json\/wp\/v2\/product_tag?post=12575"}],"curies":[{"name":"wp","href":"https:\/\/api.w.org\/{rel}","templated":true}]}}