{"id":3537,"date":"2025-10-09T00:00:00","date_gmt":"2025-10-08T22:00:00","guid":{"rendered":"https:\/\/yotavis.ch\/product\/sds5034x\/"},"modified":"2026-04-24T13:26:55","modified_gmt":"2026-04-24T11:26:55","slug":"sds5034x","status":"publish","type":"product","link":"https:\/\/yotavis.ch\/fr\/produit\/sds5034x\/","title":{"rendered":"SDS5034X"},"content":{"rendered":"<p>Le Siglent SDS5034X est un oscilloscope 4 voies avec une bande passante de 350 MHz et une fr\u00e9quence d'\u00e9chantillonnage de 5 G\u00e9ch\/s. Il dispose d'une fr\u00e9quence d'\u00e9chantillonnage par voie de 2500 M\u00e9ch\/s et d'une profondeur de m\u00e9moire de 500 Mpts. Il dispose d'un taux d'\u00e9chantillonnage par voie de 2500 MS\/s et d'une profondeur de m\u00e9moire de 500 Mpts, permettant une analyse d\u00e9taill\u00e9e des signaux. L'appareil offre une r\u00e9solution verticale de 8 bits, ce qui permet des mesures pr\u00e9cises. Cet oscilloscope est \u00e9quip\u00e9 d'une interface \u00e0 \u00e9cran tactile, am\u00e9liorant l'interaction avec l'utilisateur et la facilit\u00e9 d'utilisation. La combinaison de ses quatre canaux et de sa bande passante \u00e9lev\u00e9e le rend adapt\u00e9 \u00e0 une vari\u00e9t\u00e9 d'applications de test et de diagnostic. Le SDS5034X est con\u00e7u pour traiter des formes d'ondes complexes avec pr\u00e9cision et efficacit\u00e9.<\/p>","protected":false},"excerpt":{"rendered":"<p>Oscilloscope 4Ch 350MHz 5GS\/s<\/p>","protected":false},"featured_media":4757,"comment_status":"closed","ping_status":"closed","template":"","meta":{"_acf_changed":false,"slim_seo":{"title":"SDS5034X - YOTAVIS AG","description":"Oscilloscope 4Ch 350MHz 5GS\/s"}},"product_brand":[506],"product_cat":[508,507],"product_tag":[],"class_list":{"0":"post-3537","1":"product","2":"type-product","3":"status-publish","4":"has-post-thumbnail","6":"product_brand-siglent","7":"product_cat-desktop-en","8":"product_cat-oscilloscope","9":"pa_bandwidth-mhz-76","10":"pa_channels-338","11":"pa_digital-channels-opt","12":"pa_memory-depht-mpts-77","13":"pa_sampling-rate-channels-ms-s-339","14":"pa_touch-screen-yes","15":"pa_vertical-resolution-bits-340","17":"first","18":"instock","19":"taxable","20":"shipping-taxable","21":"purchasable","22":"product-type-simple"},"acf":[],"_links":{"self":[{"href":"https:\/\/yotavis.ch\/fr\/wp-json\/wp\/v2\/product\/3537","targetHints":{"allow":["GET"]}}],"collection":[{"href":"https:\/\/yotavis.ch\/fr\/wp-json\/wp\/v2\/product"}],"about":[{"href":"https:\/\/yotavis.ch\/fr\/wp-json\/wp\/v2\/types\/product"}],"replies":[{"embeddable":true,"href":"https:\/\/yotavis.ch\/fr\/wp-json\/wp\/v2\/comments?post=3537"}],"wp:featuredmedia":[{"embeddable":true,"href":"https:\/\/yotavis.ch\/fr\/wp-json\/wp\/v2\/media\/4757"}],"wp:attachment":[{"href":"https:\/\/yotavis.ch\/fr\/wp-json\/wp\/v2\/media?parent=3537"}],"wp:term":[{"taxonomy":"product_brand","embeddable":true,"href":"https:\/\/yotavis.ch\/fr\/wp-json\/wp\/v2\/product_brand?post=3537"},{"taxonomy":"product_cat","embeddable":true,"href":"https:\/\/yotavis.ch\/fr\/wp-json\/wp\/v2\/product_cat?post=3537"},{"taxonomy":"product_tag","embeddable":true,"href":"https:\/\/yotavis.ch\/fr\/wp-json\/wp\/v2\/product_tag?post=3537"}],"curies":[{"name":"wp","href":"https:\/\/api.w.org\/{rel}","templated":true}]}}