{"id":3538,"date":"2025-10-09T00:00:00","date_gmt":"2025-10-08T22:00:00","guid":{"rendered":"https:\/\/yotavis.ch\/product\/sds5054x\/"},"modified":"2026-04-24T13:26:55","modified_gmt":"2026-04-24T11:26:55","slug":"sds5054x","status":"publish","type":"product","link":"https:\/\/yotavis.ch\/fr\/produit\/sds5054x\/","title":{"rendered":"SDS5054X"},"content":{"rendered":"<p>Le Siglent SDS5054X est un oscilloscope \u00e0 4 voies avec une bande passante de 500 MHz et un taux d'\u00e9chantillonnage de 5 GS\/s. Il dispose d'un taux d'\u00e9chantillonnage par voie de 2500 MS\/s et d'une profondeur de m\u00e9moire de 500 Mpts. Il dispose d'un taux d'\u00e9chantillonnage par voie de 2500 MS\/s et d'une profondeur de m\u00e9moire de 500 Mpts, permettant une analyse d\u00e9taill\u00e9e des signaux. L'appareil offre une r\u00e9solution verticale de 8 bits, ce qui permet des mesures pr\u00e9cises. Ce mod\u00e8le comprend une interface \u00e0 \u00e9cran tactile, am\u00e9liorant l'interaction avec l'utilisateur et la facilit\u00e9 d'utilisation. L'oscilloscope est con\u00e7u pour traiter simultan\u00e9ment plusieurs signaux d'entr\u00e9e sur ses quatre canaux. Ses sp\u00e9cifications le rendent adapt\u00e9 \u00e0 diverses applications n\u00e9cessitant l'acquisition de donn\u00e9es \u00e0 grande vitesse et la visualisation de signaux. La combinaison de la bande passante, de la fr\u00e9quence d'\u00e9chantillonnage et de la profondeur de m\u00e9moire permet une capture et une analyse compl\u00e8tes des formes d'onde.<\/p>","protected":false},"excerpt":{"rendered":"<p>Oscilloscope 4Ch 500MHz 5GS\/s<\/p>","protected":false},"featured_media":4757,"comment_status":"closed","ping_status":"closed","template":"","meta":{"_acf_changed":false,"slim_seo":{"title":"SDS5054X - YOTAVIS AG","description":"Oscilloscope 4Ch 500MHz 5GS\/s"}},"product_brand":[506],"product_cat":[508,507],"product_tag":[],"class_list":{"0":"post-3538","1":"product","2":"type-product","3":"status-publish","4":"has-post-thumbnail","6":"product_brand-siglent","7":"product_cat-desktop-en","8":"product_cat-oscilloscope","9":"pa_bandwidth-mhz-83","10":"pa_channels-338","11":"pa_digital-channels-opt","12":"pa_memory-depht-mpts-77","13":"pa_sampling-rate-channels-ms-s-339","14":"pa_touch-screen-yes","15":"pa_vertical-resolution-bits-340","17":"first","18":"instock","19":"taxable","20":"shipping-taxable","21":"purchasable","22":"product-type-simple"},"acf":[],"_links":{"self":[{"href":"https:\/\/yotavis.ch\/fr\/wp-json\/wp\/v2\/product\/3538","targetHints":{"allow":["GET"]}}],"collection":[{"href":"https:\/\/yotavis.ch\/fr\/wp-json\/wp\/v2\/product"}],"about":[{"href":"https:\/\/yotavis.ch\/fr\/wp-json\/wp\/v2\/types\/product"}],"replies":[{"embeddable":true,"href":"https:\/\/yotavis.ch\/fr\/wp-json\/wp\/v2\/comments?post=3538"}],"wp:featuredmedia":[{"embeddable":true,"href":"https:\/\/yotavis.ch\/fr\/wp-json\/wp\/v2\/media\/4757"}],"wp:attachment":[{"href":"https:\/\/yotavis.ch\/fr\/wp-json\/wp\/v2\/media?parent=3538"}],"wp:term":[{"taxonomy":"product_brand","embeddable":true,"href":"https:\/\/yotavis.ch\/fr\/wp-json\/wp\/v2\/product_brand?post=3538"},{"taxonomy":"product_cat","embeddable":true,"href":"https:\/\/yotavis.ch\/fr\/wp-json\/wp\/v2\/product_cat?post=3538"},{"taxonomy":"product_tag","embeddable":true,"href":"https:\/\/yotavis.ch\/fr\/wp-json\/wp\/v2\/product_tag?post=3538"}],"curies":[{"name":"wp","href":"https:\/\/api.w.org\/{rel}","templated":true}]}}