{"id":3541,"date":"2025-10-09T00:00:00","date_gmt":"2025-10-08T22:00:00","guid":{"rendered":"https:\/\/yotavis.ch\/product\/sap1000\/"},"modified":"2026-04-24T13:26:58","modified_gmt":"2026-04-24T11:26:58","slug":"sap1000","status":"publish","type":"product","link":"https:\/\/yotavis.ch\/fr\/produit\/sap1000\/","title":{"rendered":"SAP1000"},"content":{"rendered":"<p>Le SAP1000 est une sonde active d'une largeur de bande de 1000 MHz, con\u00e7ue pour fonctionner avec une tension maximale de 8 V. Il est fabriqu\u00e9 par Siglent et dispose d'une interface compatible avec les \u00e9quipements Siglent. Ce produit est destin\u00e9 \u00e0 \u00eatre utilis\u00e9 dans des applications n\u00e9cessitant le sondage de signaux haute fr\u00e9quence jusqu'\u00e0 1 GHz. La sonde active est con\u00e7ue pour fournir des mesures de signaux pr\u00e9cises dans sa plage de tension sp\u00e9cifi\u00e9e. Sa conception permet l'int\u00e9gration avec d'autres appareils Siglent, facilitant ainsi une connectivit\u00e9 et un fonctionnement sans faille. La sonde SAP1000 convient \u00e0 divers sc\u00e9narios de test et de mesure n\u00e9cessitant une acquisition pr\u00e9cise du signal.<\/p>","protected":false},"excerpt":{"rendered":"<p>Sonde active, 1 GHz<\/p>","protected":false},"featured_media":4767,"comment_status":"closed","ping_status":"closed","template":"","meta":{"_acf_changed":false,"slim_seo":{"title":"SAP1000 - YOTAVIS AG","description":"Sonde active, 1 GHz"}},"product_brand":[506],"product_cat":[511,509],"product_tag":[],"class_list":{"0":"post-3541","1":"product","2":"type-product","3":"status-publish","4":"has-post-thumbnail","6":"product_brand-siglent","7":"product_cat-active-probes-en","8":"product_cat-probes-en","9":"pa_bandwidth-mhz-84","10":"pa_interface-siglent","11":"pa_voltage-max-v-86","13":"first","14":"instock","15":"taxable","16":"shipping-taxable","17":"purchasable","18":"product-type-simple"},"acf":[],"_links":{"self":[{"href":"https:\/\/yotavis.ch\/fr\/wp-json\/wp\/v2\/product\/3541","targetHints":{"allow":["GET"]}}],"collection":[{"href":"https:\/\/yotavis.ch\/fr\/wp-json\/wp\/v2\/product"}],"about":[{"href":"https:\/\/yotavis.ch\/fr\/wp-json\/wp\/v2\/types\/product"}],"replies":[{"embeddable":true,"href":"https:\/\/yotavis.ch\/fr\/wp-json\/wp\/v2\/comments?post=3541"}],"wp:featuredmedia":[{"embeddable":true,"href":"https:\/\/yotavis.ch\/fr\/wp-json\/wp\/v2\/media\/4767"}],"wp:attachment":[{"href":"https:\/\/yotavis.ch\/fr\/wp-json\/wp\/v2\/media?parent=3541"}],"wp:term":[{"taxonomy":"product_brand","embeddable":true,"href":"https:\/\/yotavis.ch\/fr\/wp-json\/wp\/v2\/product_brand?post=3541"},{"taxonomy":"product_cat","embeddable":true,"href":"https:\/\/yotavis.ch\/fr\/wp-json\/wp\/v2\/product_cat?post=3541"},{"taxonomy":"product_tag","embeddable":true,"href":"https:\/\/yotavis.ch\/fr\/wp-json\/wp\/v2\/product_tag?post=3541"}],"curies":[{"name":"wp","href":"https:\/\/api.w.org\/{rel}","templated":true}]}}