{"id":3544,"date":"2025-10-09T00:00:00","date_gmt":"2025-10-08T22:00:00","guid":{"rendered":"https:\/\/yotavis.ch\/product\/sds3104x-hd\/"},"modified":"2026-04-24T13:27:01","modified_gmt":"2026-04-24T11:27:01","slug":"sds3104x-hd","status":"publish","type":"product","link":"https:\/\/yotavis.ch\/fr\/produit\/sds3104x-hd\/","title":{"rendered":"SDS3104X HD"},"content":{"rendered":"<p>Le Siglent SDS3104X HD est un oscilloscope 4 voies dot\u00e9 d'une r\u00e9solution verticale de 12 bits et d'une bande passante de 1000 MHz. Il offre un taux d'\u00e9chantillonnage \u00e9lev\u00e9 de 2000 MS\/s par voie, permettant une analyse d\u00e9taill\u00e9e des signaux. L'appareil comprend une profondeur de m\u00e9moire de 400 Mpts, ce qui permet une capture de donn\u00e9es \u00e9tendue pour les formes d'ondes complexes. Cet oscilloscope est \u00e9quip\u00e9 d'une interface \u00e0 \u00e9cran tactile, am\u00e9liorant l'interaction avec l'utilisateur et la facilit\u00e9 d'utilisation. Avec quatre canaux d'entr\u00e9e, il est capable de surveiller simultan\u00e9ment plusieurs signaux. La combinaison d'une bande passante et d'un taux d'\u00e9chantillonnage \u00e9lev\u00e9s le rend adapt\u00e9 \u00e0 une large gamme d'applications de test et de mesure \u00e9lectroniques. Ce mod\u00e8le est con\u00e7u par Siglent, une marque reconnue dans le domaine des \u00e9quipements de test et de mesure.<\/p>","protected":false},"excerpt":{"rendered":"<p>Oscilloscope 4Ch 12bit 1 GHz<\/p>","protected":false},"featured_media":4775,"comment_status":"closed","ping_status":"closed","template":"","meta":{"_acf_changed":false,"slim_seo":{"title":"SDS3104X HD - YOTAVIS AG","description":"Oscilloscope 4Ch 12bit 1 GHz"}},"product_brand":[506],"product_cat":[508,507],"product_tag":[],"class_list":{"0":"post-3544","1":"product","2":"type-product","3":"status-publish","4":"has-post-thumbnail","6":"product_brand-siglent","7":"product_cat-desktop-en","8":"product_cat-oscilloscope","9":"pa_bandwidth-mhz-84","10":"pa_channels-338","11":"pa_digital-channels-opt","12":"pa_memory-depht-mpts-89","13":"pa_sampling-rate-channels-ms-s-347","14":"pa_touch-screen-yes","15":"pa_vertical-resolution-bits-348","17":"first","18":"instock","19":"taxable","20":"shipping-taxable","21":"purchasable","22":"product-type-simple"},"acf":[],"_links":{"self":[{"href":"https:\/\/yotavis.ch\/fr\/wp-json\/wp\/v2\/product\/3544","targetHints":{"allow":["GET"]}}],"collection":[{"href":"https:\/\/yotavis.ch\/fr\/wp-json\/wp\/v2\/product"}],"about":[{"href":"https:\/\/yotavis.ch\/fr\/wp-json\/wp\/v2\/types\/product"}],"replies":[{"embeddable":true,"href":"https:\/\/yotavis.ch\/fr\/wp-json\/wp\/v2\/comments?post=3544"}],"wp:featuredmedia":[{"embeddable":true,"href":"https:\/\/yotavis.ch\/fr\/wp-json\/wp\/v2\/media\/4775"}],"wp:attachment":[{"href":"https:\/\/yotavis.ch\/fr\/wp-json\/wp\/v2\/media?parent=3544"}],"wp:term":[{"taxonomy":"product_brand","embeddable":true,"href":"https:\/\/yotavis.ch\/fr\/wp-json\/wp\/v2\/product_brand?post=3544"},{"taxonomy":"product_cat","embeddable":true,"href":"https:\/\/yotavis.ch\/fr\/wp-json\/wp\/v2\/product_cat?post=3544"},{"taxonomy":"product_tag","embeddable":true,"href":"https:\/\/yotavis.ch\/fr\/wp-json\/wp\/v2\/product_tag?post=3544"}],"curies":[{"name":"wp","href":"https:\/\/api.w.org\/{rel}","templated":true}]}}