{"id":3553,"date":"2025-10-09T00:00:00","date_gmt":"2025-10-08T22:00:00","guid":{"rendered":"https:\/\/yotavis.ch\/product\/sds1104x-hd\/"},"modified":"2026-04-24T13:27:15","modified_gmt":"2026-04-24T11:27:15","slug":"sds1104x-hd","status":"publish","type":"product","link":"https:\/\/yotavis.ch\/fr\/produit\/sds1104x-hd\/","title":{"rendered":"SDS1104X HD"},"content":{"rendered":"<p>Le Siglent SDS1104X HD est un oscilloscope 4 voies dot\u00e9 d'une r\u00e9solution verticale de 12 bits et d'une bande passante de 100 MHz. Il offre un taux d'\u00e9chantillonnage de 500 MS\/s par voie, permettant une analyse d\u00e9taill\u00e9e des signaux. L'appareil comprend une profondeur de m\u00e9moire de 100 Mpts, ce qui permet une capture et un examen \u00e9tendus des formes d'onde. Cet oscilloscope est \u00e9quip\u00e9 d'une interface \u00e0 \u00e9cran tactile, ce qui am\u00e9liore l'interaction avec l'utilisateur et la facilit\u00e9 d'utilisation. La combinaison de sa haute r\u00e9solution verticale et de sa profondeur de m\u00e9moire substantielle le rend adapt\u00e9 \u00e0 diverses t\u00e2ches de mesure exigeant de la pr\u00e9cision. Les quatre canaux d'entr\u00e9e offrent une grande flexibilit\u00e9 pour la surveillance et la comparaison de signaux multiples. Dans l'ensemble, le SDS1104X HD int\u00e8gre ces sp\u00e9cifications techniques pour permettre une analyse compl\u00e8te des formes d'onde.<\/p>","protected":false},"excerpt":{"rendered":"<p>Oscilloscope 4Ch 12bit 100 MHz<\/p>","protected":false},"featured_media":4808,"comment_status":"closed","ping_status":"closed","template":"","meta":{"_acf_changed":false,"slim_seo":{"title":"SDS1104X HD - YOTAVIS AG","description":"Oscilloscope 4Ch 12bit 100 MHz"}},"product_brand":[506],"product_cat":[508,507],"product_tag":[],"class_list":{"0":"post-3553","1":"product","2":"type-product","3":"status-publish","4":"has-post-thumbnail","6":"product_brand-siglent","7":"product_cat-desktop-en","8":"product_cat-oscilloscope","9":"pa_bandwidth-mhz-90","10":"pa_channels-338","11":"pa_digital-channels-opt","12":"pa_memory-depht-mpts-93","13":"pa_sampling-rate-channels-ms-s-351","14":"pa_touch-screen-yes","15":"pa_vertical-resolution-bits-348","17":"first","18":"instock","19":"taxable","20":"shipping-taxable","21":"purchasable","22":"product-type-simple"},"acf":[],"_links":{"self":[{"href":"https:\/\/yotavis.ch\/fr\/wp-json\/wp\/v2\/product\/3553","targetHints":{"allow":["GET"]}}],"collection":[{"href":"https:\/\/yotavis.ch\/fr\/wp-json\/wp\/v2\/product"}],"about":[{"href":"https:\/\/yotavis.ch\/fr\/wp-json\/wp\/v2\/types\/product"}],"replies":[{"embeddable":true,"href":"https:\/\/yotavis.ch\/fr\/wp-json\/wp\/v2\/comments?post=3553"}],"wp:featuredmedia":[{"embeddable":true,"href":"https:\/\/yotavis.ch\/fr\/wp-json\/wp\/v2\/media\/4808"}],"wp:attachment":[{"href":"https:\/\/yotavis.ch\/fr\/wp-json\/wp\/v2\/media?parent=3553"}],"wp:term":[{"taxonomy":"product_brand","embeddable":true,"href":"https:\/\/yotavis.ch\/fr\/wp-json\/wp\/v2\/product_brand?post=3553"},{"taxonomy":"product_cat","embeddable":true,"href":"https:\/\/yotavis.ch\/fr\/wp-json\/wp\/v2\/product_cat?post=3553"},{"taxonomy":"product_tag","embeddable":true,"href":"https:\/\/yotavis.ch\/fr\/wp-json\/wp\/v2\/product_tag?post=3553"}],"curies":[{"name":"wp","href":"https:\/\/api.w.org\/{rel}","templated":true}]}}