{"id":3554,"date":"2025-10-09T00:00:00","date_gmt":"2025-10-08T22:00:00","guid":{"rendered":"https:\/\/yotavis.ch\/product\/sds1202x-hd\/"},"modified":"2026-04-24T13:27:15","modified_gmt":"2026-04-24T11:27:15","slug":"sds1202x-hd","status":"publish","type":"product","link":"https:\/\/yotavis.ch\/fr\/produit\/sds1202x-hd\/","title":{"rendered":"SDS1202X HD"},"content":{"rendered":"<p>Le Siglent SDS1202X HD est un oscilloscope \u00e0 deux voies dot\u00e9 d'une r\u00e9solution verticale de 12 bits et d'une bande passante de 200 MHz. Il offre un taux d'\u00e9chantillonnage de 500 MS\/s par voie, permettant une analyse d\u00e9taill\u00e9e des signaux. L'appareil dispose d'une profondeur de m\u00e9moire de 100 Mpts, ce qui permet de stocker une grande quantit\u00e9 de donn\u00e9es sur les formes d'onde. Cet oscilloscope est \u00e9quip\u00e9 d'une interface \u00e0 \u00e9cran tactile, am\u00e9liorant l'interaction avec l'utilisateur et la facilit\u00e9 d'utilisation. Sa configuration \u00e0 deux canaux prend en charge la surveillance simultan\u00e9e des signaux, ce qui le rend adapt\u00e9 \u00e0 divers sc\u00e9narios de test. La combinaison d'une haute r\u00e9solution et d'une profondeur de m\u00e9moire importante permet de capturer et d'analyser avec pr\u00e9cision des signaux complexes. Le SDS1202X HD est con\u00e7u pour r\u00e9pondre aux besoins des utilisateurs exigeant une visualisation pr\u00e9cise et efficace des formes d'onde.<\/p>","protected":false},"excerpt":{"rendered":"<p>Oscilloscope 2Ch 12bit 200 MHz<\/p>","protected":false},"featured_media":4814,"comment_status":"closed","ping_status":"closed","template":"","meta":{"_acf_changed":false,"slim_seo":{"title":"SDS1202X HD - YOTAVIS AG","description":"Oscilloscope 2Ch 12bit 200 MHz"}},"product_brand":[506],"product_cat":[508,507],"product_tag":[],"class_list":{"0":"post-3554","1":"product","2":"type-product","3":"status-publish","4":"has-post-thumbnail","6":"product_brand-siglent","7":"product_cat-desktop-en","8":"product_cat-oscilloscope","9":"pa_bandwidth-mhz-92","10":"pa_channels-350","11":"pa_digital-channels-opt","12":"pa_memory-depht-mpts-93","13":"pa_sampling-rate-channels-ms-s-351","14":"pa_touch-screen-yes","15":"pa_vertical-resolution-bits-348","17":"first","18":"instock","19":"taxable","20":"shipping-taxable","21":"purchasable","22":"product-type-simple"},"acf":[],"_links":{"self":[{"href":"https:\/\/yotavis.ch\/fr\/wp-json\/wp\/v2\/product\/3554","targetHints":{"allow":["GET"]}}],"collection":[{"href":"https:\/\/yotavis.ch\/fr\/wp-json\/wp\/v2\/product"}],"about":[{"href":"https:\/\/yotavis.ch\/fr\/wp-json\/wp\/v2\/types\/product"}],"replies":[{"embeddable":true,"href":"https:\/\/yotavis.ch\/fr\/wp-json\/wp\/v2\/comments?post=3554"}],"wp:featuredmedia":[{"embeddable":true,"href":"https:\/\/yotavis.ch\/fr\/wp-json\/wp\/v2\/media\/4814"}],"wp:attachment":[{"href":"https:\/\/yotavis.ch\/fr\/wp-json\/wp\/v2\/media?parent=3554"}],"wp:term":[{"taxonomy":"product_brand","embeddable":true,"href":"https:\/\/yotavis.ch\/fr\/wp-json\/wp\/v2\/product_brand?post=3554"},{"taxonomy":"product_cat","embeddable":true,"href":"https:\/\/yotavis.ch\/fr\/wp-json\/wp\/v2\/product_cat?post=3554"},{"taxonomy":"product_tag","embeddable":true,"href":"https:\/\/yotavis.ch\/fr\/wp-json\/wp\/v2\/product_tag?post=3554"}],"curies":[{"name":"wp","href":"https:\/\/api.w.org\/{rel}","templated":true}]}}