{"id":3556,"date":"2025-10-09T00:00:00","date_gmt":"2025-10-08T22:00:00","guid":{"rendered":"https:\/\/yotavis.ch\/product\/sds802x-hd-2\/"},"modified":"2026-04-24T13:27:16","modified_gmt":"2026-04-24T11:27:16","slug":"sds802x-hd","status":"publish","type":"product","link":"https:\/\/yotavis.ch\/fr\/produit\/sds802x-hd\/","title":{"rendered":"SDS802X HD"},"content":{"rendered":"<p>Le Siglent SDS802X HD est un oscilloscope \u00e0 2 voies dot\u00e9 d'une r\u00e9solution verticale de 12 bits et d'une bande passante de 70 MHz. Il offre un taux d'\u00e9chantillonnage \u00e9lev\u00e9 de 1000 MS\/s par voie, permettant une analyse d\u00e9taill\u00e9e des signaux. L'appareil comprend une profondeur de m\u00e9moire de 50 Mpts, ce qui permet une capture et une analyse \u00e9tendues des formes d'onde. Cet oscilloscope est \u00e9quip\u00e9 d'une interface \u00e0 \u00e9cran tactile, ce qui am\u00e9liore l'interaction avec l'utilisateur et la facilit\u00e9 d'utilisation. La combinaison de ses caract\u00e9ristiques le rend adapt\u00e9 \u00e0 diverses applications de test et de mesure \u00e9lectroniques n\u00e9cessitant une visualisation pr\u00e9cise du signal.<\/p>","protected":false},"excerpt":{"rendered":"<p>Oscilloscope 2Ch 12bit 70 MHz<\/p>","protected":false},"featured_media":7897,"comment_status":"closed","ping_status":"closed","template":"","meta":{"_acf_changed":false,"slim_seo":{"title":"SDS802X HD - YOTAVIS AG","description":"Oscilloscope 2Ch 12bit 70 MHz"}},"product_brand":[506],"product_cat":[508,507],"product_tag":[],"class_list":{"0":"post-3556","1":"product","2":"type-product","3":"status-publish","4":"has-post-thumbnail","6":"product_brand-siglent","7":"product_cat-desktop-en","8":"product_cat-oscilloscope","9":"pa_bandwidth-mhz-94","10":"pa_channels-350","11":"pa_digital-channels-opt","12":"pa_memory-depht-mpts-95","13":"pa_sampling-rate-channels-ms-s-349","14":"pa_touch-screen-yes","15":"pa_vertical-resolution-bits-348","17":"first","18":"instock","19":"taxable","20":"shipping-taxable","21":"purchasable","22":"product-type-simple"},"acf":[],"_links":{"self":[{"href":"https:\/\/yotavis.ch\/fr\/wp-json\/wp\/v2\/product\/3556","targetHints":{"allow":["GET"]}}],"collection":[{"href":"https:\/\/yotavis.ch\/fr\/wp-json\/wp\/v2\/product"}],"about":[{"href":"https:\/\/yotavis.ch\/fr\/wp-json\/wp\/v2\/types\/product"}],"replies":[{"embeddable":true,"href":"https:\/\/yotavis.ch\/fr\/wp-json\/wp\/v2\/comments?post=3556"}],"wp:featuredmedia":[{"embeddable":true,"href":"https:\/\/yotavis.ch\/fr\/wp-json\/wp\/v2\/media\/7897"}],"wp:attachment":[{"href":"https:\/\/yotavis.ch\/fr\/wp-json\/wp\/v2\/media?parent=3556"}],"wp:term":[{"taxonomy":"product_brand","embeddable":true,"href":"https:\/\/yotavis.ch\/fr\/wp-json\/wp\/v2\/product_brand?post=3556"},{"taxonomy":"product_cat","embeddable":true,"href":"https:\/\/yotavis.ch\/fr\/wp-json\/wp\/v2\/product_cat?post=3556"},{"taxonomy":"product_tag","embeddable":true,"href":"https:\/\/yotavis.ch\/fr\/wp-json\/wp\/v2\/product_tag?post=3556"}],"curies":[{"name":"wp","href":"https:\/\/api.w.org\/{rel}","templated":true}]}}