{"id":3557,"date":"2025-10-09T00:00:00","date_gmt":"2025-10-08T22:00:00","guid":{"rendered":"https:\/\/yotavis.ch\/product\/sds804x-hd\/"},"modified":"2026-04-24T13:27:16","modified_gmt":"2026-04-24T11:27:16","slug":"sds804x-hd","status":"publish","type":"product","link":"https:\/\/yotavis.ch\/fr\/produit\/sds804x-hd\/","title":{"rendered":"SDS804X HD"},"content":{"rendered":"<p>Le Siglent SDS804X HD est un oscilloscope 4 voies dot\u00e9 d'une r\u00e9solution verticale de 12 bits et d'une bande passante de 70 MHz. Il offre un taux d'\u00e9chantillonnage de 500 MS\/s par voie, ce qui permet une analyse d\u00e9taill\u00e9e des signaux. L'appareil comprend une profondeur de m\u00e9moire de 50 Mpts, ce qui permet une capture et un examen \u00e9tendus des formes d'onde. Cet oscilloscope est \u00e9quip\u00e9 d'une interface \u00e0 \u00e9cran tactile, ce qui am\u00e9liore l'interaction avec l'utilisateur et la facilit\u00e9 d'utilisation. La combinaison d'une r\u00e9solution verticale \u00e9lev\u00e9e et d'une profondeur de m\u00e9moire importante permet d'effectuer des mesures pr\u00e9cises et des \u00e9valuations de signaux complexes. Les quatre canaux offrent de multiples options d'entr\u00e9e pour la surveillance simultan\u00e9e des signaux. Dans l'ensemble, le SDS804X HD int\u00e8gre ces sp\u00e9cifications techniques pour prendre en charge diverses applications de test et de diagnostic.<\/p>","protected":false},"excerpt":{"rendered":"<p>Oscilloscope 4Ch 12bit 70 MHz<\/p>","protected":false},"featured_media":4822,"comment_status":"closed","ping_status":"closed","template":"","meta":{"_acf_changed":false,"slim_seo":{"title":"SDS804X HD - YOTAVIS AG","description":"Oscilloscope 4Ch 12bit 70 MHz"}},"product_brand":[506],"product_cat":[508,507],"product_tag":[],"class_list":{"0":"post-3557","1":"product","2":"type-product","3":"status-publish","4":"has-post-thumbnail","6":"product_brand-siglent","7":"product_cat-desktop-en","8":"product_cat-oscilloscope","9":"pa_bandwidth-mhz-94","10":"pa_channels-338","11":"pa_digital-channels-opt","12":"pa_memory-depht-mpts-95","13":"pa_sampling-rate-channels-ms-s-351","14":"pa_touch-screen-yes","15":"pa_vertical-resolution-bits-348","17":"first","18":"instock","19":"taxable","20":"shipping-taxable","21":"purchasable","22":"product-type-simple"},"acf":[],"_links":{"self":[{"href":"https:\/\/yotavis.ch\/fr\/wp-json\/wp\/v2\/product\/3557","targetHints":{"allow":["GET"]}}],"collection":[{"href":"https:\/\/yotavis.ch\/fr\/wp-json\/wp\/v2\/product"}],"about":[{"href":"https:\/\/yotavis.ch\/fr\/wp-json\/wp\/v2\/types\/product"}],"replies":[{"embeddable":true,"href":"https:\/\/yotavis.ch\/fr\/wp-json\/wp\/v2\/comments?post=3557"}],"wp:featuredmedia":[{"embeddable":true,"href":"https:\/\/yotavis.ch\/fr\/wp-json\/wp\/v2\/media\/4822"}],"wp:attachment":[{"href":"https:\/\/yotavis.ch\/fr\/wp-json\/wp\/v2\/media?parent=3557"}],"wp:term":[{"taxonomy":"product_brand","embeddable":true,"href":"https:\/\/yotavis.ch\/fr\/wp-json\/wp\/v2\/product_brand?post=3557"},{"taxonomy":"product_cat","embeddable":true,"href":"https:\/\/yotavis.ch\/fr\/wp-json\/wp\/v2\/product_cat?post=3557"},{"taxonomy":"product_tag","embeddable":true,"href":"https:\/\/yotavis.ch\/fr\/wp-json\/wp\/v2\/product_tag?post=3557"}],"curies":[{"name":"wp","href":"https:\/\/api.w.org\/{rel}","templated":true}]}}