{"id":3558,"date":"2025-10-09T00:00:00","date_gmt":"2025-10-08T22:00:00","guid":{"rendered":"https:\/\/yotavis.ch\/product\/sds812x-hd\/"},"modified":"2026-04-24T13:27:16","modified_gmt":"2026-04-24T11:27:16","slug":"sds812x-hd","status":"publish","type":"product","link":"https:\/\/yotavis.ch\/fr\/produit\/sds812x-hd\/","title":{"rendered":"SDS812X HD"},"content":{"rendered":"<p>Le Siglent SDS812X HD est un oscilloscope \u00e0 2 voies dot\u00e9 d'une r\u00e9solution verticale de 12 bits et d'une bande passante de 100 MHz. Il offre un taux d'\u00e9chantillonnage \u00e9lev\u00e9 de 1000 MS\/s par voie, permettant une analyse d\u00e9taill\u00e9e des signaux. L'appareil comprend une profondeur de m\u00e9moire de 50 Mpts, ce qui permet une capture et une analyse \u00e9tendues des formes d'onde. Ce mod\u00e8le est \u00e9quip\u00e9 d'une interface \u00e0 \u00e9cran tactile, am\u00e9liorant l'interaction avec l'utilisateur et la facilit\u00e9 d'utilisation. L'oscilloscope est con\u00e7u pour traiter une vari\u00e9t\u00e9 de t\u00e2ches de mesure avec pr\u00e9cision, gr\u00e2ce \u00e0 son architecture num\u00e9rique avanc\u00e9e. La combinaison d'une r\u00e9solution, d'une bande passante et d'un taux d'\u00e9chantillonnage \u00e9lev\u00e9s le rend adapt\u00e9 \u00e0 une gamme d'applications de test et de diagnostic \u00e9lectroniques.<\/p>","protected":false},"excerpt":{"rendered":"<p>Oscilloscope 2Ch 12bit 100 MHz<\/p>","protected":false},"featured_media":4823,"comment_status":"closed","ping_status":"closed","template":"","meta":{"_acf_changed":false,"slim_seo":{"title":"SDS812X HD - YOTAVIS AG","description":"Oscilloscope 2Ch 12bit 100 MHz"}},"product_brand":[506],"product_cat":[508,507],"product_tag":[],"class_list":{"0":"post-3558","1":"product","2":"type-product","3":"status-publish","4":"has-post-thumbnail","6":"product_brand-siglent","7":"product_cat-desktop-en","8":"product_cat-oscilloscope","9":"pa_bandwidth-mhz-90","10":"pa_channels-350","11":"pa_digital-channels-opt","12":"pa_memory-depht-mpts-95","13":"pa_sampling-rate-channels-ms-s-349","14":"pa_touch-screen-yes","15":"pa_vertical-resolution-bits-348","17":"first","18":"instock","19":"taxable","20":"shipping-taxable","21":"purchasable","22":"product-type-simple"},"acf":[],"_links":{"self":[{"href":"https:\/\/yotavis.ch\/fr\/wp-json\/wp\/v2\/product\/3558","targetHints":{"allow":["GET"]}}],"collection":[{"href":"https:\/\/yotavis.ch\/fr\/wp-json\/wp\/v2\/product"}],"about":[{"href":"https:\/\/yotavis.ch\/fr\/wp-json\/wp\/v2\/types\/product"}],"replies":[{"embeddable":true,"href":"https:\/\/yotavis.ch\/fr\/wp-json\/wp\/v2\/comments?post=3558"}],"wp:featuredmedia":[{"embeddable":true,"href":"https:\/\/yotavis.ch\/fr\/wp-json\/wp\/v2\/media\/4823"}],"wp:attachment":[{"href":"https:\/\/yotavis.ch\/fr\/wp-json\/wp\/v2\/media?parent=3558"}],"wp:term":[{"taxonomy":"product_brand","embeddable":true,"href":"https:\/\/yotavis.ch\/fr\/wp-json\/wp\/v2\/product_brand?post=3558"},{"taxonomy":"product_cat","embeddable":true,"href":"https:\/\/yotavis.ch\/fr\/wp-json\/wp\/v2\/product_cat?post=3558"},{"taxonomy":"product_tag","embeddable":true,"href":"https:\/\/yotavis.ch\/fr\/wp-json\/wp\/v2\/product_tag?post=3558"}],"curies":[{"name":"wp","href":"https:\/\/api.w.org\/{rel}","templated":true}]}}