{"id":3562,"date":"2025-10-09T00:00:00","date_gmt":"2025-10-08T22:00:00","guid":{"rendered":"https:\/\/yotavis.ch\/product\/sds1202x-e\/"},"modified":"2026-04-24T13:27:18","modified_gmt":"2026-04-24T11:27:18","slug":"sds1202x-e","status":"publish","type":"product","link":"https:\/\/yotavis.ch\/fr\/produit\/sds1202x-e\/","title":{"rendered":"SDS1202X-E"},"content":{"rendered":"<p>Le Siglent SDS1202X-E est un oscilloscope \u00e0 deux voies avec une bande passante de 200 MHz, con\u00e7u pour traiter une large gamme de t\u00e2ches d'analyse de signaux. Il dispose d'un taux d'\u00e9chantillonnage de 500 MS\/s par voie, ce qui permet une capture d\u00e9taill\u00e9e des signaux \u00e0 \u00e9volution rapide. L'appareil est \u00e9quip\u00e9 d'une profondeur de m\u00e9moire de 7 Mpts, ce qui permet de stocker amplement les donn\u00e9es de forme d'onde pendant les mesures. Avec une r\u00e9solution verticale de 8 bits, l'oscilloscope peut repr\u00e9senter avec pr\u00e9cision les amplitudes des signaux pour une analyse pr\u00e9cise. Le SDS1202X-E n'est pas dot\u00e9 d'une interface \u00e0 \u00e9cran tactile, mais plut\u00f4t de m\u00e9thodes de contr\u00f4le traditionnelles. Ce mod\u00e8le convient aux utilisateurs qui ont besoin d'une observation fiable des signaux \u00e0 deux voies avec une bande passante et des capacit\u00e9s d'\u00e9chantillonnage solides.<\/p>","protected":false},"excerpt":{"rendered":"<p>Oscilloscope \u00e0 deux voies 200MHz<\/p>","protected":false},"featured_media":4834,"comment_status":"closed","ping_status":"closed","template":"","meta":{"_acf_changed":false,"slim_seo":{"title":"SDS1202X-E - YOTAVIS AG","description":"Oscilloscope \u00e0 deux voies 200MHz"}},"product_brand":[506],"product_cat":[508,507],"product_tag":[],"class_list":{"0":"post-3562","1":"product","2":"type-product","3":"status-publish","4":"has-post-thumbnail","6":"product_brand-siglent","7":"product_cat-desktop-en","8":"product_cat-oscilloscope","9":"pa_bandwidth-mhz-92","10":"pa_channels-350","11":"pa_digital-channels-opt","12":"pa_memory-depht-mpts-96","13":"pa_sampling-rate-channels-ms-s-351","14":"pa_touch-screen-no","15":"pa_vertical-resolution-bits-340","17":"first","18":"instock","19":"taxable","20":"shipping-taxable","21":"purchasable","22":"product-type-simple"},"acf":[],"_links":{"self":[{"href":"https:\/\/yotavis.ch\/fr\/wp-json\/wp\/v2\/product\/3562","targetHints":{"allow":["GET"]}}],"collection":[{"href":"https:\/\/yotavis.ch\/fr\/wp-json\/wp\/v2\/product"}],"about":[{"href":"https:\/\/yotavis.ch\/fr\/wp-json\/wp\/v2\/types\/product"}],"replies":[{"embeddable":true,"href":"https:\/\/yotavis.ch\/fr\/wp-json\/wp\/v2\/comments?post=3562"}],"wp:featuredmedia":[{"embeddable":true,"href":"https:\/\/yotavis.ch\/fr\/wp-json\/wp\/v2\/media\/4834"}],"wp:attachment":[{"href":"https:\/\/yotavis.ch\/fr\/wp-json\/wp\/v2\/media?parent=3562"}],"wp:term":[{"taxonomy":"product_brand","embeddable":true,"href":"https:\/\/yotavis.ch\/fr\/wp-json\/wp\/v2\/product_brand?post=3562"},{"taxonomy":"product_cat","embeddable":true,"href":"https:\/\/yotavis.ch\/fr\/wp-json\/wp\/v2\/product_cat?post=3562"},{"taxonomy":"product_tag","embeddable":true,"href":"https:\/\/yotavis.ch\/fr\/wp-json\/wp\/v2\/product_tag?post=3562"}],"curies":[{"name":"wp","href":"https:\/\/api.w.org\/{rel}","templated":true}]}}