{"id":3563,"date":"2025-10-09T00:00:00","date_gmt":"2025-10-08T22:00:00","guid":{"rendered":"https:\/\/yotavis.ch\/product\/sds1104x-e\/"},"modified":"2026-04-24T13:27:18","modified_gmt":"2026-04-24T11:27:18","slug":"sds1104x-e","status":"publish","type":"product","link":"https:\/\/yotavis.ch\/fr\/produit\/sds1104x-e\/","title":{"rendered":"SDS1104X-E"},"content":{"rendered":"<p>Le Siglent SDS1104X-E est un oscilloscope 100MHz \u00e9quip\u00e9 de quatre voies, permettant l'analyse simultan\u00e9e de signaux sur plusieurs entr\u00e9es. Il dispose d'un taux d'\u00e9chantillonnage de 500 MS\/s par voie, permettant une capture et une analyse d\u00e9taill\u00e9es des formes d'onde. L'appareil comprend une profondeur de m\u00e9moire de 7 Mpts, ce qui permet un stockage \u00e9tendu des donn\u00e9es pour l'examen de signaux complexes. Avec une r\u00e9solution verticale de 8 bits, il offre des capacit\u00e9s de mesure d'amplitude pr\u00e9cises. L'oscilloscope n'est pas dot\u00e9 d'une interface \u00e0 \u00e9cran tactile et se concentre sur les m\u00e9thodes de contr\u00f4le traditionnelles. Ce mod\u00e8le est con\u00e7u pour g\u00e9rer une bande passante de 100 MHz, adapt\u00e9e \u00e0 une vari\u00e9t\u00e9 d'applications de test \u00e9lectronique. Sa configuration permet l'observation d\u00e9taill\u00e9e des signaux et le d\u00e9pannage sur plusieurs canaux sans l'inclusion de canaux num\u00e9riques ou de fonctions de contr\u00f4le \u00e0 distance.<\/p>","protected":false},"excerpt":{"rendered":"<p>Oscilloscope 4 canaux 100MHz<\/p>","protected":false},"featured_media":4840,"comment_status":"closed","ping_status":"closed","template":"","meta":{"_acf_changed":false,"slim_seo":{"title":"SDS1104X-E - YOTAVIS AG","description":"Oscilloscope 4 canaux 100MHz"}},"product_brand":[506],"product_cat":[508,507],"product_tag":[],"class_list":{"0":"post-3563","1":"product","2":"type-product","3":"status-publish","4":"has-post-thumbnail","6":"product_brand-siglent","7":"product_cat-desktop-en","8":"product_cat-oscilloscope","9":"pa_bandwidth-mhz-90","10":"pa_channels-338","11":"pa_digital-channels-opt","12":"pa_memory-depht-mpts-96","13":"pa_sampling-rate-channels-ms-s-351","14":"pa_touch-screen-no","15":"pa_vertical-resolution-bits-340","17":"first","18":"instock","19":"taxable","20":"shipping-taxable","21":"purchasable","22":"product-type-simple"},"acf":[],"_links":{"self":[{"href":"https:\/\/yotavis.ch\/fr\/wp-json\/wp\/v2\/product\/3563","targetHints":{"allow":["GET"]}}],"collection":[{"href":"https:\/\/yotavis.ch\/fr\/wp-json\/wp\/v2\/product"}],"about":[{"href":"https:\/\/yotavis.ch\/fr\/wp-json\/wp\/v2\/types\/product"}],"replies":[{"embeddable":true,"href":"https:\/\/yotavis.ch\/fr\/wp-json\/wp\/v2\/comments?post=3563"}],"wp:featuredmedia":[{"embeddable":true,"href":"https:\/\/yotavis.ch\/fr\/wp-json\/wp\/v2\/media\/4840"}],"wp:attachment":[{"href":"https:\/\/yotavis.ch\/fr\/wp-json\/wp\/v2\/media?parent=3563"}],"wp:term":[{"taxonomy":"product_brand","embeddable":true,"href":"https:\/\/yotavis.ch\/fr\/wp-json\/wp\/v2\/product_brand?post=3563"},{"taxonomy":"product_cat","embeddable":true,"href":"https:\/\/yotavis.ch\/fr\/wp-json\/wp\/v2\/product_cat?post=3563"},{"taxonomy":"product_tag","embeddable":true,"href":"https:\/\/yotavis.ch\/fr\/wp-json\/wp\/v2\/product_tag?post=3563"}],"curies":[{"name":"wp","href":"https:\/\/api.w.org\/{rel}","templated":true}]}}