{"id":3565,"date":"2025-10-09T00:00:00","date_gmt":"2025-10-08T22:00:00","guid":{"rendered":"https:\/\/yotavis.ch\/product\/sds1104x-u\/"},"modified":"2026-04-24T13:27:21","modified_gmt":"2026-04-24T11:27:21","slug":"sds1104x-u","status":"publish","type":"product","link":"https:\/\/yotavis.ch\/fr\/produit\/sds1104x-u\/","title":{"rendered":"SDS1104X-U"},"content":{"rendered":"<p>Le Siglent SDS1104X-U est un oscilloscope 100MHz \u00e9quip\u00e9 de quatre voies, permettant l'analyse simultan\u00e9e de signaux sur plusieurs entr\u00e9es. Il dispose d'un taux d'\u00e9chantillonnage de 1000 MS\/s par voie, permettant la capture et l'analyse d\u00e9taill\u00e9e des formes d'ondes. L'appareil comprend une profondeur de m\u00e9moire de 14 Mpts, permettant un stockage \u00e9tendu des donn\u00e9es pour l'examen de signaux complexes. Avec une r\u00e9solution verticale de 8 bits, l'oscilloscope offre des capacit\u00e9s de mesure d'amplitude pr\u00e9cises. Ce mod\u00e8le ne comporte pas de voies num\u00e9riques ni d'interface \u00e0 \u00e9cran tactile. La combinaison de sa bande passante et de son taux d'\u00e9chantillonnage le rend adapt\u00e9 \u00e0 une vari\u00e9t\u00e9 d'applications de test et de diagnostic \u00e9lectroniques.<\/p>","protected":false},"excerpt":{"rendered":"<p>Oscilloscope 4 canaux 100MHz<\/p>","protected":false},"featured_media":4847,"comment_status":"closed","ping_status":"closed","template":"","meta":{"_acf_changed":false,"slim_seo":{"title":"SDS1104X-U - YOTAVIS AG","description":"Oscilloscope 4 canaux 100MHz"}},"product_brand":[506],"product_cat":[508,507],"product_tag":[],"class_list":{"0":"post-3565","1":"product","2":"type-product","3":"status-publish","4":"has-post-thumbnail","6":"product_brand-siglent","7":"product_cat-desktop-en","8":"product_cat-oscilloscope","9":"pa_bandwidth-mhz-90","10":"pa_channels-338","11":"pa_digital-channels-no","12":"pa_memory-depht-mpts-98","13":"pa_sampling-rate-channels-ms-s-349","14":"pa_touch-screen-no","15":"pa_vertical-resolution-bits-340","17":"first","18":"instock","19":"taxable","20":"shipping-taxable","21":"purchasable","22":"product-type-simple"},"acf":[],"_links":{"self":[{"href":"https:\/\/yotavis.ch\/fr\/wp-json\/wp\/v2\/product\/3565","targetHints":{"allow":["GET"]}}],"collection":[{"href":"https:\/\/yotavis.ch\/fr\/wp-json\/wp\/v2\/product"}],"about":[{"href":"https:\/\/yotavis.ch\/fr\/wp-json\/wp\/v2\/types\/product"}],"replies":[{"embeddable":true,"href":"https:\/\/yotavis.ch\/fr\/wp-json\/wp\/v2\/comments?post=3565"}],"wp:featuredmedia":[{"embeddable":true,"href":"https:\/\/yotavis.ch\/fr\/wp-json\/wp\/v2\/media\/4847"}],"wp:attachment":[{"href":"https:\/\/yotavis.ch\/fr\/wp-json\/wp\/v2\/media?parent=3565"}],"wp:term":[{"taxonomy":"product_brand","embeddable":true,"href":"https:\/\/yotavis.ch\/fr\/wp-json\/wp\/v2\/product_brand?post=3565"},{"taxonomy":"product_cat","embeddable":true,"href":"https:\/\/yotavis.ch\/fr\/wp-json\/wp\/v2\/product_cat?post=3565"},{"taxonomy":"product_tag","embeddable":true,"href":"https:\/\/yotavis.ch\/fr\/wp-json\/wp\/v2\/product_tag?post=3565"}],"curies":[{"name":"wp","href":"https:\/\/api.w.org\/{rel}","templated":true}]}}