{"id":3566,"date":"2025-10-09T00:00:00","date_gmt":"2025-10-08T22:00:00","guid":{"rendered":"https:\/\/yotavis.ch\/product\/sds1052dl\/"},"modified":"2026-04-24T13:27:22","modified_gmt":"2026-04-24T11:27:22","slug":"sds1052dl","status":"publish","type":"product","link":"https:\/\/yotavis.ch\/fr\/produit\/sds1052dl\/","title":{"rendered":"SDS1052DL+"},"content":{"rendered":"<p>Le Siglent SDS1052DL+ est un oscilloscope \u00e0 deux voies avec une bande passante de 50 MHz, con\u00e7u pour fournir une analyse fiable des signaux. Il dispose de deux voies, permettant l'observation simultan\u00e9e de plusieurs signaux. L'appareil offre un taux d'\u00e9chantillonnage de 500 MS\/s par voie, permettant une capture d\u00e9taill\u00e9e des donn\u00e9es de forme d'onde. Avec une profondeur de m\u00e9moire de 2 Mpts, il peut stocker une quantit\u00e9 importante d'informations sur les formes d'onde pour l'analyse. La r\u00e9solution verticale est de 8 bits, ce qui d\u00e9finit la pr\u00e9cision de la mesure du signal. Cet oscilloscope ne comporte pas de voies num\u00e9riques ni d'interface \u00e0 \u00e9cran tactile. Il convient \u00e0 diverses applications n\u00e9cessitant une visualisation et une mesure pr\u00e9cises des signaux.<\/p>","protected":false},"excerpt":{"rendered":"<p>Oscilloscope \u00e0 deux voies 50MHz<\/p>","protected":false},"featured_media":4859,"comment_status":"closed","ping_status":"closed","template":"","meta":{"_acf_changed":false,"slim_seo":{"title":"SDS1052DL+ - YOTAVIS AG","description":"Oscilloscope \u00e0 deux voies 50MHz"}},"product_brand":[506],"product_cat":[508,507],"product_tag":[],"class_list":{"0":"post-3566","1":"product","2":"type-product","3":"status-publish","4":"has-post-thumbnail","6":"product_brand-siglent","7":"product_cat-desktop-en","8":"product_cat-oscilloscope","9":"pa_bandwidth-mhz-100","10":"pa_channels-350","11":"pa_digital-channels-no","12":"pa_memory-depht-mpts-101","13":"pa_sampling-rate-channels-ms-s-351","14":"pa_touch-screen-no","15":"pa_vertical-resolution-bits-340","17":"first","18":"instock","19":"taxable","20":"shipping-taxable","21":"purchasable","22":"product-type-simple"},"acf":[],"_links":{"self":[{"href":"https:\/\/yotavis.ch\/fr\/wp-json\/wp\/v2\/product\/3566","targetHints":{"allow":["GET"]}}],"collection":[{"href":"https:\/\/yotavis.ch\/fr\/wp-json\/wp\/v2\/product"}],"about":[{"href":"https:\/\/yotavis.ch\/fr\/wp-json\/wp\/v2\/types\/product"}],"replies":[{"embeddable":true,"href":"https:\/\/yotavis.ch\/fr\/wp-json\/wp\/v2\/comments?post=3566"}],"wp:featuredmedia":[{"embeddable":true,"href":"https:\/\/yotavis.ch\/fr\/wp-json\/wp\/v2\/media\/4859"}],"wp:attachment":[{"href":"https:\/\/yotavis.ch\/fr\/wp-json\/wp\/v2\/media?parent=3566"}],"wp:term":[{"taxonomy":"product_brand","embeddable":true,"href":"https:\/\/yotavis.ch\/fr\/wp-json\/wp\/v2\/product_brand?post=3566"},{"taxonomy":"product_cat","embeddable":true,"href":"https:\/\/yotavis.ch\/fr\/wp-json\/wp\/v2\/product_cat?post=3566"},{"taxonomy":"product_tag","embeddable":true,"href":"https:\/\/yotavis.ch\/fr\/wp-json\/wp\/v2\/product_tag?post=3566"}],"curies":[{"name":"wp","href":"https:\/\/api.w.org\/{rel}","templated":true}]}}