{"id":3567,"date":"2025-10-09T00:00:00","date_gmt":"2025-10-08T22:00:00","guid":{"rendered":"https:\/\/yotavis.ch\/product\/sds1102cml\/"},"modified":"2026-04-24T13:27:22","modified_gmt":"2026-04-24T11:27:22","slug":"sds1102cml","status":"publish","type":"product","link":"https:\/\/yotavis.ch\/fr\/produit\/sds1102cml\/","title":{"rendered":"SDS1102CML+"},"content":{"rendered":"<p>Le Siglent SDS1102CML+ est un oscilloscope \u00e0 deux voies avec une bande passante de 100 MHz. Il dispose d'un taux d'\u00e9chantillonnage de 1000 MS\/s par voie, ce qui permet une analyse d\u00e9taill\u00e9e des signaux. L'appareil dispose d'une profondeur de m\u00e9moire de 0,032 Mpts et d'une r\u00e9solution verticale de 8 bits. Il ne comprend pas de voies num\u00e9riques ni d'interface \u00e0 \u00e9cran tactile. Cet oscilloscope est con\u00e7u pour g\u00e9rer deux canaux d'entr\u00e9e simultan\u00e9ment, ce qui le rend adapt\u00e9 \u00e0 diverses t\u00e2ches de mesure. Le mod\u00e8le est identifi\u00e9 par la marque Siglent et est reconnu pour ses sp\u00e9cifications techniques particuli\u00e8res.<\/p>","protected":false},"excerpt":{"rendered":"<p>Oscilloscope \u00e0 deux voies 100MHz<\/p>","protected":false},"featured_media":4862,"comment_status":"closed","ping_status":"closed","template":"","meta":{"_acf_changed":false,"slim_seo":{"title":"SDS1102CML+ - YOTAVIS AG","description":"Oscilloscope \u00e0 deux voies 100MHz"}},"product_brand":[506],"product_cat":[508,507],"product_tag":[],"class_list":{"0":"post-3567","1":"product","2":"type-product","3":"status-publish","4":"has-post-thumbnail","6":"product_brand-siglent","7":"product_cat-desktop-en","8":"product_cat-oscilloscope","9":"pa_bandwidth-mhz-90","10":"pa_channels-350","11":"pa_digital-channels-no","12":"pa_memory-depht-mpts-0-032","13":"pa_sampling-rate-channels-ms-s-349","14":"pa_touch-screen-no","15":"pa_vertical-resolution-bits-340","17":"first","18":"instock","19":"taxable","20":"shipping-taxable","21":"purchasable","22":"product-type-simple"},"acf":[],"_links":{"self":[{"href":"https:\/\/yotavis.ch\/fr\/wp-json\/wp\/v2\/product\/3567","targetHints":{"allow":["GET"]}}],"collection":[{"href":"https:\/\/yotavis.ch\/fr\/wp-json\/wp\/v2\/product"}],"about":[{"href":"https:\/\/yotavis.ch\/fr\/wp-json\/wp\/v2\/types\/product"}],"replies":[{"embeddable":true,"href":"https:\/\/yotavis.ch\/fr\/wp-json\/wp\/v2\/comments?post=3567"}],"wp:featuredmedia":[{"embeddable":true,"href":"https:\/\/yotavis.ch\/fr\/wp-json\/wp\/v2\/media\/4862"}],"wp:attachment":[{"href":"https:\/\/yotavis.ch\/fr\/wp-json\/wp\/v2\/media?parent=3567"}],"wp:term":[{"taxonomy":"product_brand","embeddable":true,"href":"https:\/\/yotavis.ch\/fr\/wp-json\/wp\/v2\/product_brand?post=3567"},{"taxonomy":"product_cat","embeddable":true,"href":"https:\/\/yotavis.ch\/fr\/wp-json\/wp\/v2\/product_cat?post=3567"},{"taxonomy":"product_tag","embeddable":true,"href":"https:\/\/yotavis.ch\/fr\/wp-json\/wp\/v2\/product_tag?post=3567"}],"curies":[{"name":"wp","href":"https:\/\/api.w.org\/{rel}","templated":true}]}}