{"id":3568,"date":"2025-10-09T00:00:00","date_gmt":"2025-10-08T22:00:00","guid":{"rendered":"https:\/\/yotavis.ch\/product\/shs810x\/"},"modified":"2026-04-24T13:27:22","modified_gmt":"2026-04-24T11:27:22","slug":"shs810x","status":"publish","type":"product","link":"https:\/\/yotavis.ch\/fr\/produit\/shs810x\/","title":{"rendered":"SHS810X"},"content":{"rendered":"<p>L'oscilloscope portable Siglent SHS810X dispose d'une bande passante de 100 MHz et de 2 voies pour la mesure des signaux. Il supporte un taux d'\u00e9chantillonnage de 500 MS\/s par voie, permettant une analyse d\u00e9taill\u00e9e des formes d'onde. L'appareil dispose d'une profondeur de m\u00e9moire de 12 Mpts, ce qui permet une capture de donn\u00e9es \u00e9tendue pendant les tests. Avec une r\u00e9solution verticale de 8 bits, il fournit une repr\u00e9sentation pr\u00e9cise du signal. L'oscilloscope fonctionne avec un taux d'\u00e9chantillonnage maximal de 1 GSa\/s sur l'ensemble de ses voies. Il ne comprend pas de voies num\u00e9riques ni d'interface \u00e0 \u00e9cran tactile. Ce mod\u00e8le est con\u00e7u pour une utilisation portable, combinant des capacit\u00e9s de mesure essentielles dans un format compact.<\/p>","protected":false},"excerpt":{"rendered":"<p>100MHz ; 2 voies, 1GSa\/s ; Oscilloscope portable<\/p>","protected":false},"featured_media":12891,"comment_status":"closed","ping_status":"closed","template":"","meta":{"_acf_changed":false,"slim_seo":{"title":"SHS810X - YOTAVIS AG","description":"100MHz ; 2 voies, 1GSa\/s ; Oscilloscope portable"}},"product_brand":[506],"product_cat":[512,507],"product_tag":[],"class_list":{"0":"post-3568","1":"product","2":"type-product","3":"status-publish","4":"has-post-thumbnail","6":"product_brand-siglent","7":"product_cat-handheld-en","8":"product_cat-oscilloscope","9":"pa_bandwidth-mhz-90","10":"pa_channels-350","11":"pa_digital-channels-no","12":"pa_memory-depht-mpts-103","13":"pa_sampling-rate-channels-ms-s-351","14":"pa_touch-screen-no","15":"pa_vertical-resolution-bits-340","17":"first","18":"instock","19":"taxable","20":"shipping-taxable","21":"purchasable","22":"product-type-simple"},"acf":[],"_links":{"self":[{"href":"https:\/\/yotavis.ch\/fr\/wp-json\/wp\/v2\/product\/3568","targetHints":{"allow":["GET"]}}],"collection":[{"href":"https:\/\/yotavis.ch\/fr\/wp-json\/wp\/v2\/product"}],"about":[{"href":"https:\/\/yotavis.ch\/fr\/wp-json\/wp\/v2\/types\/product"}],"replies":[{"embeddable":true,"href":"https:\/\/yotavis.ch\/fr\/wp-json\/wp\/v2\/comments?post=3568"}],"wp:featuredmedia":[{"embeddable":true,"href":"https:\/\/yotavis.ch\/fr\/wp-json\/wp\/v2\/media\/12891"}],"wp:attachment":[{"href":"https:\/\/yotavis.ch\/fr\/wp-json\/wp\/v2\/media?parent=3568"}],"wp:term":[{"taxonomy":"product_brand","embeddable":true,"href":"https:\/\/yotavis.ch\/fr\/wp-json\/wp\/v2\/product_brand?post=3568"},{"taxonomy":"product_cat","embeddable":true,"href":"https:\/\/yotavis.ch\/fr\/wp-json\/wp\/v2\/product_cat?post=3568"},{"taxonomy":"product_tag","embeddable":true,"href":"https:\/\/yotavis.ch\/fr\/wp-json\/wp\/v2\/product_tag?post=3568"}],"curies":[{"name":"wp","href":"https:\/\/api.w.org\/{rel}","templated":true}]}}