{"id":3569,"date":"2025-10-09T00:00:00","date_gmt":"2025-10-08T22:00:00","guid":{"rendered":"https:\/\/yotavis.ch\/product\/shs820x\/"},"modified":"2026-04-24T13:27:23","modified_gmt":"2026-04-24T11:27:23","slug":"shs820x","status":"publish","type":"product","link":"https:\/\/yotavis.ch\/fr\/produit\/shs820x\/","title":{"rendered":"SHS820X"},"content":{"rendered":"<p>L'oscilloscope portable SHS820X de Siglent dispose d'une bande passante de 200 MHz et offre deux voies pour la mesure des signaux. Il supporte un taux d'\u00e9chantillonnage de 500 MS\/s par voie, ce qui permet une analyse d\u00e9taill\u00e9e des formes d'onde. L'appareil comprend une profondeur de m\u00e9moire de 12 Mpts, ce qui permet de capturer des donn\u00e9es de signaux \u00e9tendues pour un examen approfondi. Avec une r\u00e9solution verticale de 8 bits, l'oscilloscope fournit des mesures d'amplitude pr\u00e9cises. Il fonctionne sans canaux num\u00e9riques et ne comporte pas d'interface \u00e0 \u00e9cran tactile. Le SHS820X est con\u00e7u pour la portabilit\u00e9 et la facilit\u00e9 d'utilisation dans divers environnements de test, combinant des sp\u00e9cifications essentielles telles qu'un taux d'\u00e9chantillonnage global de 1 GSa\/s et un facteur de forme compact et portable.<\/p>","protected":false},"excerpt":{"rendered":"<p>200MHz ; 2 voies, 1GSa\/s ; Oscilloscope portable<\/p>","protected":false},"featured_media":4870,"comment_status":"closed","ping_status":"closed","template":"","meta":{"_acf_changed":false,"slim_seo":{"title":"SHS820X - YOTAVIS AG","description":"200MHz ; 2 voies, 1GSa\/s ; Oscilloscope portable"}},"product_brand":[506],"product_cat":[512,507],"product_tag":[],"class_list":{"0":"post-3569","1":"product","2":"type-product","3":"status-publish","4":"has-post-thumbnail","6":"product_brand-siglent","7":"product_cat-handheld-en","8":"product_cat-oscilloscope","9":"pa_bandwidth-mhz-92","10":"pa_channels-350","11":"pa_digital-channels-no","12":"pa_memory-depht-mpts-103","13":"pa_sampling-rate-channels-ms-s-351","14":"pa_touch-screen-no","15":"pa_vertical-resolution-bits-340","17":"first","18":"instock","19":"taxable","20":"shipping-taxable","21":"purchasable","22":"product-type-simple"},"acf":[],"_links":{"self":[{"href":"https:\/\/yotavis.ch\/fr\/wp-json\/wp\/v2\/product\/3569","targetHints":{"allow":["GET"]}}],"collection":[{"href":"https:\/\/yotavis.ch\/fr\/wp-json\/wp\/v2\/product"}],"about":[{"href":"https:\/\/yotavis.ch\/fr\/wp-json\/wp\/v2\/types\/product"}],"replies":[{"embeddable":true,"href":"https:\/\/yotavis.ch\/fr\/wp-json\/wp\/v2\/comments?post=3569"}],"wp:featuredmedia":[{"embeddable":true,"href":"https:\/\/yotavis.ch\/fr\/wp-json\/wp\/v2\/media\/4870"}],"wp:attachment":[{"href":"https:\/\/yotavis.ch\/fr\/wp-json\/wp\/v2\/media?parent=3569"}],"wp:term":[{"taxonomy":"product_brand","embeddable":true,"href":"https:\/\/yotavis.ch\/fr\/wp-json\/wp\/v2\/product_brand?post=3569"},{"taxonomy":"product_cat","embeddable":true,"href":"https:\/\/yotavis.ch\/fr\/wp-json\/wp\/v2\/product_cat?post=3569"},{"taxonomy":"product_tag","embeddable":true,"href":"https:\/\/yotavis.ch\/fr\/wp-json\/wp\/v2\/product_tag?post=3569"}],"curies":[{"name":"wp","href":"https:\/\/api.w.org\/{rel}","templated":true}]}}