{"id":3570,"date":"2025-10-09T00:00:00","date_gmt":"2025-10-08T22:00:00","guid":{"rendered":"https:\/\/yotavis.ch\/product\/shs1102x\/"},"modified":"2026-04-24T13:27:23","modified_gmt":"2026-04-24T11:27:23","slug":"shs1102x","status":"publish","type":"product","link":"https:\/\/yotavis.ch\/fr\/produit\/shs1102x\/","title":{"rendered":"SHS1102X"},"content":{"rendered":"<p>Le SHS1102X est un oscilloscope portable de Siglent dot\u00e9 de deux voies isol\u00e9es avec une bande passante de 100 MHz. Il offre un taux d'\u00e9chantillonnage de 500 MS\/s par voie et une profondeur de m\u00e9moire de 12 Mpts, permettant une analyse d\u00e9taill\u00e9e des signaux. L'appareil a une r\u00e9solution verticale de 8 bits, offrant des capacit\u00e9s de mesure pr\u00e9cises. Il fonctionne avec un taux d'\u00e9chantillonnage maximum de 1 GSa\/s sur ses deux voies. Cet oscilloscope ne comporte pas de voies num\u00e9riques ni d'interface \u00e0 \u00e9cran tactile. Con\u00e7u pour la portabilit\u00e9, il permet une acquisition et une analyse efficaces des donn\u00e9es dans divers environnements. La combinaison de sa bande passante, de sa fr\u00e9quence d'\u00e9chantillonnage et de sa profondeur de m\u00e9moire lui permet de capturer et d'examiner une large gamme de signaux \u00e9lectroniques.<\/p>","protected":false},"excerpt":{"rendered":"<p>100MHz ; 2 voies isol\u00e9es, 1GSa\/s ; -Oscilloscope portable<\/p>","protected":false},"featured_media":4871,"comment_status":"closed","ping_status":"closed","template":"","meta":{"_acf_changed":false,"slim_seo":{"title":"SHS1102X - YOTAVIS AG","description":"100MHz ; 2 voies isol\u00e9es, 1GSa\/s ; -Oscilloscope portable"}},"product_brand":[506],"product_cat":[512,507],"product_tag":[],"class_list":{"0":"post-3570","1":"product","2":"type-product","3":"status-publish","4":"has-post-thumbnail","6":"product_brand-siglent","7":"product_cat-handheld-en","8":"product_cat-oscilloscope","9":"pa_bandwidth-mhz-90","10":"pa_channels-350","11":"pa_digital-channels-no","12":"pa_memory-depht-mpts-103","13":"pa_sampling-rate-channels-ms-s-351","14":"pa_touch-screen-no","15":"pa_vertical-resolution-bits-340","17":"first","18":"instock","19":"taxable","20":"shipping-taxable","21":"purchasable","22":"product-type-simple"},"acf":[],"_links":{"self":[{"href":"https:\/\/yotavis.ch\/fr\/wp-json\/wp\/v2\/product\/3570","targetHints":{"allow":["GET"]}}],"collection":[{"href":"https:\/\/yotavis.ch\/fr\/wp-json\/wp\/v2\/product"}],"about":[{"href":"https:\/\/yotavis.ch\/fr\/wp-json\/wp\/v2\/types\/product"}],"replies":[{"embeddable":true,"href":"https:\/\/yotavis.ch\/fr\/wp-json\/wp\/v2\/comments?post=3570"}],"wp:featuredmedia":[{"embeddable":true,"href":"https:\/\/yotavis.ch\/fr\/wp-json\/wp\/v2\/media\/4871"}],"wp:attachment":[{"href":"https:\/\/yotavis.ch\/fr\/wp-json\/wp\/v2\/media?parent=3570"}],"wp:term":[{"taxonomy":"product_brand","embeddable":true,"href":"https:\/\/yotavis.ch\/fr\/wp-json\/wp\/v2\/product_brand?post=3570"},{"taxonomy":"product_cat","embeddable":true,"href":"https:\/\/yotavis.ch\/fr\/wp-json\/wp\/v2\/product_cat?post=3570"},{"taxonomy":"product_tag","embeddable":true,"href":"https:\/\/yotavis.ch\/fr\/wp-json\/wp\/v2\/product_tag?post=3570"}],"curies":[{"name":"wp","href":"https:\/\/api.w.org\/{rel}","templated":true}]}}