{"id":3571,"date":"2025-10-09T00:00:00","date_gmt":"2025-10-08T22:00:00","guid":{"rendered":"https:\/\/yotavis.ch\/product\/shs1202x\/"},"modified":"2026-04-24T13:27:23","modified_gmt":"2026-04-24T11:27:23","slug":"shs1202x","status":"publish","type":"product","link":"https:\/\/yotavis.ch\/fr\/produit\/shs1202x\/","title":{"rendered":"SHS1202X"},"content":{"rendered":"<p>L'oscilloscope portable SHS1202X de Siglent dispose d'une bande passante de 200 MHz et offre deux voies isol\u00e9es pour la mesure des signaux. Il supporte un taux d'\u00e9chantillonnage maximum de 1 GSa\/s, chaque voie \u00e9tant capable d'\u00e9chantillonner \u00e0 500 MS\/s. L'appareil comprend une profondeur de m\u00e9moire de 12 Mpts, ce qui permet de capturer et d'analyser des formes d'ondes d\u00e9taill\u00e9es. Il a une r\u00e9solution verticale de 8 bits, ce qui permet une repr\u00e9sentation pr\u00e9cise du signal. Cet oscilloscope ne comporte pas de voies num\u00e9riques ni d'interface \u00e0 \u00e9cran tactile. Con\u00e7u pour la portabilit\u00e9, il combine des capacit\u00e9s de mesure essentielles sous une forme compacte et portable. Le SHS1202X convient \u00e0 diverses applications n\u00e9cessitant une acquisition pr\u00e9cise et isol\u00e9e de signaux \u00e0 deux voies.<\/p>","protected":false},"excerpt":{"rendered":"<p>200MHz ; 2 voies isol\u00e9es, 1GSa\/s ; -Oscilloscope portable<\/p>","protected":false},"featured_media":4874,"comment_status":"closed","ping_status":"closed","template":"","meta":{"_acf_changed":false,"slim_seo":{"title":"SHS1202X - YOTAVIS AG","description":"200MHz ; 2 voies isol\u00e9es, 1GSa\/s ; -Oscilloscope portable"}},"product_brand":[506],"product_cat":[512,507],"product_tag":[],"class_list":{"0":"post-3571","1":"product","2":"type-product","3":"status-publish","4":"has-post-thumbnail","6":"product_brand-siglent","7":"product_cat-handheld-en","8":"product_cat-oscilloscope","9":"pa_bandwidth-mhz-92","10":"pa_channels-350","11":"pa_digital-channels-no","12":"pa_memory-depht-mpts-103","13":"pa_sampling-rate-channels-ms-s-351","14":"pa_touch-screen-no","15":"pa_vertical-resolution-bits-340","17":"first","18":"instock","19":"taxable","20":"shipping-taxable","21":"purchasable","22":"product-type-simple"},"acf":[],"_links":{"self":[{"href":"https:\/\/yotavis.ch\/fr\/wp-json\/wp\/v2\/product\/3571","targetHints":{"allow":["GET"]}}],"collection":[{"href":"https:\/\/yotavis.ch\/fr\/wp-json\/wp\/v2\/product"}],"about":[{"href":"https:\/\/yotavis.ch\/fr\/wp-json\/wp\/v2\/types\/product"}],"replies":[{"embeddable":true,"href":"https:\/\/yotavis.ch\/fr\/wp-json\/wp\/v2\/comments?post=3571"}],"wp:featuredmedia":[{"embeddable":true,"href":"https:\/\/yotavis.ch\/fr\/wp-json\/wp\/v2\/media\/4874"}],"wp:attachment":[{"href":"https:\/\/yotavis.ch\/fr\/wp-json\/wp\/v2\/media?parent=3571"}],"wp:term":[{"taxonomy":"product_brand","embeddable":true,"href":"https:\/\/yotavis.ch\/fr\/wp-json\/wp\/v2\/product_brand?post=3571"},{"taxonomy":"product_cat","embeddable":true,"href":"https:\/\/yotavis.ch\/fr\/wp-json\/wp\/v2\/product_cat?post=3571"},{"taxonomy":"product_tag","embeddable":true,"href":"https:\/\/yotavis.ch\/fr\/wp-json\/wp\/v2\/product_tag?post=3571"}],"curies":[{"name":"wp","href":"https:\/\/api.w.org\/{rel}","templated":true}]}}