{"id":3572,"date":"2025-10-09T00:00:00","date_gmt":"2025-10-08T22:00:00","guid":{"rendered":"https:\/\/yotavis.ch\/product\/sdg810\/"},"modified":"2026-04-24T13:27:24","modified_gmt":"2026-04-24T11:27:24","slug":"sdg810","status":"publish","type":"product","link":"https:\/\/yotavis.ch\/fr\/produit\/sdg810\/","title":{"rendered":"SDG810"},"content":{"rendered":"<p>Le Siglent SDG810 est un g\u00e9n\u00e9rateur de forme d'onde arbitraire monocanal avec une fr\u00e9quence maximale de 10 MHz. Il dispose d'un taux d'\u00e9chantillonnage de 125 MSa\/s, ce qui permet de g\u00e9n\u00e9rer des signaux pr\u00e9cis. Le dispositif supporte les modes balayage et rafale, offrant des options de sortie de forme d'onde polyvalentes. Sa profondeur de m\u00e9moire est de 0,016 Mpts, ce qui permet de stocker des donn\u00e9es de forme d'onde pour la sortie. Le temps de transition minimum est de 20 ns et la largeur d'impulsion minimum est de 16 ns, param\u00e8tres critiques pour la pr\u00e9cision de la g\u00e9n\u00e9ration de signaux. L'amplitude peut atteindre 10 V, ce qui le rend adapt\u00e9 \u00e0 diverses applications de test et de mesure. Ce mod\u00e8le combine des caract\u00e9ristiques essentielles pour la g\u00e9n\u00e9ration de formes d'onde dans un design compact.<\/p>","protected":false},"excerpt":{"rendered":"<p>10MHz ; 1 canal ; 125MSa\/s ; AWG\/AFG<\/p>","protected":false},"featured_media":4887,"comment_status":"closed","ping_status":"closed","template":"","meta":{"_acf_changed":false,"slim_seo":{"title":"SDG810 - YOTAVIS AG","description":"10MHz ; 1 canal ; 125MSa\/s ; AWG\/AFG"}},"product_brand":[506],"product_cat":[1189,541,513],"product_tag":[],"class_list":{"0":"post-3572","1":"product","2":"type-product","3":"status-publish","4":"has-post-thumbnail","6":"product_brand-siglent","7":"product_cat-afg","8":"product_cat-awg","9":"product_cat-generator","10":"pa_amplitude-v-106","11":"pa_burst-yes","12":"pa_channels-384","13":"pa_frequency-mhz-105","14":"pa_memory-mpts-0-016","15":"pa_pulse-width-min-ns-112","16":"pa_sampling-rate-ms-s-109","17":"pa_sweep-yes","18":"pa_transition-time-min-ns-111","19":"pa_vertical-resolution-bits-113","21":"first","22":"instock","23":"taxable","24":"shipping-taxable","25":"purchasable","26":"product-type-simple"},"acf":[],"_links":{"self":[{"href":"https:\/\/yotavis.ch\/fr\/wp-json\/wp\/v2\/product\/3572","targetHints":{"allow":["GET"]}}],"collection":[{"href":"https:\/\/yotavis.ch\/fr\/wp-json\/wp\/v2\/product"}],"about":[{"href":"https:\/\/yotavis.ch\/fr\/wp-json\/wp\/v2\/types\/product"}],"replies":[{"embeddable":true,"href":"https:\/\/yotavis.ch\/fr\/wp-json\/wp\/v2\/comments?post=3572"}],"wp:featuredmedia":[{"embeddable":true,"href":"https:\/\/yotavis.ch\/fr\/wp-json\/wp\/v2\/media\/4887"}],"wp:attachment":[{"href":"https:\/\/yotavis.ch\/fr\/wp-json\/wp\/v2\/media?parent=3572"}],"wp:term":[{"taxonomy":"product_brand","embeddable":true,"href":"https:\/\/yotavis.ch\/fr\/wp-json\/wp\/v2\/product_brand?post=3572"},{"taxonomy":"product_cat","embeddable":true,"href":"https:\/\/yotavis.ch\/fr\/wp-json\/wp\/v2\/product_cat?post=3572"},{"taxonomy":"product_tag","embeddable":true,"href":"https:\/\/yotavis.ch\/fr\/wp-json\/wp\/v2\/product_tag?post=3572"}],"curies":[{"name":"wp","href":"https:\/\/api.w.org\/{rel}","templated":true}]}}