{"id":3573,"date":"2025-10-09T00:00:00","date_gmt":"2025-10-08T22:00:00","guid":{"rendered":"https:\/\/yotavis.ch\/product\/sdg830\/"},"modified":"2026-04-24T13:27:24","modified_gmt":"2026-04-24T11:27:24","slug":"sdg830","status":"publish","type":"product","link":"https:\/\/yotavis.ch\/fr\/produit\/sdg830\/","title":{"rendered":"SDG830"},"content":{"rendered":"<p>Le Siglent SDG830 est un g\u00e9n\u00e9rateur de forme d'onde arbitraire de 30MHz dot\u00e9 d'une seule voie de sortie. Il fonctionne avec une fr\u00e9quence maximale de 30MHz et supporte une amplitude allant jusqu'\u00e0 10 volts. Le dispositif offre un taux d'\u00e9chantillonnage de 125MSa\/s et comprend une profondeur de m\u00e9moire de 0,016Mpts. Il prend en charge les modes balayage et rafale, ce qui permet de g\u00e9n\u00e9rer des signaux polyvalents. La largeur d'impulsion minimale r\u00e9alisable est de 16 nanosecondes, avec un temps de transition aussi bas que 20 nanosecondes. Ce mod\u00e8le est con\u00e7u pour fournir une sortie de forme d'onde pr\u00e9cise avec une r\u00e9solution verticale qui n'est pas sp\u00e9cifi\u00e9e. Le SDG830 convient aux applications n\u00e9cessitant un contr\u00f4le d\u00e9taill\u00e9 de la forme d'onde et une pr\u00e9cision temporelle.<\/p>","protected":false},"excerpt":{"rendered":"<p>30MHz ; 1 canal ; 125MSa\/s ; AWG\/AFG<\/p>","protected":false},"featured_media":4889,"comment_status":"closed","ping_status":"closed","template":"","meta":{"_acf_changed":false,"slim_seo":{"title":"SDG830 - YOTAVIS AG","description":"30MHz ; 1 canal ; 125MSa\/s ; AWG\/AFG"}},"product_brand":[506],"product_cat":[1189,541,513],"product_tag":[],"class_list":{"0":"post-3573","1":"product","2":"type-product","3":"status-publish","4":"has-post-thumbnail","6":"product_brand-siglent","7":"product_cat-afg","8":"product_cat-awg","9":"product_cat-generator","10":"pa_amplitude-v-106","11":"pa_burst-yes","12":"pa_channels-384","13":"pa_frequency-mhz-116","14":"pa_memory-mpts-0-016","15":"pa_pulse-width-min-ns-112","16":"pa_sampling-rate-ms-s-109","17":"pa_sweep-yes","18":"pa_transition-time-min-ns-111","19":"pa_vertical-resolution-bits-113","21":"first","22":"instock","23":"taxable","24":"shipping-taxable","25":"purchasable","26":"product-type-simple"},"acf":[],"_links":{"self":[{"href":"https:\/\/yotavis.ch\/fr\/wp-json\/wp\/v2\/product\/3573","targetHints":{"allow":["GET"]}}],"collection":[{"href":"https:\/\/yotavis.ch\/fr\/wp-json\/wp\/v2\/product"}],"about":[{"href":"https:\/\/yotavis.ch\/fr\/wp-json\/wp\/v2\/types\/product"}],"replies":[{"embeddable":true,"href":"https:\/\/yotavis.ch\/fr\/wp-json\/wp\/v2\/comments?post=3573"}],"wp:featuredmedia":[{"embeddable":true,"href":"https:\/\/yotavis.ch\/fr\/wp-json\/wp\/v2\/media\/4889"}],"wp:attachment":[{"href":"https:\/\/yotavis.ch\/fr\/wp-json\/wp\/v2\/media?parent=3573"}],"wp:term":[{"taxonomy":"product_brand","embeddable":true,"href":"https:\/\/yotavis.ch\/fr\/wp-json\/wp\/v2\/product_brand?post=3573"},{"taxonomy":"product_cat","embeddable":true,"href":"https:\/\/yotavis.ch\/fr\/wp-json\/wp\/v2\/product_cat?post=3573"},{"taxonomy":"product_tag","embeddable":true,"href":"https:\/\/yotavis.ch\/fr\/wp-json\/wp\/v2\/product_tag?post=3573"}],"curies":[{"name":"wp","href":"https:\/\/api.w.org\/{rel}","templated":true}]}}