{"id":3574,"date":"2025-10-09T00:00:00","date_gmt":"2025-10-08T22:00:00","guid":{"rendered":"https:\/\/yotavis.ch\/product\/sdg1032x\/"},"modified":"2026-04-24T13:27:24","modified_gmt":"2026-04-24T11:27:24","slug":"sdg1032x","status":"publish","type":"product","link":"https:\/\/yotavis.ch\/fr\/produit\/sdg1032x\/","title":{"rendered":"SDG1032X"},"content":{"rendered":"<p>Le Siglent SDG1032X est un g\u00e9n\u00e9rateur de fonctions 30MHz avec deux canaux et un taux d'\u00e9chantillonnage de 150MSa\/s. Il supporte les modes g\u00e9n\u00e9rateur de formes d'ondes arbitraires (AWG) et g\u00e9n\u00e9rateur de fonctions arbitraires (AFG). Il supporte les modes g\u00e9n\u00e9rateur de forme d'onde arbitraire (AWG) et g\u00e9n\u00e9rateur de fonction arbitraire (AFG). Le dispositif offre une amplitude allant jusqu'\u00e0 10 volts et comprend des capacit\u00e9s de balayage et de rafale. Sa profondeur de m\u00e9moire est de 0,016 Mpts, ce qui permet de stocker et de g\u00e9n\u00e9rer des formes d'onde d\u00e9taill\u00e9es. Le temps de transition minimal est de 16,80 nanosecondes, tandis que la largeur d'impulsion minimale est de 32,6 nanosecondes. Cette combinaison de caract\u00e9ristiques rend le SDG1032X adapt\u00e9 \u00e0 diverses t\u00e2ches de g\u00e9n\u00e9ration de signaux n\u00e9cessitant un contr\u00f4le pr\u00e9cis de la synchronisation et de la forme d'onde.<\/p>","protected":false},"excerpt":{"rendered":"<p>30MHz ; 2 canaux ; 150MSa\/s ; AWG\/AFG<\/p>","protected":false},"featured_media":4893,"comment_status":"closed","ping_status":"closed","template":"","meta":{"_acf_changed":false,"slim_seo":{"title":"SDG1032X - YOTAVIS AG","description":"30MHz ; 2 canaux ; 150MSa\/s ; AWG\/AFG"}},"product_brand":[506],"product_cat":[1189,541,513],"product_tag":[],"class_list":{"0":"post-3574","1":"product","2":"type-product","3":"status-publish","4":"has-post-thumbnail","6":"product_brand-siglent","7":"product_cat-afg","8":"product_cat-awg","9":"product_cat-generator","10":"pa_amplitude-v-106","11":"pa_burst-yes","12":"pa_channels-350","13":"pa_frequency-mhz-116","14":"pa_memory-mpts-0-016","15":"pa_pulse-width-min-ns-32-6","16":"pa_sampling-rate-ms-s-117","17":"pa_sweep-yes","18":"pa_transition-time-min-ns-16-80","19":"pa_vertical-resolution-bits-113","21":"first","22":"instock","23":"taxable","24":"shipping-taxable","25":"purchasable","26":"product-type-simple"},"acf":[],"_links":{"self":[{"href":"https:\/\/yotavis.ch\/fr\/wp-json\/wp\/v2\/product\/3574","targetHints":{"allow":["GET"]}}],"collection":[{"href":"https:\/\/yotavis.ch\/fr\/wp-json\/wp\/v2\/product"}],"about":[{"href":"https:\/\/yotavis.ch\/fr\/wp-json\/wp\/v2\/types\/product"}],"replies":[{"embeddable":true,"href":"https:\/\/yotavis.ch\/fr\/wp-json\/wp\/v2\/comments?post=3574"}],"wp:featuredmedia":[{"embeddable":true,"href":"https:\/\/yotavis.ch\/fr\/wp-json\/wp\/v2\/media\/4893"}],"wp:attachment":[{"href":"https:\/\/yotavis.ch\/fr\/wp-json\/wp\/v2\/media?parent=3574"}],"wp:term":[{"taxonomy":"product_brand","embeddable":true,"href":"https:\/\/yotavis.ch\/fr\/wp-json\/wp\/v2\/product_brand?post=3574"},{"taxonomy":"product_cat","embeddable":true,"href":"https:\/\/yotavis.ch\/fr\/wp-json\/wp\/v2\/product_cat?post=3574"},{"taxonomy":"product_tag","embeddable":true,"href":"https:\/\/yotavis.ch\/fr\/wp-json\/wp\/v2\/product_tag?post=3574"}],"curies":[{"name":"wp","href":"https:\/\/api.w.org\/{rel}","templated":true}]}}