{"id":3575,"date":"2025-10-09T00:00:00","date_gmt":"2025-10-08T22:00:00","guid":{"rendered":"https:\/\/yotavis.ch\/product\/sdg1062x\/"},"modified":"2026-04-24T13:27:24","modified_gmt":"2026-04-24T11:27:24","slug":"sdg1062x","status":"publish","type":"product","link":"https:\/\/yotavis.ch\/fr\/produit\/sdg1062x\/","title":{"rendered":"SDG1062X"},"content":{"rendered":"<p>Le Siglent SDG1062X est un g\u00e9n\u00e9rateur de formes d'ondes arbitraires et un g\u00e9n\u00e9rateur de fonctions \u00e0 deux canaux de 60MHz, con\u00e7u pour d\u00e9livrer des signaux pr\u00e9cis. Il fonctionne avec une fr\u00e9quence maximale de 60MHz et supporte une amplitude allant jusqu'\u00e0 10 volts. Le dispositif dispose d'un taux d'\u00e9chantillonnage de 150MSa\/s, ce qui permet de g\u00e9n\u00e9rer et d'analyser des formes d'ondes d\u00e9taill\u00e9es. Il comprend des capacit\u00e9s de balayage et de rafale, ce qui accro\u00eet sa polyvalence pour divers sc\u00e9narios de test. La profondeur de m\u00e9moire du SDG1062X est de 0,016 Mpts, ce qui permet le stockage et la lecture de formes d'ondes complexes. Le temps de transition minimal est de 16,80 nanosecondes et la largeur d'impulsion minimale est de 32,6 nanosecondes, ce qui permet de g\u00e9n\u00e9rer des impulsions nettes et pr\u00e9cises. Ce mod\u00e8le convient aux applications n\u00e9cessitant un contr\u00f4le pr\u00e9cis de la synchronisation et de la forme d'onde.<\/p>","protected":false},"excerpt":{"rendered":"<p>60MHz ; 2 canaux ; 150MSa\/s ; AWG\/AFG<\/p>","protected":false},"featured_media":4901,"comment_status":"closed","ping_status":"closed","template":"","meta":{"_acf_changed":false,"slim_seo":{"title":"SDG1062X - YOTAVIS AG","description":"60MHz ; 2 canaux ; 150MSa\/s ; AWG\/AFG"}},"product_brand":[506],"product_cat":[1189,541,513],"product_tag":[],"class_list":{"0":"post-3575","1":"product","2":"type-product","3":"status-publish","4":"has-post-thumbnail","6":"product_brand-siglent","7":"product_cat-afg","8":"product_cat-awg","9":"product_cat-generator","10":"pa_amplitude-v-106","11":"pa_burst-yes","12":"pa_channels-350","13":"pa_frequency-mhz-120","14":"pa_memory-mpts-0-016","15":"pa_pulse-width-min-ns-32-6","16":"pa_sampling-rate-ms-s-117","17":"pa_sweep-yes","18":"pa_transition-time-min-ns-16-80","19":"pa_vertical-resolution-bits-113","21":"first","22":"instock","23":"taxable","24":"shipping-taxable","25":"purchasable","26":"product-type-simple"},"acf":[],"_links":{"self":[{"href":"https:\/\/yotavis.ch\/fr\/wp-json\/wp\/v2\/product\/3575","targetHints":{"allow":["GET"]}}],"collection":[{"href":"https:\/\/yotavis.ch\/fr\/wp-json\/wp\/v2\/product"}],"about":[{"href":"https:\/\/yotavis.ch\/fr\/wp-json\/wp\/v2\/types\/product"}],"replies":[{"embeddable":true,"href":"https:\/\/yotavis.ch\/fr\/wp-json\/wp\/v2\/comments?post=3575"}],"wp:featuredmedia":[{"embeddable":true,"href":"https:\/\/yotavis.ch\/fr\/wp-json\/wp\/v2\/media\/4901"}],"wp:attachment":[{"href":"https:\/\/yotavis.ch\/fr\/wp-json\/wp\/v2\/media?parent=3575"}],"wp:term":[{"taxonomy":"product_brand","embeddable":true,"href":"https:\/\/yotavis.ch\/fr\/wp-json\/wp\/v2\/product_brand?post=3575"},{"taxonomy":"product_cat","embeddable":true,"href":"https:\/\/yotavis.ch\/fr\/wp-json\/wp\/v2\/product_cat?post=3575"},{"taxonomy":"product_tag","embeddable":true,"href":"https:\/\/yotavis.ch\/fr\/wp-json\/wp\/v2\/product_tag?post=3575"}],"curies":[{"name":"wp","href":"https:\/\/api.w.org\/{rel}","templated":true}]}}