{"id":3579,"date":"2025-10-09T00:00:00","date_gmt":"2025-10-08T22:00:00","guid":{"rendered":"https:\/\/yotavis.ch\/product\/sdg2042x\/"},"modified":"2026-04-24T13:27:26","modified_gmt":"2026-04-24T11:27:26","slug":"sdg2042x","status":"publish","type":"product","link":"https:\/\/yotavis.ch\/fr\/produit\/sdg2042x\/","title":{"rendered":"SDG2042X"},"content":{"rendered":"<p>Le Siglent SDG2042X est un g\u00e9n\u00e9rateur de formes d'onde dot\u00e9 d'une fr\u00e9quence maximale de 40 MHz et de deux canaux de sortie. Il supporte un taux d'\u00e9chantillonnage de 1,2 GSa\/s et offre une profondeur de m\u00e9moire de 8 Mpts, permettant la g\u00e9n\u00e9ration et le stockage de formes d'ondes d\u00e9taill\u00e9es. L'appareil int\u00e8gre la technologie EasyPulse, qui am\u00e9liore la g\u00e9n\u00e9ration de signaux d'impulsion avec un temps de transition minimal de 8,4 ns et une largeur d'impulsion minimale de 16,3 ns. Il fournit une amplitude de sortie allant jusqu'\u00e0 10 V et prend en charge les fonctions de balayage et de rafale pour une modulation polyvalente du signal. La sortie de forme d'onde peut aller de 8 points \u00e0 8 millions de points, ce qui permet de s'adapter \u00e0 une grande vari\u00e9t\u00e9 de complexit\u00e9s de signaux. Avec un taux d'\u00e9chantillonnage de 300 MS\/s et une capacit\u00e9 de m\u00e9moire de 8 MPts, le SDG2042X est con\u00e7u pour traiter des sorties de formes d'ondes arbitraires pr\u00e9cises et complexes. Cette combinaison de caract\u00e9ristiques le rend adapt\u00e9 aux applications n\u00e9cessitant une g\u00e9n\u00e9ration de signaux d\u00e9taill\u00e9e et flexible.<\/p>","protected":false},"excerpt":{"rendered":"<p>40MHz ; 2 canaux ; 1,2GSa\/s ; longueur d'onde : fonction 8pts-8Mpts\/sortie de forme d'onde arbitraire ; technologie EasyPulse<\/p>","protected":false},"featured_media":4921,"comment_status":"closed","ping_status":"closed","template":"","meta":{"_acf_changed":false,"slim_seo":{"title":"SDG2042X - YOTAVIS AG","description":"40MHz ; 2 canaux ; 1,2GSa\/s ; longueur d'onde : fonction 8pts-8Mpts\/sortie de forme d'onde arbitraire ; technologie EasyPulse"}},"product_brand":[506],"product_cat":[1189,541,513],"product_tag":[],"class_list":{"0":"post-3579","1":"product","2":"type-product","3":"status-publish","4":"has-post-thumbnail","6":"product_brand-siglent","7":"product_cat-afg","8":"product_cat-awg","9":"product_cat-generator","10":"pa_amplitude-v-106","11":"pa_burst-yes","12":"pa_channels-350","13":"pa_frequency-mhz-126","14":"pa_memory-mpts-128","15":"pa_pulse-width-min-ns-16-3","16":"pa_sampling-rate-ms-s-127","17":"pa_sweep-yes","18":"pa_transition-time-min-ns-8-4","19":"pa_vertical-resolution-bits-125","21":"first","22":"instock","23":"taxable","24":"shipping-taxable","25":"purchasable","26":"product-type-simple"},"acf":[],"_links":{"self":[{"href":"https:\/\/yotavis.ch\/fr\/wp-json\/wp\/v2\/product\/3579","targetHints":{"allow":["GET"]}}],"collection":[{"href":"https:\/\/yotavis.ch\/fr\/wp-json\/wp\/v2\/product"}],"about":[{"href":"https:\/\/yotavis.ch\/fr\/wp-json\/wp\/v2\/types\/product"}],"replies":[{"embeddable":true,"href":"https:\/\/yotavis.ch\/fr\/wp-json\/wp\/v2\/comments?post=3579"}],"wp:featuredmedia":[{"embeddable":true,"href":"https:\/\/yotavis.ch\/fr\/wp-json\/wp\/v2\/media\/4921"}],"wp:attachment":[{"href":"https:\/\/yotavis.ch\/fr\/wp-json\/wp\/v2\/media?parent=3579"}],"wp:term":[{"taxonomy":"product_brand","embeddable":true,"href":"https:\/\/yotavis.ch\/fr\/wp-json\/wp\/v2\/product_brand?post=3579"},{"taxonomy":"product_cat","embeddable":true,"href":"https:\/\/yotavis.ch\/fr\/wp-json\/wp\/v2\/product_cat?post=3579"},{"taxonomy":"product_tag","embeddable":true,"href":"https:\/\/yotavis.ch\/fr\/wp-json\/wp\/v2\/product_tag?post=3579"}],"curies":[{"name":"wp","href":"https:\/\/api.w.org\/{rel}","templated":true}]}}