{"id":3580,"date":"2025-10-09T00:00:00","date_gmt":"2025-10-08T22:00:00","guid":{"rendered":"https:\/\/yotavis.ch\/product\/sdg2082x\/"},"modified":"2026-04-24T13:27:26","modified_gmt":"2026-04-24T11:27:26","slug":"sdg2082x","status":"publish","type":"product","link":"https:\/\/yotavis.ch\/fr\/produit\/sdg2082x\/","title":{"rendered":"SDG2082X"},"content":{"rendered":"<p>Le Siglent SDG2082X dispose d'une bande passante de 80MHz et offre 2 canaux de sortie de forme d'onde. Il supporte un taux d'\u00e9chantillonnage maximum de 1,2GSa\/s et offre une profondeur de m\u00e9moire allant de 8 points \u00e0 8 millions de points, ce qui permet une analyse d\u00e9taill\u00e9e des formes d'onde. L'appareil int\u00e8gre la technologie EasyPulse, qui am\u00e9liore ses capacit\u00e9s de g\u00e9n\u00e9ration d'impulsions. Il prend en charge les fonctions de balayage et de rafale, ce qui permet des options polyvalentes de g\u00e9n\u00e9ration de signaux. Le taux d'\u00e9chantillonnage est sp\u00e9cifi\u00e9 \u00e0 300MS\/s avec une capacit\u00e9 de m\u00e9moire de 8Mpts. Le temps de transition minimum est de 8,4 nanosecondes et la largeur d'impulsion minimum est de 16,3 nanosecondes. L'amplitude peut atteindre jusqu'\u00e0 10 volts, ce qui le rend adapt\u00e9 \u00e0 diverses applications de test et de mesure.<\/p>","protected":false},"excerpt":{"rendered":"<p>80MHz ; 2 canaux ; 1,2GSa\/s ; longueur d'onde : fonction 8pts-8Mpts\/sortie de forme d'onde arbitraire ; technologie EasyPulse<\/p>","protected":false},"featured_media":4925,"comment_status":"closed","ping_status":"closed","template":"","meta":{"_acf_changed":false,"slim_seo":{"title":"SDG2082X - YOTAVIS AG","description":"80MHz ; 2 canaux ; 1,2GSa\/s ; longueur d'onde : fonction 8pts-8Mpts\/sortie de forme d'onde arbitraire ; technologie EasyPulse"}},"product_brand":[506],"product_cat":[1189,541,513],"product_tag":[],"class_list":{"0":"post-3580","1":"product","2":"type-product","3":"status-publish","4":"has-post-thumbnail","6":"product_brand-siglent","7":"product_cat-afg","8":"product_cat-awg","9":"product_cat-generator","10":"pa_amplitude-v-106","11":"pa_burst-yes","12":"pa_channels-350","13":"pa_frequency-mhz-131","14":"pa_memory-mpts-128","15":"pa_pulse-width-min-ns-16-3","16":"pa_sampling-rate-ms-s-127","17":"pa_sweep-yes","18":"pa_transition-time-min-ns-8-4","19":"pa_vertical-resolution-bits-125","21":"first","22":"instock","23":"taxable","24":"shipping-taxable","25":"purchasable","26":"product-type-simple"},"acf":[],"_links":{"self":[{"href":"https:\/\/yotavis.ch\/fr\/wp-json\/wp\/v2\/product\/3580","targetHints":{"allow":["GET"]}}],"collection":[{"href":"https:\/\/yotavis.ch\/fr\/wp-json\/wp\/v2\/product"}],"about":[{"href":"https:\/\/yotavis.ch\/fr\/wp-json\/wp\/v2\/types\/product"}],"replies":[{"embeddable":true,"href":"https:\/\/yotavis.ch\/fr\/wp-json\/wp\/v2\/comments?post=3580"}],"wp:featuredmedia":[{"embeddable":true,"href":"https:\/\/yotavis.ch\/fr\/wp-json\/wp\/v2\/media\/4925"}],"wp:attachment":[{"href":"https:\/\/yotavis.ch\/fr\/wp-json\/wp\/v2\/media?parent=3580"}],"wp:term":[{"taxonomy":"product_brand","embeddable":true,"href":"https:\/\/yotavis.ch\/fr\/wp-json\/wp\/v2\/product_brand?post=3580"},{"taxonomy":"product_cat","embeddable":true,"href":"https:\/\/yotavis.ch\/fr\/wp-json\/wp\/v2\/product_cat?post=3580"},{"taxonomy":"product_tag","embeddable":true,"href":"https:\/\/yotavis.ch\/fr\/wp-json\/wp\/v2\/product_tag?post=3580"}],"curies":[{"name":"wp","href":"https:\/\/api.w.org\/{rel}","templated":true}]}}